{"id":3536,"date":"2024-09-04T15:31:56","date_gmt":"2024-09-04T13:31:56","guid":{"rendered":"https:\/\/dictator.ca\/?page_id=3536"},"modified":"2025-09-03T14:31:13","modified_gmt":"2025-09-03T12:31:13","slug":"contact","status":"publish","type":"page","link":"https:\/\/dictator.ca\/fr\/contact\/","title":{"rendered":"Contact"},"content":{"rendered":"\n<div class=\"wp-block-genesis-blocks-gb-columns gb-layout-columns-1 one-column\"><div class=\"gb-layout-column-wrap gb-block-layout-column-gap-2 gb-is-responsive-column\">\n<div class=\"wp-block-genesis-blocks-gb-column gb-block-layout-column\"><div class=\"gb-block-layout-column-inner\">\n<div class=\"wp-block-genesis-blocks-gb-columns gb-layout-columns-2 gb-2-col-wideleft\"><div class=\"gb-layout-column-wrap gb-block-layout-column-gap-2 gb-is-responsive-column\">\n<div class=\"wp-block-genesis-blocks-gb-column gb-block-layout-column\"><div class=\"gb-block-layout-column-inner\">\n\n\n<h1 class=\"wp-block-heading\" style=\"padding-top:var(--wp--preset--spacing--40);font-size:40px;text-transform:uppercase\">Contact<\/h1>\n\n\n\n<p>Vous souhaitez obtenir plus d&rsquo;informations sur l&rsquo;un de <a href=\"https:\/\/dictator.ca\/fr\/produits\/\">nos produits<\/a> ou vous avez une question \u00e0 nous poser ? Contactez DICTATOR Canada. Appelez-nous ou envoyez-nous un courriel &#8211; nous serions ravis de vous entendre.<\/p>\n\n\n<div class=\"frm_forms  with_frm_style frm_style_formidable-style\" id=\"frm_form_2_container\" data-token=\"ff355cb897eacddd1fc6af3cc04e7a50\">\n<form enctype=\"multipart\/form-data\" method=\"post\" class=\"frm-show-form  frm_js_validate \" id=\"form_contact-form2\" data-token=\"ff355cb897eacddd1fc6af3cc04e7a50\">\n<div class=\"frm_form_fields \">\n<fieldset>\n<legend class=\"frm_screen_reader\">Contactez-nous<\/legend>\r\n\r\n<div class=\"frm_fields_container\">\n<input type=\"hidden\" name=\"frm_action\" value=\"create\" \/>\n<input type=\"hidden\" name=\"form_id\" value=\"2\" \/>\n<input type=\"hidden\" name=\"frm_hide_fields_2\" id=\"frm_hide_fields_2\" value=\"\" \/>\n<input type=\"hidden\" name=\"form_key\" value=\"contact-form2\" \/>\n<input type=\"hidden\" name=\"item_meta[0]\" value=\"\" \/>\n<input type=\"hidden\" id=\"frm_submit_entry_2\" name=\"frm_submit_entry_2\" value=\"7b06698721\" \/><input type=\"hidden\" name=\"_wp_http_referer\" value=\"\/fr\/wp-json\/wp\/v2\/pages\/3536\" \/><div id=\"frm_field_10_container\" class=\"frm_form_field form-field  frm_required_field frm_top_container frm12 frm_first\">\r\n\t<label for=\"field_qh4icy2\" id=\"field_qh4icy2_label\" class=\"frm_primary_label\"><b>Pr\u00e9nom<\/b>\r\n\t\t<span class=\"frm_required\" aria-hidden=\"true\">*<\/span>\r\n\t<\/label>\r\n\t<input type=\"text\" id=\"field_qh4icy2\" name=\"item_meta[10]\" value=\"\"  data-reqmsg=\"&lt;b&gt;Pr\u00e9nom&lt;\/b&gt; cannot be blank.\" aria-required=\"true\" data-invmsg=\"&lt;b&gt;Pr\u00e9nom&lt;\/b&gt; is invalid\" aria-invalid=\"false\"  \/>\r\n\t\r\n\t\r\n<\/div>\n<div id=\"frm_field_11_container\" class=\"frm_form_field form-field  frm_required_field frm_top_container frm12 frm_first\">\r\n\t<label for=\"field_rldbf2\" id=\"field_rldbf2_label\" class=\"frm_primary_label\"><b>Nom<\/b>\r\n\t\t<span class=\"frm_required\" aria-hidden=\"true\">*<\/span>\r\n\t<\/label>\r\n\t<input type=\"text\" id=\"field_rldbf2\" name=\"item_meta[11]\" value=\"\"  data-reqmsg=\"&lt;b&gt;Nom&lt;\/b&gt; cannot be blank.\" aria-required=\"true\" data-invmsg=\"&lt;b&gt;Nom&lt;\/b&gt; is invalid\" aria-invalid=\"false\"  \/>\r\n\t\r\n\t\r\n<\/div>\n<div id=\"frm_field_12_container\" class=\"frm_form_field form-field  frm_required_field frm_top_container frm_full\">\r\n\t<label for=\"field_29yf4d2\" id=\"field_29yf4d2_label\" class=\"frm_primary_label\"><b>Email<\/b>\r\n\t\t<span class=\"frm_required\" aria-hidden=\"true\">*<\/span>\r\n\t<\/label>\r\n\t<input type=\"email\" id=\"field_29yf4d2\" name=\"item_meta[12]\" value=\"\"  data-reqmsg=\"&lt;b&gt;Email&lt;\/b&gt; cannot be blank.\" aria-required=\"true\" data-invmsg=\"Please enter a valid email address\" aria-invalid=\"false\"  \/>\r\n\t\r\n\t\r\n<\/div>\n<div id=\"frm_field_13_container\" class=\"frm_form_field form-field  frm_top_container\">\r\n\t<label for=\"field_hc7vv2\" id=\"field_hc7vv2_label\" class=\"frm_primary_label\"><b>T\u00e9l\u00e9phone<\/b>\r\n\t\t<span class=\"frm_required\" aria-hidden=\"true\"><\/span>\r\n\t<\/label>\r\n\t<input type=\"tel\" id=\"field_hc7vv2\" name=\"item_meta[13]\" value=\"\"  data-invmsg=\"&lt;b&gt;T\u00e9l\u00e9phone&lt;\/b&gt; is invalid\" aria-invalid=\"false\" pattern=\"((\\+\\d{1,3}(-|.| )?\\(?\\d\\)?(-| |.)?\\d{1,5})|(\\(?\\d{2,6}\\)?))(-|.| )?(\\d{3,4})(-|.| )?(\\d{4})(( x| ext)\\d{1,5}){0,1}$\"  \/>\r\n\t\r\n\t\r\n<\/div>\n<div id=\"frm_field_14_container\" class=\"frm_form_field form-field  frm_required_field frm_top_container frm_full\">\r\n\t<label for=\"field_9jv0r12\" id=\"field_9jv0r12_label\" class=\"frm_primary_label\"><b>Votre message<\/b>\r\n\t\t<span class=\"frm_required\" aria-hidden=\"true\">*<\/span>\r\n\t<\/label>\r\n\t<textarea name=\"item_meta[14]\" id=\"field_9jv0r12\" rows=\"5\"  data-reqmsg=\"&lt;b&gt;Votre message&lt;\/b&gt; cannot be blank.\" aria-required=\"true\" data-invmsg=\"&lt;b&gt;Votre message&lt;\/b&gt; is invalid\" aria-invalid=\"false\"  ><\/textarea>\r\n\t\r\n\t\r\n<\/div>\n<div id=\"frm_field_15_container\" class=\"frm_form_field form-field  frm_required_field frm_top_container vertical_radio\">\r\n\t<div  id=\"field_rl0ic2_label\" class=\"frm_primary_label\"><b>Protection de donn\u00e9es<\/b>\r\n\t\t<span class=\"frm_required\" aria-hidden=\"true\">*<\/span>\r\n\t<\/div>\r\n\t<div class=\"frm_opt_container\" aria-labelledby=\"field_rl0ic2_label\" role=\"group\">\t\t<div class=\"frm_checkbox\" id=\"frm_checkbox_15-0\">\t\t\t<label  for=\"field_rl0ic2-0\">\n\t\t\t<input type=\"checkbox\" name=\"item_meta[15][]\" id=\"field_rl0ic2-0\" value=\"J&#039;ai lu la &lt;a href=&quot;https:\/\/dictator.ca\/fr\/confidentialite\/&quot;&gt;politique de confidentialit\u00e9&lt;\/a&gt; et j&#039;accepte que mes donn\u00e9es personnelles soient utilis\u00e9es et trait\u00e9es dans le but d&#039;\u00e9tablir un contact. Mes donn\u00e9es seront utilis\u00e9es uniquement \u00e0 cette fin et ne seront pas divulgu\u00e9es \u00e0 des tiers.\"  data-reqmsg=\"&lt;b&gt;Protection de donn\u00e9es&lt;\/b&gt; cannot be blank.\" data-invmsg=\"&lt;b&gt;Protection de donn\u00e9es&lt;\/b&gt; is invalid\" aria-invalid=\"false\"   aria-required=\"true\"  \/> J'ai lu la <a href=\"https:\/\/dictator.ca\/fr\/confidentialite\/\">politique de confidentialit\u00e9<\/a> et j'accepte que mes donn\u00e9es personnelles soient utilis\u00e9es et trait\u00e9es dans le but d'\u00e9tablir un contact. Mes donn\u00e9es seront utilis\u00e9es uniquement \u00e0 cette fin et ne seront pas divulgu\u00e9es \u00e0 des tiers.<\/label><\/div>\n<\/div>\r\n\t\r\n\t\r\n<\/div>\n<div id=\"frm_field_16_container\" class=\"frm_form_field form-field \">\r\n\t<div class=\"frm_submit frm_flex\">\r\n<button class=\"frm_button_submit\" type=\"submit\"  >Submit<\/button>\r\n\r\n\r\n\r\n<\/div>\r\n<\/div>\n\t<input type=\"hidden\" name=\"item_key\" value=\"\" \/>\n\t\t\t<div id=\"frm_field_17_container\">\n\t\t\t<label for=\"field_fn55y\" >\n\t\t\t\tIf you are human, leave this field blank.\t\t\t<\/label>\n\t\t\t<input  id=\"field_fn55y\" type=\"text\" class=\"frm_form_field form-field frm_verify\" name=\"item_meta[17]\" value=\"\"  \/>\n\t\t<\/div>\n\t\t<input name=\"frm_state\" type=\"hidden\" value=\"i0qoaO2dwoke4usarycBiBRGZxu299mV2ozuGRr7xLQ=\" \/><\/div>\n<\/fieldset>\n<\/div>\n\n<\/form>\n<\/div>\n\n<\/div><\/div>\n\n\n\n<div class=\"wp-block-genesis-blocks-gb-column gb-block-layout-column\"><div class=\"gb-block-layout-column-inner\">\n<div class=\"wp-block-uagb-image uagb-block-28a3c7c6 wp-block-uagb-image--layout-default wp-block-uagb-image--effect-static wp-block-uagb-image--align-none\"><figure class=\"wp-block-uagb-image__figure\"><img decoding=\"async\" srcset=\"https:\/\/dictator.ca\/wp-content\/uploads\/2024\/07\/Icon-Beratung-blau-150x150.png ,https:\/\/dictator.ca\/wp-content\/uploads\/2024\/07\/Icon-Beratung-blau.png 780w, https:\/\/dictator.ca\/wp-content\/uploads\/2024\/07\/Icon-Beratung-blau.png 360w\" sizes=\"auto, (max-width: 480px) 150px\" src=\"https:\/\/dictator.ca\/wp-content\/uploads\/2024\/07\/Icon-Beratung-blau-150x150.png\" alt=\"Contactez DICTATOR Canada\" class=\"uag-image-2739\" width=\"150\" height=\"150\" title=\"Icon-Beratung-blau\" loading=\"lazy\" role=\"img\"\/><\/figure><\/div>\n\n\n\n<h2 class=\"wp-block-heading\">Adresse<\/h2>\n\n\n\n<p>Eklecmatic Inc.<br>77 City Centre Drive, Suite 501<br>Mississauga, L5B1M5<br>Ontario, CANADA<\/p>\n\n\n\n<h2 class=\"wp-block-heading\">Information de contact<\/h2>\n\n\n\n<p><strong>T\u00e9l.:<\/strong>&nbsp;+1 905 5316 417<br><strong>Email<\/strong>:&nbsp;<a href=\"mailto:sales@eklecmatic.ca\">sales@eklecmatic.ca<\/a><\/p>\n\n\n\n<h2 class=\"wp-block-heading\">Contact international<\/h2>\n\n\n\n<p>Vous pouvez trouver les coordonn\u00e9es de nos bureaux internationaux sur notre site web g\u00e9n\u00e9ral&nbsp;<a href=\"https:\/\/fr.dictator.de\/contact-international\/\" target=\"_blank\" rel=\"noreferrer noopener\">en cliquant ici<\/a>.<\/p>\n\n\n\n<h2 class=\"wp-block-heading\">Si\u00e8ge central<\/h2>\n\n\n\n<p>DICTATOR Technik GmbH<br>Gutenbergstr. 9<br>86356 Neusaess<br>Allemagne<br><a href=\"mailto:info@dictator.de\">info@dictator.de<\/a><br>+49 821 246730<\/p>\n<\/div><\/div>\n<\/div><\/div>\n<\/div><\/div>\n<\/div><\/div>\n","protected":false},"excerpt":{"rendered":"","protected":false},"author":2,"featured_media":0,"parent":0,"menu_order":0,"comment_status":"closed","ping_status":"closed","template":"","meta":{"_acf_changed":false,"_uag_custom_page_level_css":"","_genesis_hide_title":true,"_genesis_hide_breadcrumbs":false,"_genesis_hide_singular_image":false,"_genesis_hide_footer_widgets":false,"_genesis_custom_body_class":"","_genesis_custom_post_class":"","_genesis_layout":"","footnotes":""},"class_list":{"0":"post-3536","1":"page","2":"type-page","3":"status-publish","5":"entry"},"acf":[],"featured_image_src":null,"featured_image_src_square":null,"uagb_featured_image_src":{"full":false,"thumbnail":false,"medium":false,"medium_large":false,"large":false,"1536x1536":false,"2048x2048":false,"sidebar-featured":false,"genesis-singular-images":false,"gb-block-post-grid-landscape":false,"gb-block-post-grid-square":false},"uagb_author_info":{"display_name":"Verena W.","author_link":"https:\/\/dictator.ca\/fr\/author\/v-weilermann\/"},"uagb_comment_info":0,"uagb_excerpt":null,"_links":{"self":[{"href":"https:\/\/dictator.ca\/fr\/wp-json\/wp\/v2\/pages\/3536","targetHints":{"allow":["GET"]}}],"collection":[{"href":"https:\/\/dictator.ca\/fr\/wp-json\/wp\/v2\/pages"}],"about":[{"href":"https:\/\/dictator.ca\/fr\/wp-json\/wp\/v2\/types\/page"}],"author":[{"embeddable":true,"href":"https:\/\/dictator.ca\/fr\/wp-json\/wp\/v2\/users\/2"}],"replies":[{"embeddable":true,"href":"https:\/\/dictator.ca\/fr\/wp-json\/wp\/v2\/comments?post=3536"}],"version-history":[{"count":4,"href":"https:\/\/dictator.ca\/fr\/wp-json\/wp\/v2\/pages\/3536\/revisions"}],"predecessor-version":[{"id":4233,"href":"https:\/\/dictator.ca\/fr\/wp-json\/wp\/v2\/pages\/3536\/revisions\/4233"}],"wp:attachment":[{"href":"https:\/\/dictator.ca\/fr\/wp-json\/wp\/v2\/media?parent=3536"}],"curies":[{"name":"wp","href":"https:\/\/api.w.org\/{rel}","templated":true}]}}