{"id":3199,"date":"2023-12-13T12:17:55","date_gmt":"2023-12-13T11:17:55","guid":{"rendered":"https:\/\/dictator.ca\/?page_id=3199"},"modified":"2025-05-21T16:13:26","modified_gmt":"2025-05-21T14:13:26","slug":"amortisseurs-hydrauliques","status":"publish","type":"page","link":"https:\/\/dictator.ca\/fr\/produits\/amortisseurs-hydrauliques\/","title":{"rendered":"Amortisseurs hydrauliques"},"content":{"rendered":"\n<div class=\"wp-block-genesis-blocks-gb-columns gb-layout-columns-1 one-column\"><div class=\"gb-layout-column-wrap gb-block-layout-column-gap-2 gb-is-responsive-column\">\n<div class=\"wp-block-genesis-blocks-gb-column gb-block-layout-column\"><div class=\"gb-block-layout-column-inner\">\n\n\n<h1 class=\"wp-block-heading\" style=\"padding-top:var(--wp--preset--spacing--40);font-size:40px;text-transform:uppercase\">Amortisseurs hydrauliques<\/h1>\n\n\n\n<p>Les amortisseurs hydrauliques DICTATOR comprennent&nbsp;une grande vari\u00e9t\u00e9 d\u2019amortisseurs lin\u00e9aires, comme des amortisseurs de fin de course, des amortisseurs en montage fixe ou des amortisseurs de grande capacit\u00e9.&nbsp;DICTATOR offre aussi une large &nbsp;palette d\u2019amortisseurs radiaux.<\/p>\n\n\n\n<p>En plus de la grande gamme standard, nous fabriquons des amortisseurs selon les exigences des clients, y compris \u00e0 l\u2019unit\u00e9.<\/p>\n\n\n\n<div class=\"wp-block-uagb-container uagb-layout-grid uagb-block-c42f61f0 alignfull uagb-is-root-container\"><div class=\"uagb-container-inner-blocks-wrap\">\n<div class=\"wp-block-uagb-container uagb-block-2151ad33 default uagb-is-root-container\">\n<div class=\"wp-block-uagb-image aligncenter uagb-block-c4f29346 wp-block-uagb-image--layout-default wp-block-uagb-image--effect-static wp-block-uagb-image--align-center\"><figure class=\"wp-block-uagb-image__figure\"><a class=\"\" href=\"https:\/\/fr.dictator.de\/produits\/amortisseurs-hydrauliques\/amortisseurs-de-fin-de-course\/\" target=\"_blank\" rel=\"noreferrer noopener\"><img decoding=\"async\" srcset=\"https:\/\/dictator.ca\/wp-content\/uploads\/2024\/07\/Final-dampers.jpg ,https:\/\/dictator.ca\/wp-content\/uploads\/2024\/07\/Final-dampers.jpg 780w, https:\/\/dictator.ca\/wp-content\/uploads\/2024\/07\/Final-dampers.jpg 360w\" sizes=\"auto, (max-width: 480px) 150px\" src=\"https:\/\/dictator.ca\/wp-content\/uploads\/2024\/07\/Final-dampers.jpg\" alt=\"\" class=\"uag-image-2535\" width=\"200\" height=\"200\" title=\"Final dampers\" loading=\"lazy\" role=\"img\"\/><\/a><\/figure><\/div>\n\n\n\n<div class=\"wp-block-uagb-advanced-heading uagb-block-e1e05fc6\"><h4 class=\"uagb-heading-text\">Amortisseurs de fin de course<\/h4><\/div>\n\n\n\n<p class=\"has-small-font-size\">Les amortisseurs de fin de course DICTATOR travaillent d\u2019un ou de deux c\u00f4t\u00e9s. A c\u00f4t\u00e9 de la gamme extr\u00eamement grande des amortisseurs standards, nous concevons et fabriquons aussi des amortisseurs selon les exigences des clients \u2013 bien s\u00fbr en petites quantit\u00e9s ou m\u00eame \u00e0 l\u2019unit\u00e9.<\/p>\n\n\n\n<div class=\"wp-block-uagb-buttons uagb-buttons__outer-wrap uagb-btn__small-btn uagb-btn-tablet__default-btn uagb-btn-mobile__default-btn uagb-block-041cacdf\"><div class=\"uagb-buttons__wrap uagb-buttons-layout-wrap \">\n<div class=\"wp-block-uagb-buttons-child uagb-buttons__outer-wrap uagb-block-2690ebee wp-block-button\"><div class=\"uagb-button__wrapper\"><a class=\"uagb-buttons-repeater wp-block-button__link\" aria-label=\"\" href=\"https:\/\/fr.dictator.de\/produits\/amortisseurs-hydrauliques\/amortisseurs-de-fin-de-course\/\" rel=\"follow noopener\" target=\"_self\" role=\"button\"><div class=\"uagb-button__link\">Lire Plus<\/div><span class=\"uagb-button__icon uagb-button__icon-position-after\"><svg xmlns=\"https:\/\/www.w3.org\/2000\/svg\" viewBox=\"0 0 448 512\" aria-hidden=\"true\" focussable=\"false\"><path d=\"M256 64C256 46.33 270.3 32 288 32H415.1C415.1 32 415.1 32 415.1 32C420.3 32 424.5 32.86 428.2 34.43C431.1 35.98 435.5 38.27 438.6 41.3C438.6 41.35 438.6 41.4 438.7 41.44C444.9 47.66 447.1 55.78 448 63.9C448 63.94 448 63.97 448 64V192C448 209.7 433.7 224 416 224C398.3 224 384 209.7 384 192V141.3L214.6 310.6C202.1 323.1 181.9 323.1 169.4 310.6C156.9 298.1 156.9 277.9 169.4 265.4L338.7 96H288C270.3 96 256 81.67 256 64V64zM0 128C0 92.65 28.65 64 64 64H160C177.7 64 192 78.33 192 96C192 113.7 177.7 128 160 128H64V416H352V320C352 302.3 366.3 288 384 288C401.7 288 416 302.3 416 320V416C416 451.3 387.3 480 352 480H64C28.65 480 0 451.3 0 416V128z\"><\/path><\/svg><\/span><\/a><\/div><\/div>\n<\/div><\/div>\n<\/div>\n\n\n\n<div class=\"wp-block-uagb-container uagb-block-c68ceaa1 default uagb-is-root-container\">\n<div class=\"wp-block-uagb-image aligncenter uagb-block-acee9c93 wp-block-uagb-image--layout-default wp-block-uagb-image--effect-static wp-block-uagb-image--align-center\"><figure class=\"wp-block-uagb-image__figure\"><a class=\"\" href=\"https:\/\/fr.dictator.de\/produits\/amortisseurs-hydrauliques\/amortisseurs-en-montage-fixe\/\" target=\"_blank\" rel=\"noreferrer noopener\"><img decoding=\"async\" srcset=\"https:\/\/dictator.ca\/wp-content\/uploads\/2024\/07\/Oil-dampers.jpg ,https:\/\/dictator.ca\/wp-content\/uploads\/2024\/07\/Oil-dampers.jpg 780w, https:\/\/dictator.ca\/wp-content\/uploads\/2024\/07\/Oil-dampers.jpg 360w\" sizes=\"auto, (max-width: 480px) 150px\" src=\"https:\/\/dictator.ca\/wp-content\/uploads\/2024\/07\/Oil-dampers.jpg\" alt=\"\" class=\"uag-image-2537\" width=\"200\" height=\"200\" title=\"Oil dampers\" loading=\"lazy\" role=\"img\"\/><\/a><\/figure><\/div>\n\n\n\n<div class=\"wp-block-uagb-advanced-heading uagb-block-7d86b78d\"><h4 class=\"uagb-heading-text\">Amortisseurs en montage fixe<\/h4><\/div>\n\n\n\n<p class=\"has-small-font-size\">L\u2019ext\u00e9rieur des amortisseurs en montage fixe ressemble \u00e0 un ressort \u00e0 gaz. Mais au contraire d\u2019un ressort \u00e0 gaz, ils veillent \u00e0 ce que la trappe ou des objets similaires soient amortis sur tout leur trajet et s\u2019ouvrent\/ferment \u00e0 une vitesse contr\u00f4l\u00e9e.<\/p>\n\n\n\n<div class=\"wp-block-uagb-buttons uagb-buttons__outer-wrap uagb-btn__small-btn uagb-btn-tablet__default-btn uagb-btn-mobile__default-btn uagb-block-6f5fd1d8\"><div class=\"uagb-buttons__wrap uagb-buttons-layout-wrap \">\n<div class=\"wp-block-uagb-buttons-child uagb-buttons__outer-wrap uagb-block-01b16250 wp-block-button\"><div class=\"uagb-button__wrapper\"><a class=\"uagb-buttons-repeater wp-block-button__link\" aria-label=\"\" href=\"https:\/\/fr.dictator.de\/produits\/amortisseurs-hydrauliques\/amortisseurs-en-montage-fixe\/\" rel=\"follow noopener\" target=\"_blank\" role=\"button\"><div class=\"uagb-button__link\">Lire Plus<\/div><span class=\"uagb-button__icon uagb-button__icon-position-after\"><svg xmlns=\"https:\/\/www.w3.org\/2000\/svg\" viewBox=\"0 0 448 512\" aria-hidden=\"true\" focussable=\"false\"><path d=\"M256 64C256 46.33 270.3 32 288 32H415.1C415.1 32 415.1 32 415.1 32C420.3 32 424.5 32.86 428.2 34.43C431.1 35.98 435.5 38.27 438.6 41.3C438.6 41.35 438.6 41.4 438.7 41.44C444.9 47.66 447.1 55.78 448 63.9C448 63.94 448 63.97 448 64V192C448 209.7 433.7 224 416 224C398.3 224 384 209.7 384 192V141.3L214.6 310.6C202.1 323.1 181.9 323.1 169.4 310.6C156.9 298.1 156.9 277.9 169.4 265.4L338.7 96H288C270.3 96 256 81.67 256 64V64zM0 128C0 92.65 28.65 64 64 64H160C177.7 64 192 78.33 192 96C192 113.7 177.7 128 160 128H64V416H352V320C352 302.3 366.3 288 384 288C401.7 288 416 302.3 416 320V416C416 451.3 387.3 480 352 480H64C28.65 480 0 451.3 0 416V128z\"><\/path><\/svg><\/span><\/a><\/div><\/div>\n<\/div><\/div>\n<\/div>\n\n\n\n<div class=\"wp-block-uagb-container uagb-block-139e2923 default uagb-is-root-container\">\n<div class=\"wp-block-uagb-image aligncenter uagb-block-ac0e9b81 wp-block-uagb-image--layout-default wp-block-uagb-image--effect-static wp-block-uagb-image--align-center\"><figure class=\"wp-block-uagb-image__figure\"><a class=\"\" href=\"https:\/\/fr.dictator.de\/produits\/amortisseurs-hydrauliques\/amortisseurs-radiaux\/\" target=\"_blank\" rel=\"noreferrer noopener\"><img decoding=\"async\" srcset=\"https:\/\/dictator.ca\/wp-content\/uploads\/2024\/01\/Radiaaldempers.jpg ,https:\/\/dictator.ca\/wp-content\/uploads\/2024\/01\/Radiaaldempers.jpg 780w, https:\/\/dictator.ca\/wp-content\/uploads\/2024\/01\/Radiaaldempers.jpg 360w\" sizes=\"auto, (max-width: 480px) 150px\" src=\"https:\/\/dictator.ca\/wp-content\/uploads\/2024\/01\/Radiaaldempers.jpg\" alt=\"\" class=\"uag-image-1876\" width=\"200\" height=\"200\" title=\"Radiaaldempers\" loading=\"lazy\" role=\"img\"\/><\/a><\/figure><\/div>\n\n\n\n<div class=\"wp-block-uagb-advanced-heading uagb-block-834cd21f\"><h4 class=\"uagb-heading-text\">Amortisseurs radiaux<\/h4><\/div>\n\n\n\n<p class=\"has-small-font-size\">Les amortisseurs radiaux DICTATOR contr\u00f4lent la vitesse des portes et portails coulissants sur toute leur course. Plus sp\u00e9cialement, l\u2019amortisseur radial \u00e0 lamelles \u00ab\u00a0nouveau\u00a0\u00bb facilite des solutions personnalis\u00e9es pour les mouvements rotatifs et en translation les plus diff\u00e9rents.<\/p>\n\n\n\n<div class=\"wp-block-uagb-buttons uagb-buttons__outer-wrap uagb-btn__small-btn uagb-btn-tablet__default-btn uagb-btn-mobile__default-btn uagb-block-e0437532\"><div class=\"uagb-buttons__wrap uagb-buttons-layout-wrap \">\n<div class=\"wp-block-uagb-buttons-child uagb-buttons__outer-wrap uagb-block-dcf9bf10 wp-block-button\"><div class=\"uagb-button__wrapper\"><a class=\"uagb-buttons-repeater wp-block-button__link\" aria-label=\"\" href=\"https:\/\/fr.dictator.de\/produits\/amortisseurs-hydrauliques\/amortisseurs-radiaux\/\" rel=\"follow noopener\" target=\"_blank\" role=\"button\"><div class=\"uagb-button__link\">Lire Plus<\/div><span class=\"uagb-button__icon uagb-button__icon-position-after\"><svg xmlns=\"https:\/\/www.w3.org\/2000\/svg\" viewBox=\"0 0 448 512\" aria-hidden=\"true\" focussable=\"false\"><path d=\"M256 64C256 46.33 270.3 32 288 32H415.1C415.1 32 415.1 32 415.1 32C420.3 32 424.5 32.86 428.2 34.43C431.1 35.98 435.5 38.27 438.6 41.3C438.6 41.35 438.6 41.4 438.7 41.44C444.9 47.66 447.1 55.78 448 63.9C448 63.94 448 63.97 448 64V192C448 209.7 433.7 224 416 224C398.3 224 384 209.7 384 192V141.3L214.6 310.6C202.1 323.1 181.9 323.1 169.4 310.6C156.9 298.1 156.9 277.9 169.4 265.4L338.7 96H288C270.3 96 256 81.67 256 64V64zM0 128C0 92.65 28.65 64 64 64H160C177.7 64 192 78.33 192 96C192 113.7 177.7 128 160 128H64V416H352V320C352 302.3 366.3 288 384 288C401.7 288 416 302.3 416 320V416C416 451.3 387.3 480 352 480H64C28.65 480 0 451.3 0 416V128z\"><\/path><\/svg><\/span><\/a><\/div><\/div>\n<\/div><\/div>\n<\/div>\n\n\n\n<div class=\"wp-block-uagb-container uagb-block-9a96e5ae default uagb-is-root-container\">\n<div class=\"wp-block-uagb-image aligncenter uagb-block-d126e1ca wp-block-uagb-image--layout-default wp-block-uagb-image--effect-static wp-block-uagb-image--align-center\"><figure class=\"wp-block-uagb-image__figure\"><a class=\"\" href=\"https:\/\/dictator.ca\/fr\/produits\/fermes-portes-accessoires\/amortisseurs-de-porte\/\" target=\"\" rel=\"noopener\"><img decoding=\"async\" srcset=\"https:\/\/dictator.ca\/wp-content\/uploads\/2024\/07\/Door-damper-universal-V-1600.jpg ,https:\/\/dictator.ca\/wp-content\/uploads\/2024\/07\/Door-damper-universal-V-1600.jpg 780w, https:\/\/dictator.ca\/wp-content\/uploads\/2024\/07\/Door-damper-universal-V-1600.jpg 360w\" sizes=\"auto, (max-width: 480px) 150px\" src=\"https:\/\/dictator.ca\/wp-content\/uploads\/2024\/07\/Door-damper-universal-V-1600.jpg\" alt=\"\" class=\"uag-image-3074\" width=\"200\" height=\"200\" title=\"Door damper universal V 1600\" loading=\"lazy\" role=\"img\"\/><\/a><\/figure><\/div>\n\n\n\n<div class=\"wp-block-uagb-advanced-heading uagb-block-c10bc3df\"><h4 class=\"uagb-heading-text\">Amortisseurs de porte<\/h4><\/div>\n\n\n\n<p class=\"has-small-font-size\">Les amortisseurs de porte DICTATOR sont con\u00e7us pour attraper une porte juste avant qu&rsquo;elle ne se ferme et la tirer doucement et silencieusement vers le bas. Ils emp\u00eachent les nuisances sonores, maintiennent la porte ferm\u00e9e et prot\u00e8gent la porte et l&rsquo;huisserie contre les dommages.<\/p>\n\n\n\n<div class=\"wp-block-uagb-buttons uagb-buttons__outer-wrap uagb-btn__small-btn uagb-btn-tablet__default-btn uagb-btn-mobile__default-btn uagb-block-9eed06e9\"><div class=\"uagb-buttons__wrap uagb-buttons-layout-wrap \">\n<div class=\"wp-block-uagb-buttons-child uagb-buttons__outer-wrap uagb-block-e961c939 wp-block-button\"><div class=\"uagb-button__wrapper\"><a class=\"uagb-buttons-repeater wp-block-button__link\" aria-label=\"\" href=\"https:\/\/dictator.ca\/fr\/produits\/fermes-portes-accessoires\/amortisseurs-de-porte\/\" rel=\"follow noopener\" target=\"_self\" role=\"button\"><div class=\"uagb-button__link\">Lire Plus<\/div><span class=\"uagb-button__icon uagb-button__icon-position-after\"><svg xmlns=\"https:\/\/www.w3.org\/2000\/svg\" viewBox=\"0 0 448 512\" aria-hidden=\"true\" focussable=\"false\"><path d=\"M438.6 278.6l-160 160C272.4 444.9 264.2 448 256 448s-16.38-3.125-22.62-9.375c-12.5-12.5-12.5-32.75 0-45.25L338.8 288H32C14.33 288 .0016 273.7 .0016 256S14.33 224 32 224h306.8l-105.4-105.4c-12.5-12.5-12.5-32.75 0-45.25s32.75-12.5 45.25 0l160 160C451.1 245.9 451.1 266.1 438.6 278.6z\"><\/path><\/svg><\/span><\/a><\/div><\/div>\n<\/div><\/div>\n<\/div>\n\n\n\n<div class=\"wp-block-uagb-container uagb-block-4f7cb9f4 default uagb-is-root-container\">\n<div class=\"wp-block-uagb-image aligncenter uagb-block-089ee230 wp-block-uagb-image--layout-default wp-block-uagb-image--effect-static wp-block-uagb-image--align-center\"><figure class=\"wp-block-uagb-image__figure\"><a class=\"\" href=\"https:\/\/dictator.ca\/fr\/produits\/fermes-portes-accessoires\/limiteurs-douverture\/\" target=\"\" rel=\"noopener\"><img decoding=\"async\" srcset=\"https:\/\/dictator.ca\/wp-content\/uploads\/2024\/07\/Back-checks.jpg ,https:\/\/dictator.ca\/wp-content\/uploads\/2024\/07\/Back-checks.jpg 780w, https:\/\/dictator.ca\/wp-content\/uploads\/2024\/07\/Back-checks.jpg 360w\" sizes=\"auto, (max-width: 480px) 150px\" src=\"https:\/\/dictator.ca\/wp-content\/uploads\/2024\/07\/Back-checks.jpg\" alt=\"\" class=\"uag-image-2523\" width=\"200\" height=\"200\" title=\"Back checks\" loading=\"lazy\" role=\"img\"\/><\/a><\/figure><\/div>\n\n\n\n<div class=\"wp-block-uagb-advanced-heading uagb-block-ffbef23d\"><h4 class=\"uagb-heading-text\">Amortisseurs \/ Limiteurs d&rsquo;ouverture<\/h4><\/div>\n\n\n\n<p class=\"has-small-font-size\">Les amortisseurs \/ limiteurs d&rsquo;ouverture DICTATOR contr\u00f4lent le mouvement des portes battantes sur tout leur trajet. Ils limitent \u00e9galement l&rsquo;angle d&rsquo;ouverture des portes. Ces amortisseurs pr\u00e9viennent une ouverture brusque caus\u00e9e par un coup de vent. Cela r\u00e9duit le risque de casse d&rsquo;une porte vitr\u00e9e ou de d\u00e9gradation des paumelles.<\/p>\n\n\n\n<div class=\"wp-block-uagb-buttons uagb-buttons__outer-wrap uagb-btn__small-btn uagb-btn-tablet__default-btn uagb-btn-mobile__default-btn uagb-block-4b630070\"><div class=\"uagb-buttons__wrap uagb-buttons-layout-wrap \">\n<div class=\"wp-block-uagb-buttons-child uagb-buttons__outer-wrap uagb-block-22f134ec wp-block-button\"><div class=\"uagb-button__wrapper\"><a class=\"uagb-buttons-repeater wp-block-button__link\" aria-label=\"\" href=\"https:\/\/dictator.ca\/fr\/produits\/fermes-portes-accessoires\/limiteurs-douverture\/\" rel=\"follow noopener\" target=\"_self\" role=\"button\"><div class=\"uagb-button__link\">Lire Plus<\/div><span class=\"uagb-button__icon uagb-button__icon-position-after\"><svg xmlns=\"https:\/\/www.w3.org\/2000\/svg\" viewBox=\"0 0 448 512\" aria-hidden=\"true\" focussable=\"false\"><path d=\"M438.6 278.6l-160 160C272.4 444.9 264.2 448 256 448s-16.38-3.125-22.62-9.375c-12.5-12.5-12.5-32.75 0-45.25L338.8 288H32C14.33 288 .0016 273.7 .0016 256S14.33 224 32 224h306.8l-105.4-105.4c-12.5-12.5-12.5-32.75 0-45.25s32.75-12.5 45.25 0l160 160C451.1 245.9 451.1 266.1 438.6 278.6z\"><\/path><\/svg><\/span><\/a><\/div><\/div>\n<\/div><\/div>\n<\/div>\n<\/div><\/div>\n<\/div><\/div>\n<\/div><\/div>\n","protected":false},"excerpt":{"rendered":"","protected":false},"author":3,"featured_media":0,"parent":3098,"menu_order":0,"comment_status":"closed","ping_status":"closed","template":"","meta":{"_acf_changed":false,"_uag_custom_page_level_css":"","_genesis_hide_title":true,"_genesis_hide_breadcrumbs":false,"_genesis_hide_singular_image":false,"_genesis_hide_footer_widgets":false,"_genesis_custom_body_class":"","_genesis_custom_post_class":"","_genesis_layout":"","footnotes":""},"class_list":{"0":"post-3199","1":"page","2":"type-page","3":"status-publish","5":"entry"},"acf":[],"featured_image_src":null,"featured_image_src_square":null,"uagb_featured_image_src":{"full":false,"thumbnail":false,"medium":false,"medium_large":false,"large":false,"1536x1536":false,"2048x2048":false,"sidebar-featured":false,"genesis-singular-images":false,"gb-block-post-grid-landscape":false,"gb-block-post-grid-square":false},"uagb_author_info":{"display_name":"Tanja L.","author_link":"https:\/\/dictator.ca\/fr\/author\/t-lang\/"},"uagb_comment_info":0,"uagb_excerpt":null,"_links":{"self":[{"href":"https:\/\/dictator.ca\/fr\/wp-json\/wp\/v2\/pages\/3199","targetHints":{"allow":["GET"]}}],"collection":[{"href":"https:\/\/dictator.ca\/fr\/wp-json\/wp\/v2\/pages"}],"about":[{"href":"https:\/\/dictator.ca\/fr\/wp-json\/wp\/v2\/types\/page"}],"author":[{"embeddable":true,"href":"https:\/\/dictator.ca\/fr\/wp-json\/wp\/v2\/users\/3"}],"replies":[{"embeddable":true,"href":"https:\/\/dictator.ca\/fr\/wp-json\/wp\/v2\/comments?post=3199"}],"version-history":[{"count":7,"href":"https:\/\/dictator.ca\/fr\/wp-json\/wp\/v2\/pages\/3199\/revisions"}],"predecessor-version":[{"id":4163,"href":"https:\/\/dictator.ca\/fr\/wp-json\/wp\/v2\/pages\/3199\/revisions\/4163"}],"up":[{"embeddable":true,"href":"https:\/\/dictator.ca\/fr\/wp-json\/wp\/v2\/pages\/3098"}],"wp:attachment":[{"href":"https:\/\/dictator.ca\/fr\/wp-json\/wp\/v2\/media?parent=3199"}],"curies":[{"name":"wp","href":"https:\/\/api.w.org\/{rel}","templated":true}]}}