{"id":3185,"date":"2023-12-13T12:14:57","date_gmt":"2023-12-13T11:14:57","guid":{"rendered":"https:\/\/dictator.ca\/?page_id=3185"},"modified":"2025-05-21T16:15:14","modified_gmt":"2025-05-21T14:15:14","slug":"motorisation-portes-coupe-feu","status":"publish","type":"page","link":"https:\/\/dictator.ca\/fr\/produits\/motorisation-portes-coupe-feu\/","title":{"rendered":"Motorisation pour portes coupe-feu"},"content":{"rendered":"\n<div class=\"wp-block-genesis-blocks-gb-columns gb-layout-columns-1 one-column\"><div class=\"gb-layout-column-wrap gb-block-layout-column-gap-2 gb-is-responsive-column\">\n<div class=\"wp-block-genesis-blocks-gb-column gb-block-layout-column\"><div class=\"gb-block-layout-column-inner\">\n\n\n<h1 class=\"wp-block-heading\" style=\"padding-top:var(--wp--preset--spacing--40);font-size:40px;text-transform:uppercase\">Motorisations pour portes coupe-feu<\/h1>\n\n\n\n<p>La pr\u00e9vention des incendies est, depuis des d\u00e9cennies, une des comp\u00e9tences cl\u00e9 de DICTATOR. Afin que le confort ne soit pas n\u00e9glig\u00e9 tout en conservant une protection optimale, DICTATOR propose des motorisations pour portes coupe-feu et des composants diff\u00e9rents pour le d\u00e9placement de cettes portes selon les exigences du client \u2013 d\u2019un seul composant seul jusqu\u2019\u00e0 une motorisation automatique compl\u00e8te.<\/p>\n\n\n\n<div class=\"wp-block-uagb-container uagb-layout-grid uagb-block-c42f61f0 alignfull uagb-is-root-container\"><div class=\"uagb-container-inner-blocks-wrap\">\n<div class=\"wp-block-uagb-container uagb-block-2151ad33 default uagb-is-root-container\">\n<div class=\"wp-block-uagb-image aligncenter uagb-block-c4f29346 wp-block-uagb-image--layout-default wp-block-uagb-image--effect-static wp-block-uagb-image--align-center\"><figure class=\"wp-block-uagb-image__figure\"><a class=\"\" href=\"https:\/\/fr.dictator.de\/produits\/motorisations-pour-portes-coupe-feu\/motorisations-pour-portes-coulissante\/\" target=\"_blank\" rel=\"noreferrer noopener\"><img decoding=\"async\" srcset=\"https:\/\/dictator.ca\/wp-content\/uploads\/2024\/10\/Fully-automatic-operators-fire-doors.jpg ,https:\/\/dictator.ca\/wp-content\/uploads\/2024\/10\/Fully-automatic-operators-fire-doors.jpg 780w, https:\/\/dictator.ca\/wp-content\/uploads\/2024\/10\/Fully-automatic-operators-fire-doors.jpg 360w\" sizes=\"auto, (max-width: 480px) 150px\" src=\"https:\/\/dictator.ca\/wp-content\/uploads\/2024\/10\/Fully-automatic-operators-fire-doors.jpg\" alt=\"\" class=\"uag-image-3650\" width=\"200\" height=\"200\" title=\"Fully-automatic-operators-fire-doors\" loading=\"lazy\" role=\"img\"\/><\/a><\/figure><\/div>\n\n\n\n<div class=\"wp-block-uagb-advanced-heading uagb-block-e1e05fc6\"><h4 class=\"uagb-heading-text\">Motorisations pour portes coulissantes<\/h4><\/div>\n\n\n\n<p class=\"has-small-font-size\">Nous mettons \u00e0 votre disposition plusieurs types de motorisation coupe-feu DICTATOR. Selon le poids et la dimension de la porte, on peut utiliser des motorisations \u00e0 courant triphas\u00e9 ou continu. Pour fermer la porte on utilise soit un contrepoids soit un ressort.<\/p>\n\n\n\n<div class=\"wp-block-uagb-buttons uagb-buttons__outer-wrap uagb-btn__small-btn uagb-btn-tablet__default-btn uagb-btn-mobile__default-btn uagb-block-041cacdf\"><div class=\"uagb-buttons__wrap uagb-buttons-layout-wrap \">\n<div class=\"wp-block-uagb-buttons-child uagb-buttons__outer-wrap uagb-block-2690ebee wp-block-button\"><div class=\"uagb-button__wrapper\"><a class=\"uagb-buttons-repeater wp-block-button__link\" aria-label=\"\" href=\"https:\/\/fr.dictator.de\/produits\/motorisations-pour-portes-coupe-feu\/motorisations-pour-portes-coulissante\/\" rel=\"follow noopener\" target=\"_self\" role=\"button\"><div class=\"uagb-button__link\">Lire plus<\/div><span class=\"uagb-button__icon uagb-button__icon-position-after\"><svg xmlns=\"https:\/\/www.w3.org\/2000\/svg\" viewBox=\"0 0 448 512\" aria-hidden=\"true\" focussable=\"false\"><path d=\"M256 64C256 46.33 270.3 32 288 32H415.1C415.1 32 415.1 32 415.1 32C420.3 32 424.5 32.86 428.2 34.43C431.1 35.98 435.5 38.27 438.6 41.3C438.6 41.35 438.6 41.4 438.7 41.44C444.9 47.66 447.1 55.78 448 63.9C448 63.94 448 63.97 448 64V192C448 209.7 433.7 224 416 224C398.3 224 384 209.7 384 192V141.3L214.6 310.6C202.1 323.1 181.9 323.1 169.4 310.6C156.9 298.1 156.9 277.9 169.4 265.4L338.7 96H288C270.3 96 256 81.67 256 64V64zM0 128C0 92.65 28.65 64 64 64H160C177.7 64 192 78.33 192 96C192 113.7 177.7 128 160 128H64V416H352V320C352 302.3 366.3 288 384 288C401.7 288 416 302.3 416 320V416C416 451.3 387.3 480 352 480H64C28.65 480 0 451.3 0 416V128z\"><\/path><\/svg><\/span><\/a><\/div><\/div>\n<\/div><\/div>\n<\/div>\n\n\n\n<div class=\"wp-block-uagb-container uagb-block-c68ceaa1 default uagb-is-root-container\">\n<div class=\"wp-block-uagb-image aligncenter uagb-block-acee9c93 wp-block-uagb-image--layout-default wp-block-uagb-image--effect-static wp-block-uagb-image--align-center\"><figure class=\"wp-block-uagb-image__figure\"><a class=\"\" href=\"https:\/\/fr.dictator.de\/produits\/motorisations-pour-portes-coupe-feu\/motorisations-semi-automatiques\/\" target=\"_blank\" rel=\"noreferrer noopener\"><img decoding=\"async\" srcset=\"https:\/\/dictator.ca\/wp-content\/uploads\/2024\/10\/Semiautomatic-operators-fire-doors.jpg ,https:\/\/dictator.ca\/wp-content\/uploads\/2024\/10\/Semiautomatic-operators-fire-doors.jpg 780w, https:\/\/dictator.ca\/wp-content\/uploads\/2024\/10\/Semiautomatic-operators-fire-doors.jpg 360w\" sizes=\"auto, (max-width: 480px) 150px\" src=\"https:\/\/dictator.ca\/wp-content\/uploads\/2024\/10\/Semiautomatic-operators-fire-doors.jpg\" alt=\"\" class=\"uag-image-3652\" width=\"200\" height=\"200\" title=\"Semiautomatic-operators-fire-doors\" loading=\"lazy\" role=\"img\"\/><\/a><\/figure><\/div>\n\n\n\n<div class=\"wp-block-uagb-advanced-heading uagb-block-7d86b78d\"><h4 class=\"uagb-heading-text\">Motorisations semi-automatiques<\/h4><\/div>\n\n\n\n<p class=\"has-small-font-size\">Les motorisations coupe-feu semi-automatiques pour des portes coulissantes sont une alternative plus \u00e9conomique. Il faut ouvrir la porte \u00e0 la main, puis elle se fermera automatiquement \u00e0 une vitesse contr\u00f4l\u00e9e.<\/p>\n\n\n\n<div class=\"wp-block-uagb-buttons uagb-buttons__outer-wrap uagb-btn__small-btn uagb-btn-tablet__default-btn uagb-btn-mobile__default-btn uagb-block-6f5fd1d8\"><div class=\"uagb-buttons__wrap uagb-buttons-layout-wrap \">\n<div class=\"wp-block-uagb-buttons-child uagb-buttons__outer-wrap uagb-block-01b16250 wp-block-button\"><div class=\"uagb-button__wrapper\"><a class=\"uagb-buttons-repeater wp-block-button__link\" aria-label=\"\" href=\"https:\/\/fr.dictator.de\/produits\/motorisations-pour-portes-coupe-feu\/motorisations-semi-automatiques\/\" rel=\"follow noopener\" target=\"_blank\" role=\"button\"><div class=\"uagb-button__link\">Lire Plus<\/div><span class=\"uagb-button__icon uagb-button__icon-position-after\"><svg xmlns=\"https:\/\/www.w3.org\/2000\/svg\" viewBox=\"0 0 448 512\" aria-hidden=\"true\" focussable=\"false\"><path d=\"M256 64C256 46.33 270.3 32 288 32H415.1C415.1 32 415.1 32 415.1 32C420.3 32 424.5 32.86 428.2 34.43C431.1 35.98 435.5 38.27 438.6 41.3C438.6 41.35 438.6 41.4 438.7 41.44C444.9 47.66 447.1 55.78 448 63.9C448 63.94 448 63.97 448 64V192C448 209.7 433.7 224 416 224C398.3 224 384 209.7 384 192V141.3L214.6 310.6C202.1 323.1 181.9 323.1 169.4 310.6C156.9 298.1 156.9 277.9 169.4 265.4L338.7 96H288C270.3 96 256 81.67 256 64V64zM0 128C0 92.65 28.65 64 64 64H160C177.7 64 192 78.33 192 96C192 113.7 177.7 128 160 128H64V416H352V320C352 302.3 366.3 288 384 288C401.7 288 416 302.3 416 320V416C416 451.3 387.3 480 352 480H64C28.65 480 0 451.3 0 416V128z\"><\/path><\/svg><\/span><\/a><\/div><\/div>\n<\/div><\/div>\n<\/div>\n\n\n\n<div class=\"wp-block-uagb-container uagb-block-c4c602e7 default uagb-is-root-container\">\n<div class=\"wp-block-uagb-image aligncenter uagb-block-67101ef7 wp-block-uagb-image--layout-default wp-block-uagb-image--effect-static wp-block-uagb-image--align-center\"><figure class=\"wp-block-uagb-image__figure\"><a class=\"\" href=\"https:\/\/fr.dictator.de\/produits\/motorisations-pour-portes-coupe-feu\/armoires\/\" target=\"_blank\" rel=\"noreferrer noopener\"><img decoding=\"async\" srcset=\"https:\/\/dictator.ca\/wp-content\/uploads\/2024\/07\/Control-units.jpg ,https:\/\/dictator.ca\/wp-content\/uploads\/2024\/07\/Control-units.jpg 780w, https:\/\/dictator.ca\/wp-content\/uploads\/2024\/07\/Control-units.jpg 360w\" sizes=\"auto, (max-width: 480px) 150px\" src=\"https:\/\/dictator.ca\/wp-content\/uploads\/2024\/07\/Control-units.jpg\" alt=\"\" class=\"uag-image-2564\" width=\"200\" height=\"200\" title=\"Control units\" loading=\"lazy\" role=\"img\"\/><\/a><\/figure><\/div>\n\n\n\n<div class=\"wp-block-uagb-advanced-heading uagb-block-3e9d40aa\"><h4 class=\"uagb-heading-text\">Armoires<\/h4><\/div>\n\n\n\n<p class=\"has-small-font-size\">Pour commander les motorisations coupe-feu, DICTATOR propose plusieurs solutions approuv\u00e9es. On en peut choisir selon la configuration des lieux et les fonctions souhait\u00e9es ainsi que le confort dont on a besoin.<\/p>\n\n\n\n<div class=\"wp-block-uagb-buttons uagb-buttons__outer-wrap uagb-btn__small-btn uagb-btn-tablet__default-btn uagb-btn-mobile__default-btn uagb-block-a210012f\"><div class=\"uagb-buttons__wrap uagb-buttons-layout-wrap \">\n<div class=\"wp-block-uagb-buttons-child uagb-buttons__outer-wrap uagb-block-d0c7421b wp-block-button\"><div class=\"uagb-button__wrapper\"><a class=\"uagb-buttons-repeater wp-block-button__link\" aria-label=\"\" href=\"https:\/\/fr.dictator.de\/produits\/motorisations-pour-portes-coupe-feu\/armoires\/\" rel=\"follow noopener\" target=\"_blank\" role=\"button\"><div class=\"uagb-button__link\">Lire plus<\/div><span class=\"uagb-button__icon uagb-button__icon-position-after\"><svg xmlns=\"https:\/\/www.w3.org\/2000\/svg\" viewBox=\"0 0 448 512\" aria-hidden=\"true\" focussable=\"false\"><path d=\"M256 64C256 46.33 270.3 32 288 32H415.1C415.1 32 415.1 32 415.1 32C420.3 32 424.5 32.86 428.2 34.43C431.1 35.98 435.5 38.27 438.6 41.3C438.6 41.35 438.6 41.4 438.7 41.44C444.9 47.66 447.1 55.78 448 63.9C448 63.94 448 63.97 448 64V192C448 209.7 433.7 224 416 224C398.3 224 384 209.7 384 192V141.3L214.6 310.6C202.1 323.1 181.9 323.1 169.4 310.6C156.9 298.1 156.9 277.9 169.4 265.4L338.7 96H288C270.3 96 256 81.67 256 64V64zM0 128C0 92.65 28.65 64 64 64H160C177.7 64 192 78.33 192 96C192 113.7 177.7 128 160 128H64V416H352V320C352 302.3 366.3 288 384 288C401.7 288 416 302.3 416 320V416C416 451.3 387.3 480 352 480H64C28.65 480 0 451.3 0 416V128z\"><\/path><\/svg><\/span><\/a><\/div><\/div>\n<\/div><\/div>\n<\/div>\n\n\n\n<div class=\"wp-block-uagb-container uagb-block-3618497e default uagb-is-root-container\">\n<div class=\"wp-block-uagb-image aligncenter uagb-block-1b38ba73 wp-block-uagb-image--layout-default wp-block-uagb-image--effect-static wp-block-uagb-image--align-center\"><figure class=\"wp-block-uagb-image__figure\"><a class=\"\" href=\"https:\/\/fr.dictator.de\/produits\/motorisations-pour-portes-coupe-feu\/enrouleurs-a-ressort-et-amortisseurs-hydrauliques\/\" target=\"_blank\" rel=\"noreferrer noopener\"><img decoding=\"async\" srcset=\"https:\/\/dictator.ca\/wp-content\/uploads\/2024\/10\/Spring-rope-pulleys-fire-doors.jpg ,https:\/\/dictator.ca\/wp-content\/uploads\/2024\/10\/Spring-rope-pulleys-fire-doors.jpg 780w, https:\/\/dictator.ca\/wp-content\/uploads\/2024\/10\/Spring-rope-pulleys-fire-doors.jpg 360w\" sizes=\"auto, (max-width: 480px) 150px\" src=\"https:\/\/dictator.ca\/wp-content\/uploads\/2024\/10\/Spring-rope-pulleys-fire-doors.jpg\" alt=\"\" class=\"uag-image-3654\" width=\"200\" height=\"200\" title=\"Spring-rope-pulleys-fire-doors\" loading=\"lazy\" role=\"img\"\/><\/a><\/figure><\/div>\n\n\n\n<div class=\"wp-block-uagb-advanced-heading uagb-block-4d7a32ed\"><h4 class=\"uagb-heading-text\">Enrouleurs \u00e0 ressort<\/h4><\/div>\n\n\n\n<p class=\"has-small-font-size\">Les enrouleurs \u00e0 ressort pour des portes coulissantes coupe-feu s\u2019utilisent soit pour remettre \u00e0 niveau des installations existantes soit pour participer avec d&rsquo;autres produits coupe-feu \u00e0 la r\u00e9alisation d&rsquo;une installation compl\u00e8te.<\/p>\n\n\n\n<div class=\"wp-block-uagb-buttons uagb-buttons__outer-wrap uagb-btn__small-btn uagb-btn-tablet__default-btn uagb-btn-mobile__default-btn uagb-block-1e6d4ef1\"><div class=\"uagb-buttons__wrap uagb-buttons-layout-wrap \">\n<div class=\"wp-block-uagb-buttons-child uagb-buttons__outer-wrap uagb-block-b687f2c7 wp-block-button\"><div class=\"uagb-button__wrapper\"><a class=\"uagb-buttons-repeater wp-block-button__link\" aria-label=\"\" href=\"https:\/\/fr.dictator.de\/produits\/motorisations-pour-portes-coupe-feu\/enrouleurs-a-ressort-et-amortisseurs-hydrauliques\/\" rel=\"follow noopener\" target=\"_self\" role=\"button\"><div class=\"uagb-button__link\">Lire Plus<\/div><span class=\"uagb-button__icon uagb-button__icon-position-after\"><svg xmlns=\"https:\/\/www.w3.org\/2000\/svg\" viewBox=\"0 0 448 512\" aria-hidden=\"true\" focussable=\"false\"><path d=\"M256 64C256 46.33 270.3 32 288 32H415.1C415.1 32 415.1 32 415.1 32C420.3 32 424.5 32.86 428.2 34.43C431.1 35.98 435.5 38.27 438.6 41.3C438.6 41.35 438.6 41.4 438.7 41.44C444.9 47.66 447.1 55.78 448 63.9C448 63.94 448 63.97 448 64V192C448 209.7 433.7 224 416 224C398.3 224 384 209.7 384 192V141.3L214.6 310.6C202.1 323.1 181.9 323.1 169.4 310.6C156.9 298.1 156.9 277.9 169.4 265.4L338.7 96H288C270.3 96 256 81.67 256 64V64zM0 128C0 92.65 28.65 64 64 64H160C177.7 64 192 78.33 192 96C192 113.7 177.7 128 160 128H64V416H352V320C352 302.3 366.3 288 384 288C401.7 288 416 302.3 416 320V416C416 451.3 387.3 480 352 480H64C28.65 480 0 451.3 0 416V128z\"><\/path><\/svg><\/span><\/a><\/div><\/div>\n<\/div><\/div>\n<\/div>\n\n\n\n<div class=\"wp-block-uagb-container uagb-block-bbc42065 default uagb-is-root-container\">\n<div class=\"wp-block-uagb-image aligncenter uagb-block-7eda8c86 wp-block-uagb-image--layout-default wp-block-uagb-image--effect-static wp-block-uagb-image--align-center\"><figure class=\"wp-block-uagb-image__figure\"><a class=\"\" href=\"https:\/\/fr.dictator.de\/produits\/motorisations-pour-portes-coupe-feu\/elements-de-securite-et-de-commande\/\" target=\"_blank\" rel=\"noreferrer noopener\"><img decoding=\"async\" srcset=\"https:\/\/dictator.ca\/wp-content\/uploads\/2024\/10\/Safety-components-operating-devices.jpg ,https:\/\/dictator.ca\/wp-content\/uploads\/2024\/10\/Safety-components-operating-devices.jpg 780w, https:\/\/dictator.ca\/wp-content\/uploads\/2024\/10\/Safety-components-operating-devices.jpg 360w\" sizes=\"auto, (max-width: 480px) 150px\" src=\"https:\/\/dictator.ca\/wp-content\/uploads\/2024\/10\/Safety-components-operating-devices.jpg\" alt=\"\" class=\"uag-image-3656\" width=\"200\" height=\"200\" title=\"Safety-components-operating-devices\" loading=\"lazy\" role=\"img\"\/><\/a><\/figure><\/div>\n\n\n\n<div class=\"wp-block-uagb-advanced-heading uagb-block-c95e4171\"><h4 class=\"uagb-heading-text\">Equipement de s\u00e9curit\u00e9\/commande<\/h4><\/div>\n\n\n\n<p class=\"has-small-font-size\">Une gamme large de dispositifs de commande et de composants additionnels de s\u00e9curit\u00e9 assure le bon fonctionnement des portes coupe-feu et une protection des biens et des personnes.<\/p>\n\n\n\n<div class=\"wp-block-uagb-buttons uagb-buttons__outer-wrap uagb-btn__small-btn uagb-btn-tablet__default-btn uagb-btn-mobile__default-btn uagb-block-5ddd1a77\"><div class=\"uagb-buttons__wrap uagb-buttons-layout-wrap \">\n<div class=\"wp-block-uagb-buttons-child uagb-buttons__outer-wrap uagb-block-596bb183 wp-block-button\"><div class=\"uagb-button__wrapper\"><a class=\"uagb-buttons-repeater wp-block-button__link\" aria-label=\"\" href=\"https:\/\/fr.dictator.de\/produits\/motorisations-pour-portes-coupe-feu\/elements-de-securite-et-de-commande\/\" rel=\"follow noopener\" target=\"_blank\" role=\"button\"><div class=\"uagb-button__link\">Lire Plus<\/div><span class=\"uagb-button__icon uagb-button__icon-position-after\"><svg xmlns=\"https:\/\/www.w3.org\/2000\/svg\" viewBox=\"0 0 448 512\" aria-hidden=\"true\" focussable=\"false\"><path d=\"M256 64C256 46.33 270.3 32 288 32H415.1C415.1 32 415.1 32 415.1 32C420.3 32 424.5 32.86 428.2 34.43C431.1 35.98 435.5 38.27 438.6 41.3C438.6 41.35 438.6 41.4 438.7 41.44C444.9 47.66 447.1 55.78 448 63.9C448 63.94 448 63.97 448 64V192C448 209.7 433.7 224 416 224C398.3 224 384 209.7 384 192V141.3L214.6 310.6C202.1 323.1 181.9 323.1 169.4 310.6C156.9 298.1 156.9 277.9 169.4 265.4L338.7 96H288C270.3 96 256 81.67 256 64V64zM0 128C0 92.65 28.65 64 64 64H160C177.7 64 192 78.33 192 96C192 113.7 177.7 128 160 128H64V416H352V320C352 302.3 366.3 288 384 288C401.7 288 416 302.3 416 320V416C416 451.3 387.3 480 352 480H64C28.65 480 0 451.3 0 416V128z\"><\/path><\/svg><\/span><\/a><\/div><\/div>\n<\/div><\/div>\n<\/div>\n<\/div><\/div>\n<\/div><\/div>\n<\/div><\/div>\n","protected":false},"excerpt":{"rendered":"","protected":false},"author":3,"featured_media":0,"parent":3098,"menu_order":0,"comment_status":"closed","ping_status":"closed","template":"","meta":{"_acf_changed":false,"_uag_custom_page_level_css":"","_genesis_hide_title":true,"_genesis_hide_breadcrumbs":false,"_genesis_hide_singular_image":false,"_genesis_hide_footer_widgets":false,"_genesis_custom_body_class":"","_genesis_custom_post_class":"","_genesis_layout":"","footnotes":""},"class_list":{"0":"post-3185","1":"page","2":"type-page","3":"status-publish","5":"entry"},"acf":[],"featured_image_src":null,"featured_image_src_square":null,"uagb_featured_image_src":{"full":false,"thumbnail":false,"medium":false,"medium_large":false,"large":false,"1536x1536":false,"2048x2048":false,"sidebar-featured":false,"genesis-singular-images":false,"gb-block-post-grid-landscape":false,"gb-block-post-grid-square":false},"uagb_author_info":{"display_name":"Tanja L.","author_link":"https:\/\/dictator.ca\/fr\/author\/t-lang\/"},"uagb_comment_info":0,"uagb_excerpt":null,"_links":{"self":[{"href":"https:\/\/dictator.ca\/fr\/wp-json\/wp\/v2\/pages\/3185","targetHints":{"allow":["GET"]}}],"collection":[{"href":"https:\/\/dictator.ca\/fr\/wp-json\/wp\/v2\/pages"}],"about":[{"href":"https:\/\/dictator.ca\/fr\/wp-json\/wp\/v2\/types\/page"}],"author":[{"embeddable":true,"href":"https:\/\/dictator.ca\/fr\/wp-json\/wp\/v2\/users\/3"}],"replies":[{"embeddable":true,"href":"https:\/\/dictator.ca\/fr\/wp-json\/wp\/v2\/comments?post=3185"}],"version-history":[{"count":8,"href":"https:\/\/dictator.ca\/fr\/wp-json\/wp\/v2\/pages\/3185\/revisions"}],"predecessor-version":[{"id":4169,"href":"https:\/\/dictator.ca\/fr\/wp-json\/wp\/v2\/pages\/3185\/revisions\/4169"}],"up":[{"embeddable":true,"href":"https:\/\/dictator.ca\/fr\/wp-json\/wp\/v2\/pages\/3098"}],"wp:attachment":[{"href":"https:\/\/dictator.ca\/fr\/wp-json\/wp\/v2\/media?parent=3185"}],"curies":[{"name":"wp","href":"https:\/\/api.w.org\/{rel}","templated":true}]}}