{"id":3177,"date":"2024-07-29T09:23:07","date_gmt":"2024-07-29T07:23:07","guid":{"rendered":"https:\/\/dictator.ca\/?page_id=3177"},"modified":"2025-05-21T16:12:36","modified_gmt":"2025-05-21T14:12:36","slug":"ferme-portes-ferme-portails-battants","status":"publish","type":"page","link":"https:\/\/dictator.ca\/fr\/produits\/fermes-portes-accessoires\/ferme-portes-ferme-portails-battants\/","title":{"rendered":"Ferme-portes et ferme-portails battantes"},"content":{"rendered":"\n<div class=\"wp-block-genesis-blocks-gb-columns gb-layout-columns-1 one-column\"><div class=\"gb-layout-column-wrap gb-block-layout-column-gap-2 gb-is-responsive-column\">\n<div class=\"wp-block-genesis-blocks-gb-column gb-block-layout-column\"><div class=\"gb-block-layout-column-inner\">\n\n\n<h1 class=\"wp-block-heading\" style=\"padding-top:var(--wp--preset--spacing--40);font-size:40px;text-transform:uppercase\">Ferme-portes et ferme-portails battantes<\/h1>\n\n\n\n<p>Les ferme-portes pour portes battantes DICTATOR convainquent par leur grande qualit\u00e9 et leur longue dur\u00e9e de vie. Ils peuvent trouver des solutions \u00e0 vos probl\u00e8mes, car ils ferment les portes m\u00eame lorsque d\u2019autres ferme-portes ne fonctionnent pas.<\/p>\n\n\n\n<p>Gr\u00e2ce aux nombreux mod\u00e8les disponibles, on peut r\u00e9aliser des solutions pour une large gamme d\u2019applications : des portes de jardin et des portes d\u2019acc\u00e8s \u00e0 l\u2019ext\u00e9rieur, aux b\u00e2timents r\u00e9sidentiels, aux installations publiques et aux b\u00e2timents commerciaux dont les portes sont tr\u00e8s fr\u00e9quent\u00e9es, aux installations industrielles.<\/p>\n\n\n\n<p>Nous sommes heureux de vous aider \u00e0 choisir le produit qui vous convient \u2013 contactez-nous !<\/p>\n\n\n\n<div class=\"wp-block-uagb-container uagb-layout-grid uagb-block-c42f61f0 alignfull uagb-is-root-container\"><div class=\"uagb-container-inner-blocks-wrap\">\n<div class=\"wp-block-uagb-container uagb-block-2151ad33 default uagb-is-root-container\">\n<div class=\"wp-block-uagb-image aligncenter uagb-block-c4f29346 wp-block-uagb-image--layout-default wp-block-uagb-image--effect-static wp-block-uagb-image--align-center\"><figure class=\"wp-block-uagb-image__figure\"><a class=\"\" href=\"https:\/\/dictator.ca\/fr\/produits\/fermes-portes-accessoires\/ferme-portes-ferme-portails-battants\/ferme-porte-direkt\/\" target=\"\" rel=\"noopener\"><img decoding=\"async\" srcset=\"https:\/\/dictator.ca\/wp-content\/uploads\/2025\/01\/Door-closer-DIREKT-grey.jpg ,https:\/\/dictator.ca\/wp-content\/uploads\/2025\/01\/Door-closer-DIREKT-grey.jpg 780w, https:\/\/dictator.ca\/wp-content\/uploads\/2025\/01\/Door-closer-DIREKT-grey.jpg 360w\" sizes=\"auto, (max-width: 480px) 150px\" src=\"https:\/\/dictator.ca\/wp-content\/uploads\/2025\/01\/Door-closer-DIREKT-grey.jpg\" alt=\"\" class=\"uag-image-3735\" width=\"200\" height=\"200\" title=\"Door closer DIREKT - grey\" loading=\"lazy\" role=\"img\"\/><\/a><\/figure><\/div>\n\n\n\n<div class=\"wp-block-uagb-advanced-heading uagb-block-e1e05fc6\"><h4 class=\"uagb-heading-text\">Ferme-porte DIREKT<\/h4><\/div>\n\n\n\n<p class=\"has-small-font-size\">Le ferme-porte Direkt assiste la fermeture des portillons, portails et portes. Il fonctionne comme un ressort \u00e0 gaz\u00a0: lorsque la porte est ouverte, la tige du ferme-porte est rentr\u00e9e dans son cylindre, compressant le gaz. A la fermeture de la porte, la pression se rel\u00e2che, la tige est repouss\u00e9e vers l\u2019ext\u00e9rieur.<\/p>\n\n\n\n<div class=\"wp-block-uagb-buttons uagb-buttons__outer-wrap uagb-btn__small-btn uagb-btn-tablet__default-btn uagb-btn-mobile__default-btn uagb-block-041cacdf\"><div class=\"uagb-buttons__wrap uagb-buttons-layout-wrap \">\n<div class=\"wp-block-uagb-buttons-child uagb-buttons__outer-wrap uagb-block-2690ebee wp-block-button\"><div class=\"uagb-button__wrapper\"><a class=\"uagb-buttons-repeater wp-block-button__link\" aria-label=\"\" href=\"https:\/\/dictator.ca\/fr\/produits\/fermes-portes-accessoires\/ferme-portes-ferme-portails-battants\/ferme-porte-direkt\/\" rel=\"follow noopener\" target=\"_self\" role=\"button\"><div class=\"uagb-button__link\">Lire Plus<\/div><span class=\"uagb-button__icon uagb-button__icon-position-after\"><svg xmlns=\"https:\/\/www.w3.org\/2000\/svg\" viewBox=\"0 0 448 512\" aria-hidden=\"true\" focussable=\"false\"><path d=\"M438.6 278.6l-160 160C272.4 444.9 264.2 448 256 448s-16.38-3.125-22.62-9.375c-12.5-12.5-12.5-32.75 0-45.25L338.8 288H32C14.33 288 .0016 273.7 .0016 256S14.33 224 32 224h306.8l-105.4-105.4c-12.5-12.5-12.5-32.75 0-45.25s32.75-12.5 45.25 0l160 160C451.1 245.9 451.1 266.1 438.6 278.6z\"><\/path><\/svg><\/span><\/a><\/div><\/div>\n<\/div><\/div>\n<\/div>\n\n\n\n<div class=\"wp-block-uagb-container uagb-block-c68ceaa1 default uagb-is-root-container\">\n<div class=\"wp-block-uagb-image aligncenter uagb-block-acee9c93 wp-block-uagb-image--layout-default wp-block-uagb-image--effect-static wp-block-uagb-image--align-center\"><figure class=\"wp-block-uagb-image__figure\"><a class=\"\" href=\"https:\/\/fr.dictator.de\/produits\/ferme-portes-et-accessoires\/ferme-portes\/ferme-porte-rts\/\" target=\"_blank\" rel=\"noreferrer noopener\"><img decoding=\"async\" srcset=\"https:\/\/dictator.ca\/wp-content\/uploads\/2025\/01\/Tube-door-closer-RTS-d.jpg ,https:\/\/dictator.ca\/wp-content\/uploads\/2025\/01\/Tube-door-closer-RTS-d.jpg 780w, https:\/\/dictator.ca\/wp-content\/uploads\/2025\/01\/Tube-door-closer-RTS-d.jpg 360w\" sizes=\"auto, (max-width: 480px) 150px\" src=\"https:\/\/dictator.ca\/wp-content\/uploads\/2025\/01\/Tube-door-closer-RTS-d.jpg\" alt=\"\" class=\"uag-image-3738\" width=\"200\" height=\"200\" title=\"Tube door closer RTS d\" loading=\"lazy\" role=\"img\"\/><\/a><\/figure><\/div>\n\n\n\n<div class=\"wp-block-uagb-advanced-heading uagb-block-7d86b78d\"><h4 class=\"uagb-heading-text\">Ferme-porte tubulaire RTS<\/h4><\/div>\n\n\n\n<p class=\"has-small-font-size\">Le ferme-porte tubulaire RTS est g\u00e9n\u00e9ralement utilis\u00e9 pour des raisons optiques ou de s\u00e9curit\u00e9. Son installation est cach\u00e9e et il est donc presque invisible. La vitesse de fermeture est r\u00e9glable et, selon la situation de montage, il peut \u00eatre ouvert jusqu&rsquo;\u00e0 180\u00b0.<\/p>\n\n\n\n<div class=\"wp-block-uagb-buttons uagb-buttons__outer-wrap uagb-btn__small-btn uagb-btn-tablet__default-btn uagb-btn-mobile__default-btn uagb-block-6f5fd1d8\"><div class=\"uagb-buttons__wrap uagb-buttons-layout-wrap \">\n<div class=\"wp-block-uagb-buttons-child uagb-buttons__outer-wrap uagb-block-01b16250 wp-block-button\"><div class=\"uagb-button__wrapper\"><a class=\"uagb-buttons-repeater wp-block-button__link\" aria-label=\"\" href=\"https:\/\/fr.dictator.de\/produits\/ferme-portes-et-accessoires\/ferme-portes\/ferme-porte-rts\/\" rel=\"follow noopener\" target=\"_blank\" role=\"button\"><div class=\"uagb-button__link\">Lire Plus<\/div><span class=\"uagb-button__icon uagb-button__icon-position-after\"><svg xmlns=\"https:\/\/www.w3.org\/2000\/svg\" viewBox=\"0 0 448 512\" aria-hidden=\"true\" focussable=\"false\"><path d=\"M256 64C256 46.33 270.3 32 288 32H415.1C415.1 32 415.1 32 415.1 32C420.3 32 424.5 32.86 428.2 34.43C431.1 35.98 435.5 38.27 438.6 41.3C438.6 41.35 438.6 41.4 438.7 41.44C444.9 47.66 447.1 55.78 448 63.9C448 63.94 448 63.97 448 64V192C448 209.7 433.7 224 416 224C398.3 224 384 209.7 384 192V141.3L214.6 310.6C202.1 323.1 181.9 323.1 169.4 310.6C156.9 298.1 156.9 277.9 169.4 265.4L338.7 96H288C270.3 96 256 81.67 256 64V64zM0 128C0 92.65 28.65 64 64 64H160C177.7 64 192 78.33 192 96C192 113.7 177.7 128 160 128H64V416H352V320C352 302.3 366.3 288 384 288C401.7 288 416 302.3 416 320V416C416 451.3 387.3 480 352 480H64C28.65 480 0 451.3 0 416V128z\"><\/path><\/svg><\/span><\/a><\/div><\/div>\n<\/div><\/div>\n<\/div>\n\n\n\n<div class=\"wp-block-uagb-container uagb-block-c4c602e7 default uagb-is-root-container\">\n<div class=\"wp-block-uagb-image aligncenter uagb-block-67101ef7 wp-block-uagb-image--layout-default wp-block-uagb-image--effect-static wp-block-uagb-image--align-center\"><figure class=\"wp-block-uagb-image__figure\"><a class=\"\" href=\"https:\/\/fr.dictator.de\/produits\/ferme-portes-et-accessoires\/ressorts-de-fermeture\/\" target=\"_blank\" rel=\"noreferrer noopener\"><img decoding=\"async\" srcset=\"https:\/\/dictator.ca\/wp-content\/uploads\/2024\/01\/Sluitveer-Piccolo.jpg ,https:\/\/dictator.ca\/wp-content\/uploads\/2024\/01\/Sluitveer-Piccolo.jpg 780w, https:\/\/dictator.ca\/wp-content\/uploads\/2024\/01\/Sluitveer-Piccolo.jpg 360w\" sizes=\"auto, (max-width: 480px) 150px\" src=\"https:\/\/dictator.ca\/wp-content\/uploads\/2024\/01\/Sluitveer-Piccolo.jpg\" alt=\"\" class=\"uag-image-540\" width=\"200\" height=\"200\" title=\"Sluitveer-Piccolo\" loading=\"lazy\" role=\"img\"\/><\/a><\/figure><\/div>\n\n\n\n<div class=\"wp-block-uagb-advanced-heading uagb-block-3e9d40aa\"><h4 class=\"uagb-heading-text\">Ressorts de fermeture<\/h4><\/div>\n\n\n\n<p class=\"has-small-font-size\">Nos ressorts de fermeture sont la forme la plus simple d\u2019un ferme-porte. Ils ferment la porte par la tension du ressort, mais on ne peut pas r\u00e9gler la vitesse de fermeture. Des mod\u00e8les sont pr\u00e9vus pour le montage sur la porte et d&rsquo;autres, pour un montage presque invisible dans la porte.<\/p>\n\n\n\n<div class=\"wp-block-uagb-buttons uagb-buttons__outer-wrap uagb-btn__small-btn uagb-btn-tablet__default-btn uagb-btn-mobile__default-btn uagb-block-a210012f\"><div class=\"uagb-buttons__wrap uagb-buttons-layout-wrap \">\n<div class=\"wp-block-uagb-buttons-child uagb-buttons__outer-wrap uagb-block-d0c7421b wp-block-button\"><div class=\"uagb-button__wrapper\"><a class=\"uagb-buttons-repeater wp-block-button__link\" aria-label=\"\" href=\"https:\/\/fr.dictator.de\/produits\/ferme-portes-et-accessoires\/ressorts-de-fermeture\/\" rel=\"follow noopener\" target=\"_blank\" role=\"button\"><div class=\"uagb-button__link\">Lire Plus<\/div><span class=\"uagb-button__icon uagb-button__icon-position-after\"><svg xmlns=\"https:\/\/www.w3.org\/2000\/svg\" viewBox=\"0 0 448 512\" aria-hidden=\"true\" focussable=\"false\"><path d=\"M256 64C256 46.33 270.3 32 288 32H415.1C415.1 32 415.1 32 415.1 32C420.3 32 424.5 32.86 428.2 34.43C431.1 35.98 435.5 38.27 438.6 41.3C438.6 41.35 438.6 41.4 438.7 41.44C444.9 47.66 447.1 55.78 448 63.9C448 63.94 448 63.97 448 64V192C448 209.7 433.7 224 416 224C398.3 224 384 209.7 384 192V141.3L214.6 310.6C202.1 323.1 181.9 323.1 169.4 310.6C156.9 298.1 156.9 277.9 169.4 265.4L338.7 96H288C270.3 96 256 81.67 256 64V64zM0 128C0 92.65 28.65 64 64 64H160C177.7 64 192 78.33 192 96C192 113.7 177.7 128 160 128H64V416H352V320C352 302.3 366.3 288 384 288C401.7 288 416 302.3 416 320V416C416 451.3 387.3 480 352 480H64C28.65 480 0 451.3 0 416V128z\"><\/path><\/svg><\/span><\/a><\/div><\/div>\n<\/div><\/div>\n<\/div>\n\n\n\n<div class=\"wp-block-uagb-container uagb-block-3618497e default uagb-is-root-container\">\n<div class=\"wp-block-uagb-image aligncenter uagb-block-1b38ba73 wp-block-uagb-image--layout-default wp-block-uagb-image--effect-static wp-block-uagb-image--align-center\"><figure class=\"wp-block-uagb-image__figure\"><a class=\"\" href=\"https:\/\/fr.dictator.de\/produits\/ferme-portes-et-accessoires\/ferme-porte-au-sol-wab-180\/\" target=\"_blank\" rel=\"noreferrer noopener\"><img decoding=\"async\" srcset=\"https:\/\/dictator.ca\/wp-content\/uploads\/2024\/07\/Floor-spring-WAB-180.jpg ,https:\/\/dictator.ca\/wp-content\/uploads\/2024\/07\/Floor-spring-WAB-180.jpg 780w, https:\/\/dictator.ca\/wp-content\/uploads\/2024\/07\/Floor-spring-WAB-180.jpg 360w\" sizes=\"auto, (max-width: 480px) 150px\" src=\"https:\/\/dictator.ca\/wp-content\/uploads\/2024\/07\/Floor-spring-WAB-180.jpg\" alt=\"\" class=\"uag-image-2861\" width=\"200\" height=\"200\" title=\"Floor spring WAB 180\" loading=\"lazy\" role=\"img\"\/><\/a><\/figure><\/div>\n\n\n\n<div class=\"wp-block-uagb-advanced-heading uagb-block-4d7a32ed\"><h4 class=\"uagb-heading-text\">Ferme-porte pivot de sol WAB 180<\/h4><\/div>\n\n\n\n<p class=\"has-small-font-size\">Le ferme-porte pivot de sol DICTATOR WAB 180 a prouv\u00e9 sa fiabilit\u00e9 depuis des d\u00e9cennies, surtout sur des portes tr\u00e8s lourdes et \u00e0 grand trafic. Les coussinets d\u2019axe sp\u00e9ciaux immerg\u00e9s dans d\u2019huile permettent d\u2019utiliser le WAB 180 pour des portes tr\u00e8s lourdes jusqu\u2019\u00e0 un poids de 600 kg.<\/p>\n\n\n\n<div class=\"wp-block-uagb-buttons uagb-buttons__outer-wrap uagb-btn__small-btn uagb-btn-tablet__default-btn uagb-btn-mobile__default-btn uagb-block-1e6d4ef1\"><div class=\"uagb-buttons__wrap uagb-buttons-layout-wrap \">\n<div class=\"wp-block-uagb-buttons-child uagb-buttons__outer-wrap uagb-block-b687f2c7 wp-block-button\"><div class=\"uagb-button__wrapper\"><a class=\"uagb-buttons-repeater wp-block-button__link\" aria-label=\"\" href=\"https:\/\/fr.dictator.de\/produits\/ferme-portes-et-accessoires\/ferme-porte-au-sol-wab-180\/\" rel=\"follow noopener\" target=\"_blank\" role=\"button\"><div class=\"uagb-button__link\">Lire Plus<\/div><span class=\"uagb-button__icon uagb-button__icon-position-after\"><svg xmlns=\"https:\/\/www.w3.org\/2000\/svg\" viewBox=\"0 0 448 512\" aria-hidden=\"true\" focussable=\"false\"><path d=\"M256 64C256 46.33 270.3 32 288 32H415.1C415.1 32 415.1 32 415.1 32C420.3 32 424.5 32.86 428.2 34.43C431.1 35.98 435.5 38.27 438.6 41.3C438.6 41.35 438.6 41.4 438.7 41.44C444.9 47.66 447.1 55.78 448 63.9C448 63.94 448 63.97 448 64V192C448 209.7 433.7 224 416 224C398.3 224 384 209.7 384 192V141.3L214.6 310.6C202.1 323.1 181.9 323.1 169.4 310.6C156.9 298.1 156.9 277.9 169.4 265.4L338.7 96H288C270.3 96 256 81.67 256 64V64zM0 128C0 92.65 28.65 64 64 64H160C177.7 64 192 78.33 192 96C192 113.7 177.7 128 160 128H64V416H352V320C352 302.3 366.3 288 384 288C401.7 288 416 302.3 416 320V416C416 451.3 387.3 480 352 480H64C28.65 480 0 451.3 0 416V128z\"><\/path><\/svg><\/span><\/a><\/div><\/div>\n<\/div><\/div>\n<\/div>\n<\/div><\/div>\n<\/div><\/div>\n<\/div><\/div>\n","protected":false},"excerpt":{"rendered":"","protected":false},"author":3,"featured_media":0,"parent":3168,"menu_order":0,"comment_status":"closed","ping_status":"closed","template":"","meta":{"_acf_changed":false,"_uag_custom_page_level_css":"","_genesis_hide_title":true,"_genesis_hide_breadcrumbs":false,"_genesis_hide_singular_image":false,"_genesis_hide_footer_widgets":false,"_genesis_custom_body_class":"","_genesis_custom_post_class":"","_genesis_layout":"","footnotes":""},"class_list":{"0":"post-3177","1":"page","2":"type-page","3":"status-publish","5":"entry"},"acf":[],"featured_image_src":null,"featured_image_src_square":null,"uagb_featured_image_src":{"full":false,"thumbnail":false,"medium":false,"medium_large":false,"large":false,"1536x1536":false,"2048x2048":false,"sidebar-featured":false,"genesis-singular-images":false,"gb-block-post-grid-landscape":false,"gb-block-post-grid-square":false},"uagb_author_info":{"display_name":"Tanja L.","author_link":"https:\/\/dictator.ca\/fr\/author\/t-lang\/"},"uagb_comment_info":0,"uagb_excerpt":null,"_links":{"self":[{"href":"https:\/\/dictator.ca\/fr\/wp-json\/wp\/v2\/pages\/3177","targetHints":{"allow":["GET"]}}],"collection":[{"href":"https:\/\/dictator.ca\/fr\/wp-json\/wp\/v2\/pages"}],"about":[{"href":"https:\/\/dictator.ca\/fr\/wp-json\/wp\/v2\/types\/page"}],"author":[{"embeddable":true,"href":"https:\/\/dictator.ca\/fr\/wp-json\/wp\/v2\/users\/3"}],"replies":[{"embeddable":true,"href":"https:\/\/dictator.ca\/fr\/wp-json\/wp\/v2\/comments?post=3177"}],"version-history":[{"count":6,"href":"https:\/\/dictator.ca\/fr\/wp-json\/wp\/v2\/pages\/3177\/revisions"}],"predecessor-version":[{"id":4161,"href":"https:\/\/dictator.ca\/fr\/wp-json\/wp\/v2\/pages\/3177\/revisions\/4161"}],"up":[{"embeddable":true,"href":"https:\/\/dictator.ca\/fr\/wp-json\/wp\/v2\/pages\/3168"}],"wp:attachment":[{"href":"https:\/\/dictator.ca\/fr\/wp-json\/wp\/v2\/media?parent=3177"}],"curies":[{"name":"wp","href":"https:\/\/api.w.org\/{rel}","templated":true}]}}