{"id":3159,"date":"2023-12-13T12:22:58","date_gmt":"2023-12-13T11:22:58","guid":{"rendered":"https:\/\/dictator.ca\/?page_id=3159"},"modified":"2024-09-05T09:59:20","modified_gmt":"2024-09-05T07:59:20","slug":"confidentialite","status":"publish","type":"page","link":"https:\/\/dictator.ca\/fr\/confidentialite\/","title":{"rendered":"Politique de confidentialit\u00e9 et d\u2019utilisation des cookies"},"content":{"rendered":"\n<div class=\"wp-block-genesis-blocks-gb-columns gb-layout-columns-1 one-column\"><div class=\"gb-layout-column-wrap gb-block-layout-column-gap-2 gb-is-responsive-column\">\n<div class=\"wp-block-genesis-blocks-gb-column gb-block-layout-column\"><div class=\"gb-block-layout-column-inner\">\n<h1 class=\"wp-block-heading\">Politique de confidentialit\u00e9 et d\u2019utilisation des cookies<\/h1>\n\n\n\n<h2 class=\"wp-block-heading\">1. La protection des donn\u00e9es en un coup d&rsquo;\u0153il<\/h2>\n\n\n\n<h3 class=\"wp-block-heading\">Informations g\u00e9n\u00e9rales sur la politique de confidentialit\u00e9<\/h3>\n\n\n\n<p>Vous trouverez ci-apr\u00e8s un aper\u00e7u simple de ce qu&rsquo;il advient de vos donn\u00e9es personnelles lorsque vous visitez notre site web. Les donn\u00e9es personnelles sont toutes les donn\u00e9es qui permettent de vous identifier personnellement. Pour des informations d\u00e9taill\u00e9es sur la protection des donn\u00e9es, veuillez vous r\u00e9f\u00e9rer \u00e0 notre politique deconfidentialit\u00e9 ci-dessous.<\/p>\n\n\n\n<h3 class=\"wp-block-heading\">Acquisition de donn\u00e9es sur notre site web<\/h3>\n\n\n\n<p><strong>Qui est responsable de la collecte des donn\u00e9es sur ce site web ?<\/strong><\/p>\n\n\n\n<p>Le traitement des donn\u00e9es sur ce site web est effectu\u00e9 par le propri\u00e9taire du site. Vous trouverez ses coordonn\u00e9es ci-dessous.<\/p>\n\n\n\n<p><strong>Comment recueillons-nous vos donn\u00e9es ?<\/strong><\/p>\n\n\n\n<p>D&rsquo;une part, vos donn\u00e9es sont collect\u00e9es lorsque vous nous les fournissez. Il peut s&rsquo;agir, par exemple, de donn\u00e9es que vous saisissez dans un formulaire de contact.<\/p>\n\n\n\n<p>D&rsquo;autres donn\u00e9es sont collect\u00e9es automatiquement par nos syst\u00e8mes informatiques lorsque vous visitez le site web. Il s&rsquo;agit principalement de donn\u00e9es techniques (par exemple, le navigateur Internet, le syst\u00e8me d&rsquo;exploitation ou l&rsquo;heure de consultation de la page). Ces donn\u00e9es sont collect\u00e9es automatiquement d\u00e8s que vous entrez sur notre site web.<\/p>\n\n\n\n<p><strong>\u00c0 quelles fins utilisons-nous vos donn\u00e9es ?<\/strong><\/p>\n\n\n\n<p>Une partie des donn\u00e9es est collect\u00e9e pour assurer un fonctionnement irr\u00e9prochable du site web. D&rsquo;autres donn\u00e9es peuvent \u00eatre utilis\u00e9es pour analyser le comportement des utilisateurs. Ces donn\u00e9es sont analys\u00e9es de mani\u00e8re anonyme dans le but d&rsquo;am\u00e9liorer notre site web.<\/p>\n\n\n\n<p><strong>Quels sont vos droits concernant vos donn\u00e9es ?<\/strong><\/p>\n\n\n\n<p>Vous avez le droit de recevoir \u00e0 tout moment des informations gratuites sur l&rsquo;origine, le destinataire et la finalit\u00e9 de vos donn\u00e9es personnelles enregistr\u00e9es. Vous avez \u00e9galement le droit d&rsquo;exiger la correction, le blocage ou la suppression de ces donn\u00e9es. \u00c0 cette fin, ainsi que pour toute autre question relative \u00e0 la protection des donn\u00e9es, vous pouvez nous contacter \u00e0 tout moment \u00e0 l&rsquo;adresse indiqu\u00e9e ci-dessous. En outre, vous avez le droit de d\u00e9poser une plainte aupr\u00e8s de l&rsquo;autorit\u00e9 de contr\u00f4le comp\u00e9tente.<\/p>\n\n\n\n<p>Vous avez \u00e9galement le droit de demander la limitation du traitement de vos donn\u00e9es personnelles dans certaines circonstances. Pour plus de d\u00e9tails, veuillez vous r\u00e9f\u00e9rer \u00e0 la politique de confidentialit\u00e9 sous la rubrique \u00ab\u00a0Droit \u00e0 la limitation du traitement\u00a0\u00bb.<\/p>\n\n\n\n<p><strong>Outils d&rsquo;analyse et outils tiers<\/strong><\/p>\n\n\n\n<p>Lorsque vous visitez notre site web, votre comportement de navigation peut faire l&rsquo;objet d&rsquo;une analyse statistique. Cela se fait principalement \u00e0 l&rsquo;aide de cookies et de programmes analytiques. L&rsquo;analyse de votre comportement de navigation est anonyme, c&rsquo;est-\u00e0-dire qu&rsquo;elle ne permet pas de remonter jusqu&rsquo;\u00e0 vous.<\/p>\n\n\n\n<p class=\"has-small-font-size\">Vous pouvez refuser cette analyse ou l&#8217;emp\u00eacher en n&rsquo;utilisant pas certains outils. Vous trouverez des informations d\u00e9taill\u00e9es sur ces outils et sur vos options de refus dans la politique de confidentialit\u00e9 suivante.<\/p>\n\n\n\n<h2 class=\"wp-block-heading\">2. <strong>Informations g\u00e9n\u00e9rales et mentions obligatoires<\/strong><\/h2>\n\n\n\n<h3 class=\"wp-block-heading\">Protection des donn\u00e9es<\/h3>\n\n\n\n<p>Le propri\u00e9taire de ce site web prend tr\u00e8s au s\u00e9rieux la protection de vos donn\u00e9es personnelles. Nous traitons vos donn\u00e9es personnelles de mani\u00e8re confidentielle et conform\u00e9ment aux lois applicables en mati\u00e8re de protection des donn\u00e9es et \u00e0 la pr\u00e9sente politique de confidentialit\u00e9.<\/p>\n\n\n\n<p>Lorsque vous visitez ce site web, nous recueillons certaines informations personnelles. Les informations personnelles sont des donn\u00e9es qui peuvent \u00eatre utilis\u00e9es pour vous identifier personnellement. Cette politique de confidentialit\u00e9 explique quelles donn\u00e9es nous collectons, comment nous le faisons et dans quel but.<\/p>\n\n\n\n<p>Nous attirons votre attention sur le fait que la transmission de donn\u00e9es sur l&rsquo;internet (par exemple lors d&rsquo;une communication par courrier \u00e9lectronique) peut pr\u00e9senter des lacunes en mati\u00e8re de s\u00e9curit\u00e9. Une protection totale des donn\u00e9es contre l&rsquo;acc\u00e8s par des tiers n&rsquo;est pas possible.<\/p>\n\n\n\n<h3 class=\"wp-block-heading\">Entit\u00e9 responsable<\/h3>\n\n\n\n<p>Le responsable du traitement des donn\u00e9es sur ce site web est :<\/p>\n\n\n\n<p>DICTATOR Technik GmbH<br>Gutenbergstr. 9<br>86356 Neusaess<br>Allemagne<\/p>\n\n\n\n<p>T\u00e9l\u00e9phone : +49 (0)821 246730<br>Email :&nbsp;<a href=\"mailto:info@dictator.de\">info@dictator.de<\/a><\/p>\n\n\n\n<h3 class=\"wp-block-heading\">R\u00e9vocation de votre consentement au traitement des donn\u00e9es<\/h3>\n\n\n\n<p>De nombreux traitements de donn\u00e9es ne sont possibles qu&rsquo;avec votre consentement explicite. Vous pouvez \u00e0 tout moment r\u00e9voquer le consentement que vous avez d\u00e9j\u00e0 donn\u00e9. Pour ce faire, une communication informelle par courrier \u00e9lectronique suffit. La l\u00e9galit\u00e9 du traitement des donn\u00e9es effectu\u00e9 jusqu&rsquo;\u00e0 la r\u00e9vocation n&rsquo;est pas affect\u00e9e par cette derni\u00e8re.<\/p>\n\n\n\n<h3 class=\"wp-block-heading\">Droit de s&rsquo;opposer \u00e0 la collecte de donn\u00e9es et au marketing direct dans des cas particuliers (article 21 du RGPD).<\/h3>\n\n\n\n<p>Si le traitement des donn\u00e9es est fond\u00e9 sur l&rsquo;art. 6-1-e ou -f RGPD, vous avez le droit de vous opposer \u00e0 tout moment au traitement de vos donn\u00e9es \u00e0 caract\u00e8re personnel pour des raisons tenant \u00e0 votre situation particuli\u00e8re ; cela s&rsquo;applique \u00e9galement au profilage fond\u00e9 sur ces dispositions. La base juridique respective sur laquelle le traitement est bas\u00e9 peut \u00eatre trouv\u00e9e dans cette politique de confidentialit\u00e9. Si vous vous y opposez, nous ne traiterons plus vos donn\u00e9es \u00e0 caract\u00e8re personnel en question, \u00e0 moins que nous ne puissions d\u00e9montrer des motifs l\u00e9gitimes imp\u00e9rieux pour le traitement qui l&#8217;emportent sur vos int\u00e9r\u00eats, droits et libert\u00e9s, ou que le traitement serve \u00e0 faire valoir, \u00e0 exercer ou \u00e0 d\u00e9fendre des droits en justice (objection en vertu de l&rsquo;article 21-1 du RGPD).<\/p>\n\n\n\n<p>Si vos donn\u00e9es \u00e0 caract\u00e8re personnel sont trait\u00e9es \u00e0 des fins de marketing direct, vous avez le droit de vous opposer \u00e0 tout moment au traitement des donn\u00e9es \u00e0 caract\u00e8re personnel vous concernant \u00e0 des fins de marketing direct ; ceci s&rsquo;applique \u00e9galement au profilage, dans la mesure o\u00f9 il est li\u00e9 \u00e0 ce marketing direct. Si vous vous y opposez, vos donn\u00e9es \u00e0 caract\u00e8re personnel ne seront plus utilis\u00e9es \u00e0 des fins de marketing direct (opposition conform\u00e9ment \u00e0 l&rsquo;article 21-2 du RGPD).<\/p>\n\n\n\n<h3 class=\"wp-block-heading\">Droit de recours aupr\u00e8s de l&rsquo;autorit\u00e9 de contr\u00f4le comp\u00e9tente<\/h3>\n\n\n\n<p>En cas de violation du RGPD, les personnes concern\u00e9es disposent d&rsquo;un droit de recours aupr\u00e8s d&rsquo;une autorit\u00e9 de contr\u00f4le, notamment dans le pays de leur r\u00e9sidence habituelle, de leur lieu de travail ou du lieu de la violation pr\u00e9sum\u00e9e. Le droit de recours est sans pr\u00e9judice de tout autre recours administratif ou judiciaire.<\/p>\n\n\n\n<h3 class=\"wp-block-heading\">Droit \u00e0 la transf\u00e9rabilit\u00e9 des donn\u00e9es<\/h3>\n\n\n\n<p>Vous avez le droit d&rsquo;obtenir que les donn\u00e9es que nous traitons automatiquement sur la base de votre consentement ou en ex\u00e9cution d&rsquo;un contrat vous soient communiqu\u00e9es ou soient communiqu\u00e9es \u00e0 un tiers dans un format commun et lisible par machine. Si vous demandez le transfert direct des donn\u00e9es \u00e0 un autre responsable, cela ne sera fait que dans la mesure o\u00f9 cela est techniquement possible.<\/p>\n\n\n\n<h3 class=\"wp-block-heading\">Cryptage SSL ou TLS<\/h3>\n\n\n\n<p>Pour des raisons de s\u00e9curit\u00e9 et pour prot\u00e9ger la transmission de contenus confidentiels, tels que les demandes que vous nous envoyez en tant que fournisseur du site web, ce site utilise le cryptage SSL ou TLS. Vous pouvez reconna\u00eetre une connexion crypt\u00e9e au fait que la ligne d&rsquo;adresse du navigateur passe de \u00ab\u00a0http:\/\/\u00a0\u00bb \u00e0 \u00ab\u00a0https:\/\/\u00a0\u00bb et au symbole du cadenas dans la barre de votre navigateur.<\/p>\n\n\n\n<p>Si le cryptage SSL ou TLS est activ\u00e9, les donn\u00e9es que vous nous transmettez ne peuvent pas \u00eatre lues par des tiers.<\/p>\n\n\n\n<h3 class=\"wp-block-heading\">Droit de divulgation, de blocage, de suppression et de correction<\/h3>\n\n\n\n<p>Dans le cadre des dispositions l\u00e9gales applicables, vous avez \u00e0 tout moment le droit d&rsquo;obtenir gratuitement des informations sur vos donn\u00e9es personnelles enregistr\u00e9es, leur origine et leur destinataire, ainsi que sur la finalit\u00e9 du traitement des donn\u00e9es et, le cas \u00e9ch\u00e9ant, un droit de rectification, de blocage ou de suppression de ces donn\u00e9es. \u00c0 cette fin, ainsi que pour toute autre question relative aux donn\u00e9es personnelles, vous pouvez nous contacter \u00e0 tout moment \u00e0 l&rsquo;adresse indiqu\u00e9e ci-dessus.<\/p>\n\n\n\n<h3 class=\"wp-block-heading\">Droit \u00e0 la limitation du traitement<\/h3>\n\n\n\n<p>Vous avez le droit de demander la limitation du traitement de vos donn\u00e9es personnelles. Pour ce faire, vous pouvez nous contacter \u00e0 tout moment \u00e0 l&rsquo;adresse indiqu\u00e9e ci-dessus. Le droit \u00e0 la limitation du traitement s&rsquo;applique dans les cas suivants :<\/p>\n\n\n\n<ul class=\"wp-block-list\">\n<li>Si vous contestez l&rsquo;exactitude de vos donn\u00e9es personnelles stock\u00e9es par nos soins, nous avons g\u00e9n\u00e9ralement besoin de temps pour les v\u00e9rifier. Pendant la dur\u00e9e de l&rsquo;examen, vous avez le droit de demander la restriction du traitement de vos donn\u00e9es personnelles.<\/li>\n\n\n\n<li>Si le traitement de vos donn\u00e9es personnelles a eu lieu ou a lieu de mani\u00e8re ill\u00e9gale, vous pouvez demander la restriction du traitement des donn\u00e9es au lieu de leur suppression.<\/li>\n\n\n\n<li>Si nous n&rsquo;avons plus besoin de vos donn\u00e9es personnelles, mais que vous en avez besoin pour exercer, d\u00e9fendre ou faire valoir des droits l\u00e9gaux, vous avez le droit de demander la restriction du traitement de vos donn\u00e9es personnelles au lieu de leur suppression.<\/li>\n\n\n\n<li>Si vous avez formul\u00e9 une objection conform\u00e9ment \u00e0 l&rsquo;art. 211 du RGPD, une mise en balance de vos int\u00e9r\u00eats et des n\u00f4tres doit \u00eatre effectu\u00e9e. Tant qu&rsquo;il n&rsquo;a pas \u00e9t\u00e9 d\u00e9termin\u00e9 quels int\u00e9r\u00eats pr\u00e9valent, vous avez le droit de demander la limitation du traitement de vos donn\u00e9es \u00e0 caract\u00e8re personnel.<\/li>\n\n\n\n<li>Si vous avez limit\u00e9 le traitement de vos donn\u00e9es personnelles, celles-ci ne peuvent \u00eatre trait\u00e9es &#8211; outre leur conservation &#8211; qu&rsquo;avec votre consentement ou pour faire valoir, exercer ou d\u00e9fendre des droits en justice ou pour prot\u00e9ger les droits d&rsquo;une autre personne physique ou morale ou pour des raisons d&rsquo;int\u00e9r\u00eat public important de l&rsquo;Union europ\u00e9enne ou d&rsquo;un \u00c9tat membre.<\/li>\n<\/ul>\n\n\n\n<h3 class=\"wp-block-heading\">Opposition aux courriels publicitaires<\/h3>\n\n\n\n<p class=\"has-small-font-size\">L&rsquo;utilisation des donn\u00e9es de contact fournies ci-dessus pour la transmission de publicit\u00e9 et de mat\u00e9riel d&rsquo;information non explicitement demand\u00e9s n&rsquo;est pas autoris\u00e9e. Le fournisseur de ce site web se r\u00e9serve express\u00e9ment le droit d&rsquo;intenter une action en justice en cas d&rsquo;envoi non sollicit\u00e9 d&rsquo;informations publicitaires, par exemple par le biais de courriers \u00e9lectroniques non sollicit\u00e9s (spam).<\/p>\n\n\n\n<h2 class=\"wp-block-heading\">3. Collecte de donn\u00e9es sur notre site web<\/h2>\n\n\n\n<p>D&rsquo;une part, vos donn\u00e9es sont collect\u00e9es lorsque vous nous les fournissez. Il peut s&rsquo;agir, par exemple, de donn\u00e9es que vous saisissez dans un formulaire de contact.<\/p>\n\n\n\n<h3 class=\"wp-block-heading\">Formulaire de contact<\/h3>\n\n\n\n<p>Si vous nous envoyez une demande via le formulaire de contact, vos donn\u00e9es, y compris les donn\u00e9es de contact que vous avez fournies, seront stock\u00e9es par nous dans le but de traiter la demande et en cas de questions de suivi. Nous ne partageons pas ces donn\u00e9es sans votre consentement.<\/p>\n\n\n\n<p>Le traitement des donn\u00e9es saisies dans le formulaire de contact repose donc exclusivement sur votre consentement (article 6 -1-a du RGPD). Vous pouvez r\u00e9voquer ce consentement \u00e0 tout moment. Pour ce faire, une communication informelle par e-mail est suffisante. La l\u00e9galit\u00e9 des traitements de donn\u00e9es effectu\u00e9s jusqu&rsquo;\u00e0 la r\u00e9vocation n&rsquo;est pas affect\u00e9e par cette derni\u00e8re.<\/p>\n\n\n\n<p>Les donn\u00e9es que vous fournissez dans le formulaire de contact resteront chez nous jusqu&rsquo;\u00e0 ce que vous nous demandiez de les supprimer, que vous r\u00e9voquiez votre consentement \u00e0 les conserver ou que la raison de la conservation des donn\u00e9es ne s&rsquo;applique plus (par exemple, apr\u00e8s que nous avons termin\u00e9 le traitement de votre demande). Les dispositions l\u00e9gales obligatoires &#8211; en particulier les d\u00e9lais de conservation &#8211; ne sont pas affect\u00e9es.<\/p>\n\n\n\n<h3 class=\"wp-block-heading\">Cookies<\/h3>\n\n\n\n<p>Le site web utilise en partie des \u00ab\u00a0cookies\u00a0\u00bb. Les cookies ne causent aucun dommage \u00e0 votre ordinateur et ne contiennent pas de virus. Les cookies servent \u00e0 rendre notre offre plus conviviale, plus efficace et plus s\u00fbre. Les cookies sont de petits fichiers texte qui sont stock\u00e9s sur votre ordinateur et sauvegard\u00e9s par votre navigateur.<\/p>\n\n\n\n<p>La plupart des cookies que nous utilisons sont des \u00ab\u00a0cookies de session\u00a0\u00bb. Ils sont automatiquement supprim\u00e9s \u00e0 la fin de votre visite. D&rsquo;autres cookies restent stock\u00e9s sur votre appareil jusqu&rsquo;\u00e0 ce que vous les supprimiez. Ces cookies nous permettent de reconna\u00eetre votre navigateur lors de votre prochaine visite.<\/p>\n\n\n\n<p>Vous pouvez configurer votre navigateur de mani\u00e8re \u00e0 \u00eatre inform\u00e9 de la mise en place de cookies et \u00e0 ne les autoriser que dans des cas particuliers, \u00e0 les d\u00e9sactiver dans des cas particuliers ou de mani\u00e8re g\u00e9n\u00e9rale et \u00e0 activer la suppression automatique des cookies \u00e0 la fermeture du navigateur. Si les cookies sont d\u00e9sactiv\u00e9s, la fonctionnalit\u00e9 de ce site web peut en \u00eatre affect\u00e9e.<\/p>\n\n\n\n<p>Les cookies n\u00e9cessaires \u00e0 l&rsquo;ex\u00e9cution du processus de communication \u00e9lectronique ou \u00e0 la fourniture de certaines fonctions souhait\u00e9es par vous sont stock\u00e9s sur la base de l&rsquo;art. 6-1-f du RGPD. Le fournisseur du site web a un int\u00e9r\u00eat l\u00e9gitime \u00e0 stocker des cookies pour une ex\u00e9cution techniquement sans erreur et optimis\u00e9e de ses services. Dans la mesure o\u00f9 d&rsquo;autres cookies (par exemple des cookies pour analyser votre comportement de navigation) sont stock\u00e9s, ils sont trait\u00e9s s\u00e9par\u00e9ment dans cette politique de confidentialit\u00e9.<\/p>\n\n\n\n<h3 class=\"wp-block-heading\">Fichiers journaux du serveur<\/h3>\n\n\n\n<p>Le fournisseur du site web collecte et stocke automatiquement des informations dans ce que l&rsquo;on appelle les fichiers journaux du serveur, que votre navigateur transf\u00e8re automatiquement. Ces fichiers sont les suivants<\/p>\n\n\n\n<ul class=\"wp-block-list\">\n<li>Type et version du navigateur<\/li>\n\n\n\n<li>Syst\u00e8me d&rsquo;exploitation utilis\u00e9<\/li>\n\n\n\n<li>URL du r\u00e9f\u00e9rent<\/li>\n\n\n\n<li>Host name of the accessing computer<\/li>\n\n\n\n<li>Heure de la requ\u00eate du serveur<\/li>\n\n\n\n<li>Adresse IP<\/li>\n<\/ul>\n\n\n\n<p>Ces donn\u00e9es ne sont pas combin\u00e9es avec d&rsquo;autres sources de donn\u00e9es<\/p>\n\n\n\n<p class=\"has-small-font-size\">La collecte de ces donn\u00e9es est fond\u00e9e sur l&rsquo;art. 6-1-f du RGPD. Le fournisseur du site web a un int\u00e9r\u00eat l\u00e9gitime \u00e0 ce que la pr\u00e9sentation et l&rsquo;optimisation de son site web soient techniquement exemptes d&rsquo;erreurs &#8211; \u00e0 cette fin, des fichiers journaux de serveur sont collect\u00e9s.<\/p>\n\n\n\n<h2 class=\"wp-block-heading\">4. Outils tiers<\/h2>\n\n\n\n<h3 class=\"wp-block-heading\">YouTube video integration<\/h3>\n\n\n\n<p>Notre site utilise un plugin du site YouTube, exploit\u00e9 par Google. L&rsquo;exploitant de ce site est Google Ireland Limited (\u00ab\u00a0Google\u00a0\u00bb), Gordon House, Barrow Street, Dublin 4, Irlande.<\/p>\n\n\n\n<p>Lorsque vous visitez l&rsquo;une de nos pages avec un plugin YouTube, une connexion est \u00e9tablie avec les serveurs de YouTube. Ce faisant, le serveur YouTube est inform\u00e9 des pages que vous avez visit\u00e9es.<\/p>\n\n\n\n<p>En outre, YouTube peut stocker diff\u00e9rents cookies sur votre appareil. Gr\u00e2ce \u00e0 ces cookies, Youtube peut obtenir des informations sur les visiteurs de notre site web. Ces informations sont utilis\u00e9es, entre autres, pour collecter des statistiques sur les vid\u00e9os, am\u00e9liorer l&rsquo;exp\u00e9rience des utilisateurs et pr\u00e9venir les tentatives de fraude. Les cookies restent sur votre appareil jusqu&rsquo;\u00e0 ce que vous les supprimiez.<\/p>\n\n\n\n<p>Si vous \u00eates connect\u00e9 \u00e0 votre compte YouTube, vous permettez \u00e0 YouTube d&rsquo;attribuer votre comportement de navigation directement \u00e0 votre profil personnel. Vous pouvez emp\u00eacher cela en vous d\u00e9connectant de votre compte YouTube.<\/p>\n\n\n\n<p>YouTube est utilis\u00e9 dans l&rsquo;int\u00e9r\u00eat d&rsquo;une pr\u00e9sentation attrayante de nos offres en ligne. Il s&rsquo;agit d&rsquo;un int\u00e9r\u00eat l\u00e9gitime au sens de l&rsquo;art. 6-1-f du RGPD.<\/p>\n\n\n\n<p class=\"has-small-font-size\">Pour plus d&rsquo;informations sur le traitement des donn\u00e9es des utilisateurs, veuillez consulter la politique de confidentialit\u00e9 de YouTube \u00e0 l&rsquo;adresse suivante : https:\/\/policies.google.com\/privacy?hl=en<\/p>\n\n\n\n<h2 class=\"wp-block-heading\">5. Outils d&rsquo;analyse<\/h2>\n\n\n\n<h3 class=\"wp-block-heading\">Matomo (ex-Piwik)<\/h3>\n\n\n\n<p>Ce site web utilise le service d&rsquo;analyse web open source Matomo. Matomo fonctionne sans cookies, ce qui signifie qu&rsquo;aucun cookie n&rsquo;est stock\u00e9 sur votre ordinateur \u00e0 des fins d&rsquo;analyse du web. Les adresses IP sont suivies dans le but d&rsquo;analyser l&rsquo;utilisation du site web. Elles sont rendues anonymes avant d&rsquo;\u00eatre stock\u00e9es.<\/p>\n\n\n\n<p>L&rsquo;utilisation de cet outil d&rsquo;analyse est bas\u00e9e sur l&rsquo;art. 6-1-f du RGPD. Le fournisseur du site web a un int\u00e9r\u00eat l\u00e9gitime dans l&rsquo;analyse anonyme du comportement des utilisateurs afin d&rsquo;optimiser \u00e0 la fois son offre web et sa publicit\u00e9.<\/p>\n\n\n\n<p class=\"has-small-font-size\">Si vous n&rsquo;\u00eates pas d&rsquo;accord avec le stockage et l&rsquo;utilisation de vos donn\u00e9es, vous pouvez d\u00e9sactiver le stockage et l&rsquo;utilisation ici. Dans ce cas, un cookie de d\u00e9sactivation sera stock\u00e9 dans votre navigateur et emp\u00eachera Matomo de stocker les donn\u00e9es d&rsquo;utilisation. Si vous supprimez vos cookies, le cookie d&rsquo;opt-out de Matomo sera \u00e9galement supprim\u00e9. L&rsquo;opt-out doit \u00eatre r\u00e9activ\u00e9 lorsque vous visitez \u00e0 nouveau notre site.<\/p>\n<\/div><\/div>\n<\/div><\/div>\n","protected":false},"excerpt":{"rendered":"","protected":false},"author":3,"featured_media":0,"parent":0,"menu_order":0,"comment_status":"closed","ping_status":"closed","template":"","meta":{"_acf_changed":false,"_uag_custom_page_level_css":"","_genesis_hide_title":true,"_genesis_hide_breadcrumbs":false,"_genesis_hide_singular_image":false,"_genesis_hide_footer_widgets":false,"_genesis_custom_body_class":"","_genesis_custom_post_class":"","_genesis_layout":"","footnotes":""},"class_list":{"0":"post-3159","1":"page","2":"type-page","3":"status-publish","5":"entry"},"acf":[],"featured_image_src":null,"featured_image_src_square":null,"uagb_featured_image_src":{"full":false,"thumbnail":false,"medium":false,"medium_large":false,"large":false,"1536x1536":false,"2048x2048":false,"sidebar-featured":false,"genesis-singular-images":false,"gb-block-post-grid-landscape":false,"gb-block-post-grid-square":false},"uagb_author_info":{"display_name":"Tanja L.","author_link":"https:\/\/dictator.ca\/fr\/author\/t-lang\/"},"uagb_comment_info":0,"uagb_excerpt":null,"_links":{"self":[{"href":"https:\/\/dictator.ca\/fr\/wp-json\/wp\/v2\/pages\/3159","targetHints":{"allow":["GET"]}}],"collection":[{"href":"https:\/\/dictator.ca\/fr\/wp-json\/wp\/v2\/pages"}],"about":[{"href":"https:\/\/dictator.ca\/fr\/wp-json\/wp\/v2\/types\/page"}],"author":[{"embeddable":true,"href":"https:\/\/dictator.ca\/fr\/wp-json\/wp\/v2\/users\/3"}],"replies":[{"embeddable":true,"href":"https:\/\/dictator.ca\/fr\/wp-json\/wp\/v2\/comments?post=3159"}],"version-history":[{"count":4,"href":"https:\/\/dictator.ca\/fr\/wp-json\/wp\/v2\/pages\/3159\/revisions"}],"predecessor-version":[{"id":3590,"href":"https:\/\/dictator.ca\/fr\/wp-json\/wp\/v2\/pages\/3159\/revisions\/3590"}],"wp:attachment":[{"href":"https:\/\/dictator.ca\/fr\/wp-json\/wp\/v2\/media?parent=3159"}],"curies":[{"name":"wp","href":"https:\/\/api.w.org\/{rel}","templated":true}]}}