{"id":3156,"date":"2023-12-13T12:13:06","date_gmt":"2023-12-13T11:13:06","guid":{"rendered":"https:\/\/dictator.ca\/?page_id=3156"},"modified":"2024-09-05T10:16:47","modified_gmt":"2024-09-05T08:16:47","slug":"news","status":"publish","type":"page","link":"https:\/\/dictator.ca\/fr\/news\/","title":{"rendered":"News"},"content":{"rendered":"\n<div class=\"wp-block-genesis-blocks-gb-columns gb-layout-columns-1 one-column\"><div class=\"gb-layout-column-wrap gb-block-layout-column-gap-2 gb-is-responsive-column\">\n<div class=\"wp-block-genesis-blocks-gb-column gb-block-layout-column\"><div class=\"gb-block-layout-column-inner\">\n\n\n<h1 class=\"wp-block-heading\" style=\"margin-top:var(--wp--preset--spacing--40);margin-bottom:var(--wp--preset--spacing--30)\">NEWS<\/h1>\n\n\n\n<div class=\"wp-block-genesis-blocks-gb-columns gb-layout-columns-1 one-column\"><div class=\"gb-layout-column-wrap gb-block-layout-column-gap-2 gb-is-responsive-column\">\n<div class=\"wp-block-genesis-blocks-gb-column gb-block-layout-column\"><div class=\"gb-block-layout-column-inner\">\n\t\t\t<div class=\"wp-block-uagb-post-grid uagb-post-grid  uagb-post__image-position-top uagb-post__image-enabled uagb-block-d52a5eb6     uagb-post__items uagb-post__columns-4 is-grid uagb-post__columns-tablet-2 uagb-post__columns-mobile-1 uagb-post__equal-height\" data-total=\"1\" style=\"\">\n\n\t\t\t\t\t\t\t\t\t\t\t\t<article class=\"uagb-post__inner-wrap\">\t\t\t\t\t\t\t\t<div class='uagb-post__image'>\n\t\t\t\t\t\t\t\t\t<a href=\"https:\/\/dictator.ca\/fr\/portes-battantes-exterieur-fermeture-sure\/\" target=\"_self\" rel=\"bookmark noopener noreferrer\" class='uagb-image-ratio-2-3'><img loading=\"lazy\" decoding=\"async\" width=\"600\" height=\"400\" src=\"https:\/\/dictator.ca\/wp-content\/uploads\/2025\/02\/Oil-damper-on-gate-with-ascending-hinges-600x400.jpg\" class=\"attachment-gb-block-post-grid-landscape size-gb-block-post-grid-landscape\" alt=\"\" \/>\t\t\t\t\t<\/a>\n\t\t\t\t\t\t\t<\/div>\n\t\t\t\t\t\t<h4 class=\"uagb-post__title uagb-post__text\">\n\t\t\t\t<a href=\"https:\/\/dictator.ca\/fr\/portes-battantes-exterieur-fermeture-sure\/\" target=\"_self\" rel=\"bookmark noopener noreferrer\">Portes battantes \u00e0 charni\u00e8res montantes \u00e0 l\u2019ext\u00e9rieur \u2013 fermeture s\u00fbre et sans accident<\/a>\n\t\t\t<\/h4>\n\t\t\t\t\t\t<div class='uagb-post__text uagb-post-grid-byline'>\n\t\t\t\t\t\t\t\t<time datetime=\"2025-03-06T10:34:44+01:00\" class=\"uagb-post__date\">\n\t\t\t\t\t\t\t\t\t6. mars 2025\t\t\t\t<\/time>\n\t\t\t\t\t\t<\/div>\n\t\t\t\t\t\t<div class=\"uagb-post__text uagb-post__cta wp-block-button\">\n\t\t\t\t<a class=\"wp-block-button__link uagb-text-link\" style=\"\" href=\"https:\/\/dictator.ca\/fr\/portes-battantes-exterieur-fermeture-sure\/\" target=\"_self\" rel=\"bookmark noopener noreferrer\">Lire plus<\/a>\n\t\t\t<\/div>\n\t\t\t\n\t\t\t\t\t\t\t\t\t<\/article>\n\t\t\t\t\t\t\t\t\t\t\t\t\t\t\t\t<article class=\"uagb-post__inner-wrap\">\t\t\t\t\t\t\t\t<div class='uagb-post__image'>\n\t\t\t\t\t\t\t\t\t<a href=\"https:\/\/dictator.ca\/fr\/economies-energie-fermeture-etanche-portes\/\" target=\"_self\" rel=\"bookmark noopener noreferrer\" class='uagb-image-ratio-2-3'><img loading=\"lazy\" decoding=\"async\" width=\"400\" height=\"400\" src=\"https:\/\/dictator.ca\/wp-content\/uploads\/2025\/01\/door-damper-cold-room-door-400x400.jpg\" class=\"attachment-gb-block-post-grid-landscape size-gb-block-post-grid-landscape\" alt=\"\" srcset=\"https:\/\/dictator.ca\/wp-content\/uploads\/2025\/01\/door-damper-cold-room-door-400x400.jpg 400w, https:\/\/dictator.ca\/wp-content\/uploads\/2025\/01\/door-damper-cold-room-door-150x150.jpg 150w, https:\/\/dictator.ca\/wp-content\/uploads\/2025\/01\/door-damper-cold-room-door-75x75.jpg 75w\" sizes=\"auto, (max-width: 400px) 100vw, 400px\" \/>\t\t\t\t\t<\/a>\n\t\t\t\t\t\t\t<\/div>\n\t\t\t\t\t\t<h4 class=\"uagb-post__title uagb-post__text\">\n\t\t\t\t<a href=\"https:\/\/dictator.ca\/fr\/economies-energie-fermeture-etanche-portes\/\" target=\"_self\" rel=\"bookmark noopener noreferrer\">R\u00e9duction des co\u00fbts et \u00e9conomies d\u2019\u00e9nergie gr\u00e2ce \u00e0 une fermeture \u00e9tanche des portes<\/a>\n\t\t\t<\/h4>\n\t\t\t\t\t\t<div class='uagb-post__text uagb-post-grid-byline'>\n\t\t\t\t\t\t\t\t<time datetime=\"2025-02-13T14:58:37+01:00\" class=\"uagb-post__date\">\n\t\t\t\t\t\t\t\t\t13. f\u00e9vrier 2025\t\t\t\t<\/time>\n\t\t\t\t\t\t<\/div>\n\t\t\t\t\t\t<div class=\"uagb-post__text uagb-post__cta wp-block-button\">\n\t\t\t\t<a class=\"wp-block-button__link uagb-text-link\" style=\"\" href=\"https:\/\/dictator.ca\/fr\/economies-energie-fermeture-etanche-portes\/\" target=\"_self\" rel=\"bookmark noopener noreferrer\">Lire plus<\/a>\n\t\t\t<\/div>\n\t\t\t\n\t\t\t\t\t\t\t\t\t<\/article>\n\t\t\t\t\t\t\t\t\t\t\t\t\t\t\t\t<article class=\"uagb-post__inner-wrap\">\t\t\t\t\t\t\t\t<div class='uagb-post__image'>\n\t\t\t\t\t\t\t\t\t<a href=\"https:\/\/dictator.ca\/fr\/amortisseurs-portes-coulissantes-empechent-bruits-forts-fermeture\/\" target=\"_self\" rel=\"bookmark noopener noreferrer\" class='uagb-image-ratio-2-3'><img loading=\"lazy\" decoding=\"async\" width=\"480\" height=\"400\" src=\"https:\/\/dictator.ca\/wp-content\/uploads\/2024\/07\/doordamper-closed-slidingdoor-rotated-1-480x400.jpeg\" class=\"attachment-gb-block-post-grid-landscape size-gb-block-post-grid-landscape\" alt=\"\" \/>\t\t\t\t\t<\/a>\n\t\t\t\t\t\t\t<\/div>\n\t\t\t\t\t\t<h4 class=\"uagb-post__title uagb-post__text\">\n\t\t\t\t<a href=\"https:\/\/dictator.ca\/fr\/amortisseurs-portes-coulissantes-empechent-bruits-forts-fermeture\/\" target=\"_self\" rel=\"bookmark noopener noreferrer\">Les amortisseurs de porte DICTATOR am\u00e9liorent l&rsquo;environnement th\u00e9rapeutique dans une clinique d&rsquo;autisme en Ontario<\/a>\n\t\t\t<\/h4>\n\t\t\t\t\t\t<div class='uagb-post__text uagb-post-grid-byline'>\n\t\t\t\t\t\t\t\t<time datetime=\"2024-06-21T10:19:24+02:00\" class=\"uagb-post__date\">\n\t\t\t\t\t\t\t\t\t21. juin 2024\t\t\t\t<\/time>\n\t\t\t\t\t\t<\/div>\n\t\t\t\t\t\t<div class=\"uagb-post__text uagb-post__cta wp-block-button\">\n\t\t\t\t<a class=\"wp-block-button__link uagb-text-link\" style=\"\" href=\"https:\/\/dictator.ca\/fr\/amortisseurs-portes-coulissantes-empechent-bruits-forts-fermeture\/\" target=\"_self\" rel=\"bookmark noopener noreferrer\">Lire plus<\/a>\n\t\t\t<\/div>\n\t\t\t\n\t\t\t\t\t\t\t\t\t<\/article>\n\t\t\t\t\t\t\t\t\t\t\t\t\t\t\t\t<article class=\"uagb-post__inner-wrap\">\t\t\t\t\t\t\t\t<div class='uagb-post__image'>\n\t\t\t\t\t\t\t\t\t<a href=\"https:\/\/dictator.ca\/fr\/solutions-resistantes-intemperies-mouvement-portes-controles\/\" target=\"_self\" rel=\"bookmark noopener noreferrer\" class='uagb-image-ratio-2-3'><img loading=\"lazy\" decoding=\"async\" width=\"400\" height=\"400\" src=\"https:\/\/dictator.ca\/wp-content\/uploads\/2024\/07\/Broken-glass-door.jpg\" class=\"attachment-gb-block-post-grid-landscape size-gb-block-post-grid-landscape\" alt=\"\" srcset=\"https:\/\/dictator.ca\/wp-content\/uploads\/2024\/07\/Broken-glass-door.jpg 400w, https:\/\/dictator.ca\/wp-content\/uploads\/2024\/07\/Broken-glass-door-300x300.jpg 300w, https:\/\/dictator.ca\/wp-content\/uploads\/2024\/07\/Broken-glass-door-150x150.jpg 150w, https:\/\/dictator.ca\/wp-content\/uploads\/2024\/07\/Broken-glass-door-75x75.jpg 75w\" sizes=\"auto, (max-width: 400px) 100vw, 400px\" \/>\t\t\t\t\t<\/a>\n\t\t\t\t\t\t\t<\/div>\n\t\t\t\t\t\t<h4 class=\"uagb-post__title uagb-post__text\">\n\t\t\t\t<a href=\"https:\/\/dictator.ca\/fr\/solutions-resistantes-intemperies-mouvement-portes-controles\/\" target=\"_self\" rel=\"bookmark noopener noreferrer\">Solutions r\u00e9sistantes aux intemp\u00e9ries pour des mouvements de porte contr\u00f4l\u00e9s<\/a>\n\t\t\t<\/h4>\n\t\t\t\t\t\t<div class='uagb-post__text uagb-post-grid-byline'>\n\t\t\t\t\t\t\t\t<time datetime=\"2023-02-20T10:41:12+01:00\" class=\"uagb-post__date\">\n\t\t\t\t\t\t\t\t\t20. f\u00e9vrier 2023\t\t\t\t<\/time>\n\t\t\t\t\t\t<\/div>\n\t\t\t\t\t\t<div class=\"uagb-post__text uagb-post__cta wp-block-button\">\n\t\t\t\t<a class=\"wp-block-button__link uagb-text-link\" style=\"\" href=\"https:\/\/dictator.ca\/fr\/solutions-resistantes-intemperies-mouvement-portes-controles\/\" target=\"_self\" rel=\"bookmark noopener noreferrer\">Lire plus<\/a>\n\t\t\t<\/div>\n\t\t\t\n\t\t\t\t\t\t\t\t\t<\/article>\n\t\t\t\t\t\t\t\t\t\t\t\t\t\t\t\t<article class=\"uagb-post__inner-wrap\">\t\t\t\t\t\t\t\t<div class='uagb-post__image'>\n\t\t\t\t\t\t\t\t\t<a href=\"https:\/\/dictator.ca\/fr\/representation-dictator-canada\/\" target=\"_self\" rel=\"bookmark noopener noreferrer\" class='uagb-image-ratio-2-3'><img loading=\"lazy\" decoding=\"async\" width=\"400\" height=\"354\" src=\"https:\/\/dictator.ca\/wp-content\/uploads\/2024\/07\/Canada-map-eklecmatic.jpg\" class=\"attachment-gb-block-post-grid-landscape size-gb-block-post-grid-landscape\" alt=\"\" srcset=\"https:\/\/dictator.ca\/wp-content\/uploads\/2024\/07\/Canada-map-eklecmatic.jpg 400w, https:\/\/dictator.ca\/wp-content\/uploads\/2024\/07\/Canada-map-eklecmatic-300x266.jpg 300w\" sizes=\"auto, (max-width: 400px) 100vw, 400px\" \/>\t\t\t\t\t<\/a>\n\t\t\t\t\t\t\t<\/div>\n\t\t\t\t\t\t<h4 class=\"uagb-post__title uagb-post__text\">\n\t\t\t\t<a href=\"https:\/\/dictator.ca\/fr\/representation-dictator-canada\/\" target=\"_self\" rel=\"bookmark noopener noreferrer\">Nouvelle repr\u00e9sentation DICTATOR au Canada<\/a>\n\t\t\t<\/h4>\n\t\t\t\t\t\t<div class='uagb-post__text uagb-post-grid-byline'>\n\t\t\t\t\t\t\t\t<time datetime=\"2022-11-04T10:55:49+01:00\" class=\"uagb-post__date\">\n\t\t\t\t\t\t\t\t\t4. novembre 2022\t\t\t\t<\/time>\n\t\t\t\t\t\t<\/div>\n\t\t\t\t\t\t<div class=\"uagb-post__text uagb-post__cta wp-block-button\">\n\t\t\t\t<a class=\"wp-block-button__link uagb-text-link\" style=\"\" href=\"https:\/\/dictator.ca\/fr\/representation-dictator-canada\/\" target=\"_self\" rel=\"bookmark noopener noreferrer\">Lire plus<\/a>\n\t\t\t<\/div>\n\t\t\t\n\t\t\t\t\t\t\t\t\t<\/article>\n\t\t\t\t\t\t\t\t\t\t\t\t\t\t\t\t<article class=\"uagb-post__inner-wrap\">\t\t\t\t\t\t\t\t<div class='uagb-post__image'>\n\t\t\t\t\t\t\t\t\t<a href=\"https:\/\/dictator.ca\/fr\/amortisseurs-porte-dictator-anniversaire\/\" target=\"_self\" rel=\"bookmark noopener noreferrer\" class='uagb-image-ratio-2-3'><img loading=\"lazy\" decoding=\"async\" width=\"600\" height=\"400\" src=\"https:\/\/dictator.ca\/wp-content\/uploads\/2024\/07\/DICTATOR-company-car-door-dampers-1932-600x400.jpg\" class=\"attachment-gb-block-post-grid-landscape size-gb-block-post-grid-landscape\" alt=\"\" srcset=\"https:\/\/dictator.ca\/wp-content\/uploads\/2024\/07\/DICTATOR-company-car-door-dampers-1932-600x400.jpg 600w, https:\/\/dictator.ca\/wp-content\/uploads\/2024\/07\/DICTATOR-company-car-door-dampers-1932-300x200.jpg 300w, https:\/\/dictator.ca\/wp-content\/uploads\/2024\/07\/DICTATOR-company-car-door-dampers-1932-768x512.jpg 768w, https:\/\/dictator.ca\/wp-content\/uploads\/2024\/07\/DICTATOR-company-car-door-dampers-1932.jpg 900w\" sizes=\"auto, (max-width: 600px) 100vw, 600px\" \/>\t\t\t\t\t<\/a>\n\t\t\t\t\t\t\t<\/div>\n\t\t\t\t\t\t<h4 class=\"uagb-post__title uagb-post__text\">\n\t\t\t\t<a href=\"https:\/\/dictator.ca\/fr\/amortisseurs-porte-dictator-anniversaire\/\" target=\"_self\" rel=\"bookmark noopener noreferrer\">\u201cDictator\u201d f\u00eate ses 90 ans<\/a>\n\t\t\t<\/h4>\n\t\t\t\t\t\t<div class='uagb-post__text uagb-post-grid-byline'>\n\t\t\t\t\t\t\t\t<time datetime=\"2022-11-03T11:07:11+01:00\" class=\"uagb-post__date\">\n\t\t\t\t\t\t\t\t\t3. novembre 2022\t\t\t\t<\/time>\n\t\t\t\t\t\t<\/div>\n\t\t\t\t\t\t<div class=\"uagb-post__text uagb-post__cta wp-block-button\">\n\t\t\t\t<a class=\"wp-block-button__link uagb-text-link\" style=\"\" href=\"https:\/\/dictator.ca\/fr\/amortisseurs-porte-dictator-anniversaire\/\" target=\"_self\" rel=\"bookmark noopener noreferrer\">Lire plus<\/a>\n\t\t\t<\/div>\n\t\t\t\n\t\t\t\t\t\t\t\t\t<\/article>\n\t\t\t\t\t\t\t\t\t\t\t\t\t\t\t\t<article class=\"uagb-post__inner-wrap\">\t\t\t\t\t\t\t\t<div class='uagb-post__image'>\n\t\t\t\t\t\t\t\t\t<a href=\"https:\/\/dictator.ca\/fr\/ferme-porte-sol-wab-180-derniere-generation\/\" target=\"_self\" rel=\"bookmark noopener noreferrer\" class='uagb-image-ratio-2-3'><img loading=\"lazy\" decoding=\"async\" width=\"600\" height=\"400\" src=\"https:\/\/dictator.ca\/wp-content\/uploads\/2024\/07\/Floor-spring-WAB-180-600x400.jpg\" class=\"attachment-gb-block-post-grid-landscape size-gb-block-post-grid-landscape\" alt=\"\" \/>\t\t\t\t\t<\/a>\n\t\t\t\t\t\t\t<\/div>\n\t\t\t\t\t\t<h4 class=\"uagb-post__title uagb-post__text\">\n\t\t\t\t<a href=\"https:\/\/dictator.ca\/fr\/ferme-porte-sol-wab-180-derniere-generation\/\" target=\"_self\" rel=\"bookmark noopener noreferrer\">Ferme-porte au sol WAB 180 de derni\u00e8re g\u00e9n\u00e9ration<\/a>\n\t\t\t<\/h4>\n\t\t\t\t\t\t<div class='uagb-post__text uagb-post-grid-byline'>\n\t\t\t\t\t\t\t\t<time datetime=\"2021-10-18T11:39:31+02:00\" class=\"uagb-post__date\">\n\t\t\t\t\t\t\t\t\t18. octobre 2021\t\t\t\t<\/time>\n\t\t\t\t\t\t<\/div>\n\t\t\t\t\t\t<div class=\"uagb-post__text uagb-post__cta wp-block-button\">\n\t\t\t\t<a class=\"wp-block-button__link uagb-text-link\" style=\"\" href=\"https:\/\/dictator.ca\/fr\/ferme-porte-sol-wab-180-derniere-generation\/\" target=\"_self\" rel=\"bookmark noopener noreferrer\">Lire plus<\/a>\n\t\t\t<\/div>\n\t\t\t\n\t\t\t\t\t\t\t\t\t<\/article>\n\t\t\t\t\t\t\t\t\t\t\t\t\t\t\t\t<article class=\"uagb-post__inner-wrap\">\t\t\t\t\t\t\t\t<div class='uagb-post__image'>\n\t\t\t\t\t\t\t\t\t<a href=\"https:\/\/dictator.ca\/fr\/nouveau-catalogue-ferme-portes-accessoires\/\" target=\"_self\" rel=\"bookmark noopener noreferrer\" class='uagb-image-ratio-2-3'><img loading=\"lazy\" decoding=\"async\" width=\"430\" height=\"400\" src=\"https:\/\/dictator.ca\/wp-content\/uploads\/2024\/07\/Door-closing-solutions-catalog-title-page-430x400.jpg\" class=\"attachment-gb-block-post-grid-landscape size-gb-block-post-grid-landscape\" alt=\"\" \/>\t\t\t\t\t<\/a>\n\t\t\t\t\t\t\t<\/div>\n\t\t\t\t\t\t<h4 class=\"uagb-post__title uagb-post__text\">\n\t\t\t\t<a href=\"https:\/\/dictator.ca\/fr\/nouveau-catalogue-ferme-portes-accessoires\/\" target=\"_self\" rel=\"bookmark noopener noreferrer\">Le nouveau catalogue de Ferme-portes et accessoires est l\u00e0 !<\/a>\n\t\t\t<\/h4>\n\t\t\t\t\t\t<div class='uagb-post__text uagb-post-grid-byline'>\n\t\t\t\t\t\t\t\t<time datetime=\"2021-10-18T11:23:36+02:00\" class=\"uagb-post__date\">\n\t\t\t\t\t\t\t\t\t18. octobre 2021\t\t\t\t<\/time>\n\t\t\t\t\t\t<\/div>\n\t\t\t\t\t\t<div class=\"uagb-post__text uagb-post__cta wp-block-button\">\n\t\t\t\t<a class=\"wp-block-button__link uagb-text-link\" style=\"\" href=\"https:\/\/dictator.ca\/fr\/nouveau-catalogue-ferme-portes-accessoires\/\" target=\"_self\" rel=\"bookmark noopener noreferrer\">Lire plus<\/a>\n\t\t\t<\/div>\n\t\t\t\n\t\t\t\t\t\t\t\t\t<\/article>\n\t\t\t\t\t\t\t\t\t\t\t\t\t\t\t\t<article class=\"uagb-post__inner-wrap\">\t\t\t\t\t\t\t\t<div class='uagb-post__image'>\n\t\t\t\t\t\t\t\t\t<a href=\"https:\/\/dictator.ca\/fr\/ressorts-gaz-amortisseurs-montage-fixe-laques\/\" target=\"_self\" rel=\"bookmark noopener noreferrer\" class='uagb-image-ratio-2-3'><img loading=\"lazy\" decoding=\"async\" width=\"600\" height=\"400\" src=\"https:\/\/dictator.ca\/wp-content\/uploads\/2024\/07\/gas-springs-painted-vs-galvanized-1-600x400.jpg\" class=\"attachment-gb-block-post-grid-landscape size-gb-block-post-grid-landscape\" alt=\"\" \/>\t\t\t\t\t<\/a>\n\t\t\t\t\t\t\t<\/div>\n\t\t\t\t\t\t<h4 class=\"uagb-post__title uagb-post__text\">\n\t\t\t\t<a href=\"https:\/\/dictator.ca\/fr\/ressorts-gaz-amortisseurs-montage-fixe-laques\/\" target=\"_self\" rel=\"bookmark noopener noreferrer\">Ressorts \u00e0 gaz et amortisseurs en montage fixe laqu\u00e9s \u00e0 partir de 2021<\/a>\n\t\t\t<\/h4>\n\t\t\t\t\t\t<div class='uagb-post__text uagb-post-grid-byline'>\n\t\t\t\t\t\t\t\t<time datetime=\"2021-10-17T12:08:58+02:00\" class=\"uagb-post__date\">\n\t\t\t\t\t\t\t\t\t17. octobre 2021\t\t\t\t<\/time>\n\t\t\t\t\t\t<\/div>\n\t\t\t\t\t\t<div class=\"uagb-post__text uagb-post__cta wp-block-button\">\n\t\t\t\t<a class=\"wp-block-button__link uagb-text-link\" style=\"\" href=\"https:\/\/dictator.ca\/fr\/ressorts-gaz-amortisseurs-montage-fixe-laques\/\" target=\"_self\" rel=\"bookmark noopener noreferrer\">Lire plus<\/a>\n\t\t\t<\/div>\n\t\t\t\n\t\t\t\t\t\t\t\t\t<\/article>\n\t\t\t\t\t\t\t\t\t\t\t\t\t\t\t\t<article class=\"uagb-post__inner-wrap\">\t\t\t\t\t\t\t\t<div class='uagb-post__image'>\n\t\t\t\t\t\t\t\t\t<a href=\"https:\/\/dictator.ca\/fr\/ferme-porte-direkt-portails-battants-larges-lourds\/\" target=\"_self\" rel=\"bookmark noopener noreferrer\" class='uagb-image-ratio-2-3'><img loading=\"lazy\" decoding=\"async\" width=\"600\" height=\"400\" src=\"https:\/\/dictator.ca\/wp-content\/uploads\/2024\/07\/DIREKT-camping-site-600x400.jpg\" class=\"attachment-gb-block-post-grid-landscape size-gb-block-post-grid-landscape\" alt=\"\" \/>\t\t\t\t\t<\/a>\n\t\t\t\t\t\t\t<\/div>\n\t\t\t\t\t\t<h4 class=\"uagb-post__title uagb-post__text\">\n\t\t\t\t<a href=\"https:\/\/dictator.ca\/fr\/ferme-porte-direkt-portails-battants-larges-lourds\/\" target=\"_self\" rel=\"bookmark noopener noreferrer\">Le ferme-porte DIREKT ferme portails battants larges et lourds avec vitesse contr\u00f4l\u00e9e<\/a>\n\t\t\t<\/h4>\n\t\t\t\t\t\t<div class='uagb-post__text uagb-post-grid-byline'>\n\t\t\t\t\t\t\t\t<time datetime=\"2021-06-24T12:35:50+02:00\" class=\"uagb-post__date\">\n\t\t\t\t\t\t\t\t\t24. juin 2021\t\t\t\t<\/time>\n\t\t\t\t\t\t<\/div>\n\t\t\t\t\t\t<div class=\"uagb-post__text uagb-post__cta wp-block-button\">\n\t\t\t\t<a class=\"wp-block-button__link uagb-text-link\" style=\"\" href=\"https:\/\/dictator.ca\/fr\/ferme-porte-direkt-portails-battants-larges-lourds\/\" target=\"_self\" rel=\"bookmark noopener noreferrer\">Lire plus<\/a>\n\t\t\t<\/div>\n\t\t\t\n\t\t\t\t\t\t\t\t\t<\/article>\n\t\t\t\t\t\t\t\t\t\t\t\t\t\t\t\t<article class=\"uagb-post__inner-wrap\">\t\t\t\t\t\t\t\t<div class='uagb-post__image'>\n\t\t\t\t\t\t\t\t\t<a href=\"https:\/\/dictator.ca\/fr\/configurateur-cao-ressorts-gaz-contenu-web\/\" target=\"_self\" rel=\"bookmark noopener noreferrer\" class='uagb-image-ratio-2-3'><img loading=\"lazy\" decoding=\"async\" width=\"600\" height=\"400\" src=\"https:\/\/dictator.ca\/wp-content\/uploads\/2024\/07\/Gas-springs-floor-hatch-landmark-1-600x400.jpg\" class=\"attachment-gb-block-post-grid-landscape size-gb-block-post-grid-landscape\" alt=\"\" srcset=\"https:\/\/dictator.ca\/wp-content\/uploads\/2024\/07\/Gas-springs-floor-hatch-landmark-1-600x400.jpg 600w, https:\/\/dictator.ca\/wp-content\/uploads\/2024\/07\/Gas-springs-floor-hatch-landmark-1-300x200.jpg 300w, https:\/\/dictator.ca\/wp-content\/uploads\/2024\/07\/Gas-springs-floor-hatch-landmark-1.jpg 630w\" sizes=\"auto, (max-width: 600px) 100vw, 600px\" \/>\t\t\t\t\t<\/a>\n\t\t\t\t\t\t\t<\/div>\n\t\t\t\t\t\t<h4 class=\"uagb-post__title uagb-post__text\">\n\t\t\t\t<a href=\"https:\/\/dictator.ca\/fr\/configurateur-cao-ressorts-gaz-contenu-web\/\" target=\"_self\" rel=\"bookmark noopener noreferrer\">Configurateur CAO pour ressorts \u00e0 gaz et nouveau contenu web<\/a>\n\t\t\t<\/h4>\n\t\t\t\t\t\t<div class='uagb-post__text uagb-post-grid-byline'>\n\t\t\t\t\t\t\t\t<time datetime=\"2021-03-08T12:45:06+01:00\" class=\"uagb-post__date\">\n\t\t\t\t\t\t\t\t\t8. mars 2021\t\t\t\t<\/time>\n\t\t\t\t\t\t<\/div>\n\t\t\t\t\t\t<div class=\"uagb-post__text uagb-post__cta wp-block-button\">\n\t\t\t\t<a class=\"wp-block-button__link uagb-text-link\" style=\"\" href=\"https:\/\/dictator.ca\/fr\/configurateur-cao-ressorts-gaz-contenu-web\/\" target=\"_self\" rel=\"bookmark noopener noreferrer\">Lire plus<\/a>\n\t\t\t<\/div>\n\t\t\t\n\t\t\t\t\t\t\t\t\t<\/article>\n\t\t\t\t\t\t\t\t\t\t\t\t\t\t\t\t<article class=\"uagb-post__inner-wrap\">\t\t\t\t\t\t\t\t<div class='uagb-post__image'>\n\t\t\t\t\t\t\t\t\t<a href=\"https:\/\/dictator.ca\/fr\/normes-hygiene-strictes-systeme-sas\/\" target=\"_self\" rel=\"bookmark noopener noreferrer\" class='uagb-image-ratio-2-3'><img loading=\"lazy\" decoding=\"async\" width=\"600\" height=\"400\" src=\"https:\/\/dictator.ca\/wp-content\/uploads\/2024\/07\/OP-doors-with-interlock-control-600x400.jpg\" class=\"attachment-gb-block-post-grid-landscape size-gb-block-post-grid-landscape\" alt=\"\" \/>\t\t\t\t\t<\/a>\n\t\t\t\t\t\t\t<\/div>\n\t\t\t\t\t\t<h4 class=\"uagb-post__title uagb-post__text\">\n\t\t\t\t<a href=\"https:\/\/dictator.ca\/fr\/normes-hygiene-strictes-systeme-sas\/\" target=\"_self\" rel=\"bookmark noopener noreferrer\">Normes d\u2019hygi\u00e8ne les plus strictes gr\u00e2ce \u00e0 un syst\u00e8me sas<\/a>\n\t\t\t<\/h4>\n\t\t\t\t\t\t<div class='uagb-post__text uagb-post-grid-byline'>\n\t\t\t\t\t\t\t\t<time datetime=\"2021-01-15T13:02:11+01:00\" class=\"uagb-post__date\">\n\t\t\t\t\t\t\t\t\t15. janvier 2021\t\t\t\t<\/time>\n\t\t\t\t\t\t<\/div>\n\t\t\t\t\t\t<div class=\"uagb-post__text uagb-post__cta wp-block-button\">\n\t\t\t\t<a class=\"wp-block-button__link uagb-text-link\" style=\"\" href=\"https:\/\/dictator.ca\/fr\/normes-hygiene-strictes-systeme-sas\/\" target=\"_self\" rel=\"bookmark noopener noreferrer\">Lire plus<\/a>\n\t\t\t<\/div>\n\t\t\t\n\t\t\t\t\t\t\t\t\t<\/article>\n\t\t\t\t\t\t\t\t\t\t\t<\/div>\n\t\t\t<\/div><\/div>\n<\/div><\/div>\n<\/div><\/div>\n<\/div><\/div>\n","protected":false},"excerpt":{"rendered":"","protected":false},"author":3,"featured_media":0,"parent":0,"menu_order":0,"comment_status":"closed","ping_status":"closed","template":"","meta":{"_acf_changed":false,"_uag_custom_page_level_css":"","_genesis_hide_title":true,"_genesis_hide_breadcrumbs":false,"_genesis_hide_singular_image":false,"_genesis_hide_footer_widgets":false,"_genesis_custom_body_class":"","_genesis_custom_post_class":"","_genesis_layout":"","footnotes":""},"class_list":{"0":"post-3156","1":"page","2":"type-page","3":"status-publish","5":"entry"},"acf":[],"featured_image_src":null,"featured_image_src_square":null,"uagb_featured_image_src":{"full":false,"thumbnail":false,"medium":false,"medium_large":false,"large":false,"1536x1536":false,"2048x2048":false,"sidebar-featured":false,"genesis-singular-images":false,"gb-block-post-grid-landscape":false,"gb-block-post-grid-square":false},"uagb_author_info":{"display_name":"Tanja L.","author_link":"https:\/\/dictator.ca\/fr\/author\/t-lang\/"},"uagb_comment_info":0,"uagb_excerpt":null,"_links":{"self":[{"href":"https:\/\/dictator.ca\/fr\/wp-json\/wp\/v2\/pages\/3156","targetHints":{"allow":["GET"]}}],"collection":[{"href":"https:\/\/dictator.ca\/fr\/wp-json\/wp\/v2\/pages"}],"about":[{"href":"https:\/\/dictator.ca\/fr\/wp-json\/wp\/v2\/types\/page"}],"author":[{"embeddable":true,"href":"https:\/\/dictator.ca\/fr\/wp-json\/wp\/v2\/users\/3"}],"replies":[{"embeddable":true,"href":"https:\/\/dictator.ca\/fr\/wp-json\/wp\/v2\/comments?post=3156"}],"version-history":[{"count":3,"href":"https:\/\/dictator.ca\/fr\/wp-json\/wp\/v2\/pages\/3156\/revisions"}],"predecessor-version":[{"id":3320,"href":"https:\/\/dictator.ca\/fr\/wp-json\/wp\/v2\/pages\/3156\/revisions\/3320"}],"wp:attachment":[{"href":"https:\/\/dictator.ca\/fr\/wp-json\/wp\/v2\/media?parent=3156"}],"curies":[{"name":"wp","href":"https:\/\/api.w.org\/{rel}","templated":true}]}}