{"id":2760,"date":"2024-01-22T10:58:47","date_gmt":"2024-01-22T09:58:47","guid":{"rendered":"https:\/\/dictator.ca\/?page_id=2760"},"modified":"2025-05-21T16:00:43","modified_gmt":"2025-05-21T14:00:43","slug":"applications-ascenseurs","status":"publish","type":"page","link":"https:\/\/dictator.ca\/fr\/applications\/applications-ascenseurs\/","title":{"rendered":"Applications: Ascenseurs et accessoires"},"content":{"rendered":"\n<div class=\"wp-block-genesis-blocks-gb-columns gb-layout-columns-1 one-column\"><div class=\"gb-layout-column-wrap gb-block-layout-column-gap-2 gb-is-responsive-column\">\n<div class=\"wp-block-genesis-blocks-gb-column gb-block-layout-column\"><div class=\"gb-block-layout-column-inner\">\n\n\n<h1 class=\"wp-block-heading\" style=\"padding-top:var(--wp--preset--spacing--40);font-size:40px;text-transform:uppercase\">Applications: Ascenseurs et accessoires<\/h1>\n\n\n\n<p>Depuis des d\u00e9cennies le nom de DICTATOR est associ\u00e9 aux accessoires d\u2019ascenseur, surtout gr\u00e2ce \u00e0 nos amortisseurs de porte d\u2019ascenseur standard. Aujourd\u2019hui nous offrons aussi des syst\u00e8mes d\u2019ascenseurs sur mesure complets, comme le Homelift DHM 500, id\u00e9al pour des projets sur mesure, m\u00eame pour des espaces tr\u00e8s r\u00e9duits, et l\u2019ascenseur DHE, avec des dimensions exceptionnellement compactes pour la fosse et la t\u00eate de la gaine.<\/p>\n\n\n\n<div class=\"wp-block-uagb-container uagb-layout-grid uagb-block-c42f61f0 alignfull uagb-is-root-container\"><div class=\"uagb-container-inner-blocks-wrap\">\n<div class=\"wp-block-uagb-container uagb-block-2151ad33 default uagb-is-root-container\">\n<div class=\"wp-block-uagb-image aligncenter uagb-block-c4f29346 wp-block-uagb-image--layout-default wp-block-uagb-image--effect-static wp-block-uagb-image--align-center\"><figure class=\"wp-block-uagb-image__figure\"><a class=\"\" href=\"https:\/\/fr.dictator.de\/referenzen\/homelift-ou-vrai-ascenseur\/\" target=\"_blank\" rel=\"noreferrer noopener\"><img decoding=\"async\" srcset=\"https:\/\/dictator.ca\/wp-content\/uploads\/2024\/07\/Homelift-DHM-500-barrier-free-living.jpg ,https:\/\/dictator.ca\/wp-content\/uploads\/2024\/07\/Homelift-DHM-500-barrier-free-living.jpg 780w, https:\/\/dictator.ca\/wp-content\/uploads\/2024\/07\/Homelift-DHM-500-barrier-free-living.jpg 360w\" sizes=\"auto, (max-width: 480px) 150px\" src=\"https:\/\/dictator.ca\/wp-content\/uploads\/2024\/07\/Homelift-DHM-500-barrier-free-living.jpg\" alt=\"\" class=\"uag-image-2444\" width=\"300\" height=\"200\" title=\"Homelift-DHM-500-barrier-free-living\" loading=\"lazy\" role=\"img\"\/><\/a><\/figure><\/div>\n\n\n\n<div class=\"wp-block-uagb-advanced-heading uagb-block-e1e05fc6\"><h4 class=\"uagb-heading-text\">Le Homelift DHM 500 rend une maison accessible et adapt\u00e9e \u00e0 tous les \u00e2ges<\/h4><\/div>\n\n\n\n<p class=\"has-small-font-size\">Ces propri\u00e9taires cherchaient \u00e0 rendre leur maison enti\u00e8rement accessible pour les ann\u00e9es \u00e0 venir, afin que les r\u00e9sidents n\u2019aient pas \u00e0 se soucier de la mont\u00e9e des escaliers. \u00c0 premi\u00e8re vue, il est difficile de dire qu\u2019il s\u2019agit simplement d\u2019un \u00e9l\u00e9vateur \u00e0 domicile, car il se fond parfaitement dans l\u2019esth\u00e9tique de la maison. L\u2019utilisateur remarque \u00e0 peine sa pr\u00e9sence, uniquement gr\u00e2ce \u00e0 la fluidit\u00e9 et \u00e0 la rapidit\u00e9 avec lesquelles il fonctionne. Ainsi, il combine discr\u00e9tion et fonctionnalit\u00e9, offrant une solution \u00e9l\u00e9gante pour l\u2019accessibilit\u00e9 future.<\/p>\n\n\n\n<div class=\"wp-block-uagb-buttons uagb-buttons__outer-wrap uagb-btn__small-btn uagb-btn-tablet__default-btn uagb-btn-mobile__default-btn uagb-block-041cacdf\"><div class=\"uagb-buttons__wrap uagb-buttons-layout-wrap \">\n<div class=\"wp-block-uagb-buttons-child uagb-buttons__outer-wrap uagb-block-2690ebee wp-block-button\"><div class=\"uagb-button__wrapper\"><a class=\"uagb-buttons-repeater wp-block-button__link\" aria-label=\"\" href=\"https:\/\/fr.dictator.de\/referenzen\/homelift-ou-vrai-ascenseur\/\" rel=\"follow noopener\" target=\"_blank\" role=\"button\"><div class=\"uagb-button__link\">Lire Plus<\/div><span class=\"uagb-button__icon uagb-button__icon-position-after\"><svg xmlns=\"https:\/\/www.w3.org\/2000\/svg\" viewBox=\"0 0 448 512\" aria-hidden=\"true\" focussable=\"false\"><path d=\"M256 64C256 46.33 270.3 32 288 32H415.1C415.1 32 415.1 32 415.1 32C420.3 32 424.5 32.86 428.2 34.43C431.1 35.98 435.5 38.27 438.6 41.3C438.6 41.35 438.6 41.4 438.7 41.44C444.9 47.66 447.1 55.78 448 63.9C448 63.94 448 63.97 448 64V192C448 209.7 433.7 224 416 224C398.3 224 384 209.7 384 192V141.3L214.6 310.6C202.1 323.1 181.9 323.1 169.4 310.6C156.9 298.1 156.9 277.9 169.4 265.4L338.7 96H288C270.3 96 256 81.67 256 64V64zM0 128C0 92.65 28.65 64 64 64H160C177.7 64 192 78.33 192 96C192 113.7 177.7 128 160 128H64V416H352V320C352 302.3 366.3 288 384 288C401.7 288 416 302.3 416 320V416C416 451.3 387.3 480 352 480H64C28.65 480 0 451.3 0 416V128z\"><\/path><\/svg><\/span><\/a><\/div><\/div>\n<\/div><\/div>\n<\/div>\n\n\n\n<div class=\"wp-block-uagb-container uagb-block-c87aed52 default uagb-is-root-container\">\n<div class=\"wp-block-uagb-image aligncenter uagb-block-d0f654fa wp-block-uagb-image--layout-default wp-block-uagb-image--effect-static wp-block-uagb-image--align-center\"><figure class=\"wp-block-uagb-image__figure\"><a class=\"\" href=\"https:\/\/fr.dictator.de\/referenzen\/ascenseur-homelift-pour-espaces-restreints\/\" target=\"_blank\" rel=\"noreferrer noopener\"><img decoding=\"async\" srcset=\"https:\/\/dictator.ca\/wp-content\/uploads\/2024\/01\/Homelift-beperkte-ruimte.jpg ,https:\/\/dictator.ca\/wp-content\/uploads\/2024\/01\/Homelift-beperkte-ruimte.jpg 780w, https:\/\/dictator.ca\/wp-content\/uploads\/2024\/01\/Homelift-beperkte-ruimte.jpg 360w\" sizes=\"auto, (max-width: 480px) 150px\" src=\"https:\/\/dictator.ca\/wp-content\/uploads\/2024\/01\/Homelift-beperkte-ruimte.jpg\" alt=\"\" class=\"uag-image-913\" width=\"300\" height=\"200\" title=\"Homelift-beperkte-ruimte\" loading=\"lazy\" role=\"img\"\/><\/a><\/figure><\/div>\n\n\n\n<div class=\"wp-block-uagb-advanced-heading uagb-block-0378ed1a\"><h4 class=\"uagb-heading-text\">Homelift DHM 500 \u2013 parfait pour les dimensions inhabituelles et les espaces difficiles<\/h4><\/div>\n\n\n\n<p class=\"has-small-font-size\">Le Homelift DHM 500 offre une solution efficace pour la vie sans barri\u00e8re dans des espaces difficiles, comme les formes triangulaires. Il permet \u00e9galement d\u2019installer des \u00e9l\u00e9vateurs dans des espaces tr\u00e8s restreints. Tous les DICTATOR DHM 500 sont fabriqu\u00e9s pour r\u00e9pondre aux exigences sp\u00e9cifiques du client. Chaque mod\u00e8le est adapt\u00e9 aux conditions particuli\u00e8res de chaque installation. Cela garantit une int\u00e9gration parfaite et une fonctionnalit\u00e9 optimale dans des environnements vari\u00e9s. Ainsi, le DHM 500 assure une accessibilit\u00e9 pratique et \u00e9l\u00e9gante, m\u00eame dans des espaces complexes.<\/p>\n\n\n\n<div class=\"wp-block-uagb-buttons uagb-buttons__outer-wrap uagb-btn__small-btn uagb-btn-tablet__default-btn uagb-btn-mobile__default-btn uagb-block-e571c092\"><div class=\"uagb-buttons__wrap uagb-buttons-layout-wrap \">\n<div class=\"wp-block-uagb-buttons-child uagb-buttons__outer-wrap uagb-block-75972275 wp-block-button\"><div class=\"uagb-button__wrapper\"><a class=\"uagb-buttons-repeater wp-block-button__link\" aria-label=\"\" href=\"https:\/\/fr.dictator.de\/referenzen\/ascenseur-homelift-pour-espaces-restreints\/\" rel=\"follow noopener\" target=\"_blank\" role=\"button\"><div class=\"uagb-button__link\">Lire Plus<\/div><span class=\"uagb-button__icon uagb-button__icon-position-after\"><svg xmlns=\"https:\/\/www.w3.org\/2000\/svg\" viewBox=\"0 0 448 512\" aria-hidden=\"true\" focussable=\"false\"><path d=\"M256 64C256 46.33 270.3 32 288 32H415.1C415.1 32 415.1 32 415.1 32C420.3 32 424.5 32.86 428.2 34.43C431.1 35.98 435.5 38.27 438.6 41.3C438.6 41.35 438.6 41.4 438.7 41.44C444.9 47.66 447.1 55.78 448 63.9C448 63.94 448 63.97 448 64V192C448 209.7 433.7 224 416 224C398.3 224 384 209.7 384 192V141.3L214.6 310.6C202.1 323.1 181.9 323.1 169.4 310.6C156.9 298.1 156.9 277.9 169.4 265.4L338.7 96H288C270.3 96 256 81.67 256 64V64zM0 128C0 92.65 28.65 64 64 64H160C177.7 64 192 78.33 192 96C192 113.7 177.7 128 160 128H64V416H352V320C352 302.3 366.3 288 384 288C401.7 288 416 302.3 416 320V416C416 451.3 387.3 480 352 480H64C28.65 480 0 451.3 0 416V128z\"><\/path><\/svg><\/span><\/a><\/div><\/div>\n<\/div><\/div>\n<\/div>\n\n\n\n<div class=\"wp-block-uagb-container uagb-block-b67ba722 default uagb-is-root-container\">\n<div class=\"wp-block-uagb-image aligncenter uagb-block-4e110328 wp-block-uagb-image--layout-default wp-block-uagb-image--effect-static wp-block-uagb-image--align-center\"><figure class=\"wp-block-uagb-image__figure\"><a class=\"\" href=\"https:\/\/fr.dictator.de\/referenzen\/homelift-objet-design\/\" target=\"_blank\" rel=\"noreferrer noopener\"><img decoding=\"async\" srcset=\"https:\/\/dictator.ca\/wp-content\/uploads\/2024\/07\/Homelift-Glass.jpg ,https:\/\/dictator.ca\/wp-content\/uploads\/2024\/07\/Homelift-Glass.jpg 780w, https:\/\/dictator.ca\/wp-content\/uploads\/2024\/07\/Homelift-Glass.jpg 360w\" sizes=\"auto, (max-width: 480px) 150px\" src=\"https:\/\/dictator.ca\/wp-content\/uploads\/2024\/07\/Homelift-Glass.jpg\" alt=\"\" class=\"uag-image-2448\" width=\"300\" height=\"200\" title=\"Homelift-Glass\" loading=\"lazy\" role=\"img\"\/><\/a><\/figure><\/div>\n\n\n\n<div class=\"wp-block-uagb-advanced-heading uagb-block-1eab70c5\"><h4 class=\"uagb-heading-text\">Le Homelift DHM 500 r\u00e9pond \u00e0 des attentes architecturales \u00e9lev\u00e9es<\/h4><\/div>\n\n\n\n<p class=\"has-small-font-size\">Dans cet exemple, la fonctionnalit\u00e9 et le design se rencontrent parfaitement. L\u2019ascenseur sur mesure DICTATOR DHM 500 s\u2019int\u00e8gre harmonieusement \u00e0 l\u2019architecture du b\u00e2timent. Ce mod\u00e8le se fond discr\u00e8tement dans son environnement, offrant \u00e9l\u00e9gance et fonctionnalit\u00e9. L\u2019\u00e9l\u00e9vateur en verre permet aux r\u00e9sidents de profiter de la vue pittoresque depuis le salon. Ce design assure une esth\u00e9tique raffin\u00e9e et une exp\u00e9rience visuelle agr\u00e9able. Il maximise \u00e9galement la fonctionnalit\u00e9 de l\u2019ascenseur tout en restant \u00e9l\u00e9gant.<\/p>\n\n\n\n<div class=\"wp-block-uagb-buttons uagb-buttons__outer-wrap uagb-btn__small-btn uagb-btn-tablet__default-btn uagb-btn-mobile__default-btn uagb-block-63aa2630\"><div class=\"uagb-buttons__wrap uagb-buttons-layout-wrap \">\n<div class=\"wp-block-uagb-buttons-child uagb-buttons__outer-wrap uagb-block-0bbfb387 wp-block-button\"><div class=\"uagb-button__wrapper\"><a class=\"uagb-buttons-repeater wp-block-button__link\" aria-label=\"\" href=\"https:\/\/fr.dictator.de\/referenzen\/homelift-objet-design\/\" rel=\"follow noopener\" target=\"_blank\" role=\"button\"><div class=\"uagb-button__link\">Lire Plus<\/div><span class=\"uagb-button__icon uagb-button__icon-position-after\"><svg xmlns=\"https:\/\/www.w3.org\/2000\/svg\" viewBox=\"0 0 448 512\" aria-hidden=\"true\" focussable=\"false\"><path d=\"M256 64C256 46.33 270.3 32 288 32H415.1C415.1 32 415.1 32 415.1 32C420.3 32 424.5 32.86 428.2 34.43C431.1 35.98 435.5 38.27 438.6 41.3C438.6 41.35 438.6 41.4 438.7 41.44C444.9 47.66 447.1 55.78 448 63.9C448 63.94 448 63.97 448 64V192C448 209.7 433.7 224 416 224C398.3 224 384 209.7 384 192V141.3L214.6 310.6C202.1 323.1 181.9 323.1 169.4 310.6C156.9 298.1 156.9 277.9 169.4 265.4L338.7 96H288C270.3 96 256 81.67 256 64V64zM0 128C0 92.65 28.65 64 64 64H160C177.7 64 192 78.33 192 96C192 113.7 177.7 128 160 128H64V416H352V320C352 302.3 366.3 288 384 288C401.7 288 416 302.3 416 320V416C416 451.3 387.3 480 352 480H64C28.65 480 0 451.3 0 416V128z\"><\/path><\/svg><\/span><\/a><\/div><\/div>\n<\/div><\/div>\n<\/div>\n<\/div><\/div>\n<\/div><\/div>\n<\/div><\/div>\n","protected":false},"excerpt":{"rendered":"","protected":false},"author":2,"featured_media":0,"parent":2677,"menu_order":0,"comment_status":"closed","ping_status":"closed","template":"","meta":{"_acf_changed":false,"_uag_custom_page_level_css":"","_genesis_hide_title":true,"_genesis_hide_breadcrumbs":false,"_genesis_hide_singular_image":false,"_genesis_hide_footer_widgets":false,"_genesis_custom_body_class":"","_genesis_custom_post_class":"","_genesis_layout":"","footnotes":""},"class_list":{"0":"post-2760","1":"page","2":"type-page","3":"status-publish","5":"entry"},"acf":[],"featured_image_src":null,"featured_image_src_square":null,"uagb_featured_image_src":{"full":false,"thumbnail":false,"medium":false,"medium_large":false,"large":false,"1536x1536":false,"2048x2048":false,"sidebar-featured":false,"genesis-singular-images":false,"gb-block-post-grid-landscape":false,"gb-block-post-grid-square":false},"uagb_author_info":{"display_name":"Verena W.","author_link":"https:\/\/dictator.ca\/fr\/author\/v-weilermann\/"},"uagb_comment_info":0,"uagb_excerpt":null,"_links":{"self":[{"href":"https:\/\/dictator.ca\/fr\/wp-json\/wp\/v2\/pages\/2760","targetHints":{"allow":["GET"]}}],"collection":[{"href":"https:\/\/dictator.ca\/fr\/wp-json\/wp\/v2\/pages"}],"about":[{"href":"https:\/\/dictator.ca\/fr\/wp-json\/wp\/v2\/types\/page"}],"author":[{"embeddable":true,"href":"https:\/\/dictator.ca\/fr\/wp-json\/wp\/v2\/users\/2"}],"replies":[{"embeddable":true,"href":"https:\/\/dictator.ca\/fr\/wp-json\/wp\/v2\/comments?post=2760"}],"version-history":[{"count":6,"href":"https:\/\/dictator.ca\/fr\/wp-json\/wp\/v2\/pages\/2760\/revisions"}],"predecessor-version":[{"id":4138,"href":"https:\/\/dictator.ca\/fr\/wp-json\/wp\/v2\/pages\/2760\/revisions\/4138"}],"up":[{"embeddable":true,"href":"https:\/\/dictator.ca\/fr\/wp-json\/wp\/v2\/pages\/2677"}],"wp:attachment":[{"href":"https:\/\/dictator.ca\/fr\/wp-json\/wp\/v2\/media?parent=2760"}],"curies":[{"name":"wp","href":"https:\/\/api.w.org\/{rel}","templated":true}]}}