{"id":2758,"date":"2024-01-22T14:58:59","date_gmt":"2024-01-22T13:58:59","guid":{"rendered":"https:\/\/dictator.ca\/?page_id=2758"},"modified":"2025-05-21T15:56:59","modified_gmt":"2025-05-21T13:56:59","slug":"applications-amortisseurs-hydrauliques","status":"publish","type":"page","link":"https:\/\/dictator.ca\/fr\/applications\/applications-amortisseurs-hydrauliques\/","title":{"rendered":"Applications &#8211; Amortisseurs hydrauliques"},"content":{"rendered":"\n<div class=\"wp-block-genesis-blocks-gb-columns gb-layout-columns-1 one-column\"><div class=\"gb-layout-column-wrap gb-block-layout-column-gap-2 gb-is-responsive-column\">\n<div class=\"wp-block-genesis-blocks-gb-column gb-block-layout-column\"><div class=\"gb-block-layout-column-inner\">\n\n\n<h1 class=\"wp-block-heading\" style=\"padding-top:var(--wp--preset--spacing--40);font-size:40px;text-transform:uppercase\">Applications \u2013 Amortisseurs hydrauliques<\/h1>\n\n\n\n<p>Pour des applications avec amortisseurs hydrauliques, DICTATOR fournit une large gamme d\u2019amortisseurs lin\u00e9aires et radiaux pour r\u00e9pondre aux besoins les plus divers. Notre gamme comprend de nombreux mod\u00e8les standard, mais nous proposons \u00e9galement des amortisseurs hydrauliques sur mesure, con\u00e7us pour r\u00e9pondre aux exigences sp\u00e9cifiques des clients, m\u00eame en petites quantit\u00e9s ou \u00e0 l\u2019unit\u00e9.<\/p>\n\n\n\n<div class=\"wp-block-uagb-container uagb-layout-grid uagb-block-c42f61f0 alignfull uagb-is-root-container\"><div class=\"uagb-container-inner-blocks-wrap\">\n<div class=\"wp-block-uagb-container uagb-block-c87aed52 default uagb-is-root-container\">\n<div class=\"wp-block-uagb-image aligncenter uagb-block-d0f654fa wp-block-uagb-image--layout-default wp-block-uagb-image--effect-static wp-block-uagb-image--align-center\"><figure class=\"wp-block-uagb-image__figure\"><a class=\"\" href=\"https:\/\/fr.dictator.de\/referenzen\/amortisseurs-radiaux-portails-coulissantes-sur-pentes\/\" target=\"_blank\" rel=\"noreferrer noopener\"><img decoding=\"async\" srcset=\"https:\/\/dictator.ca\/wp-content\/uploads\/2024\/07\/Radial-damper-gate-slope.jpg ,https:\/\/dictator.ca\/wp-content\/uploads\/2024\/07\/Radial-damper-gate-slope.jpg 780w, https:\/\/dictator.ca\/wp-content\/uploads\/2024\/07\/Radial-damper-gate-slope.jpg 360w\" sizes=\"auto, (max-width: 480px) 150px\" src=\"https:\/\/dictator.ca\/wp-content\/uploads\/2024\/07\/Radial-damper-gate-slope.jpg\" alt=\"\" class=\"uag-image-2390\" width=\"300\" height=\"200\" title=\"Radial-damper-gate-slope\" loading=\"lazy\" role=\"img\"\/><\/a><\/figure><\/div>\n\n\n\n<div class=\"wp-block-uagb-advanced-heading uagb-block-0378ed1a\"><h4 class=\"uagb-heading-text\">Portails coulissants en pente \u00e0 vitesse contr\u00f4l\u00e9e<\/h4><\/div>\n\n\n\n<p class=\"has-small-font-size\">En fonctionnement normal, ces portails sont actionn\u00e9s par une motorisation. Mais que se passe-t-il si la motorisation est cass\u00e9e, d\u00e9fectueuse, s\u2019il y a une panne de courant ou m\u00eame simplement une erreur ? Le portail se lancerait dans la pente sans \u00eatre frein\u00e9, ce qui pourrait constituer un danger pour les personnes et pour le portail lui-m\u00eame. Un petit dispositif extr\u00eamement efficace permet d\u2019\u00e9viter ce sc\u00e9nario de malheur \u2013 l\u2019amortisseur radial DICTATOR.<\/p>\n\n\n\n<div class=\"wp-block-uagb-buttons uagb-buttons__outer-wrap uagb-btn__small-btn uagb-btn-tablet__default-btn uagb-btn-mobile__default-btn uagb-block-e571c092\"><div class=\"uagb-buttons__wrap uagb-buttons-layout-wrap \">\n<div class=\"wp-block-uagb-buttons-child uagb-buttons__outer-wrap uagb-block-75972275 wp-block-button\"><div class=\"uagb-button__wrapper\"><a class=\"uagb-buttons-repeater wp-block-button__link\" aria-label=\"\" href=\"https:\/\/fr.dictator.de\/referenzen\/amortisseurs-radiaux-portails-coulissantes-sur-pentes\/\" rel=\"follow noopener\" target=\"_blank\" role=\"button\"><div class=\"uagb-button__link\">Lire Plus<\/div><span class=\"uagb-button__icon uagb-button__icon-position-after\"><svg xmlns=\"https:\/\/www.w3.org\/2000\/svg\" viewBox=\"0 0 448 512\" aria-hidden=\"true\" focussable=\"false\"><path d=\"M256 64C256 46.33 270.3 32 288 32H415.1C415.1 32 415.1 32 415.1 32C420.3 32 424.5 32.86 428.2 34.43C431.1 35.98 435.5 38.27 438.6 41.3C438.6 41.35 438.6 41.4 438.7 41.44C444.9 47.66 447.1 55.78 448 63.9C448 63.94 448 63.97 448 64V192C448 209.7 433.7 224 416 224C398.3 224 384 209.7 384 192V141.3L214.6 310.6C202.1 323.1 181.9 323.1 169.4 310.6C156.9 298.1 156.9 277.9 169.4 265.4L338.7 96H288C270.3 96 256 81.67 256 64V64zM0 128C0 92.65 28.65 64 64 64H160C177.7 64 192 78.33 192 96C192 113.7 177.7 128 160 128H64V416H352V320C352 302.3 366.3 288 384 288C401.7 288 416 302.3 416 320V416C416 451.3 387.3 480 352 480H64C28.65 480 0 451.3 0 416V128z\"><\/path><\/svg><\/span><\/a><\/div><\/div>\n<\/div><\/div>\n<\/div>\n\n\n\n<div class=\"wp-block-uagb-container uagb-block-b67ba722 default uagb-is-root-container\">\n<div class=\"wp-block-uagb-image aligncenter uagb-block-4e110328 wp-block-uagb-image--layout-default wp-block-uagb-image--effect-static wp-block-uagb-image--align-center\"><figure class=\"wp-block-uagb-image__figure\"><a class=\"\" href=\"https:\/\/fr.dictator.de\/referenzen\/amortisseurs-en-montage-fixe-reglables-permettent-de-larchitecture-prestigieuse\/\" target=\"_blank\" rel=\"noreferrer noopener\"><img decoding=\"async\" srcset=\"https:\/\/dictator.ca\/wp-content\/uploads\/2025\/02\/Open-gate-dampened-with-hydraulich-damper.jpg ,https:\/\/dictator.ca\/wp-content\/uploads\/2025\/02\/Open-gate-dampened-with-hydraulich-damper.jpg 780w, https:\/\/dictator.ca\/wp-content\/uploads\/2025\/02\/Open-gate-dampened-with-hydraulich-damper.jpg 360w\" sizes=\"auto, (max-width: 480px) 150px\" src=\"https:\/\/dictator.ca\/wp-content\/uploads\/2025\/02\/Open-gate-dampened-with-hydraulich-damper.jpg\" alt=\"\" class=\"uag-image-3753\" width=\"300\" height=\"200\" title=\"Open gate dampened with hydraulich damper\" loading=\"lazy\" role=\"img\"\/><\/a><\/figure><\/div>\n\n\n\n<div class=\"wp-block-uagb-advanced-heading uagb-block-1eab70c5\"><h4 class=\"uagb-heading-text\">Ouverture contr\u00f4l\u00e9e d\u2019un portail d\u2019acc\u00e8s sur mesure<\/h4><\/div>\n\n\n\n<p class=\"has-small-font-size\">D\u2019un point de vue architectural, le portail d\u2019acc\u00e8s prolonge la fa\u00e7ade de la maison de mani\u00e8re \u00e9l\u00e9gante. Techniquement, le portail pose un d\u00e9fi en raison de son poids de 200 kg. \u00c9tant expos\u00e9 \u00e0 des vents forts, il doit \u00eatre ralenti pour \u00e9viter tout impact dangereux. Deux amortisseurs fixes r\u00e9glables garantissent une ouverture lente et s\u00e9curis\u00e9e de la porte. Ces amortisseurs facilitent \u00e9galement la man\u0153uvre de la porte, m\u00eame par vent fort.<\/p>\n\n\n\n<div class=\"wp-block-uagb-buttons uagb-buttons__outer-wrap uagb-btn__small-btn uagb-btn-tablet__default-btn uagb-btn-mobile__default-btn uagb-block-63aa2630\"><div class=\"uagb-buttons__wrap uagb-buttons-layout-wrap \">\n<div class=\"wp-block-uagb-buttons-child uagb-buttons__outer-wrap uagb-block-0bbfb387 wp-block-button\"><div class=\"uagb-button__wrapper\"><a class=\"uagb-buttons-repeater wp-block-button__link\" aria-label=\"\" href=\"https:\/\/fr.dictator.de\/referenzen\/amortisseurs-en-montage-fixe-reglables-permettent-de-larchitecture-prestigieuse\/\" rel=\"follow noopener\" target=\"_blank\" role=\"button\"><div class=\"uagb-button__link\">Lire Plus<\/div><span class=\"uagb-button__icon uagb-button__icon-position-after\"><svg xmlns=\"https:\/\/www.w3.org\/2000\/svg\" viewBox=\"0 0 448 512\" aria-hidden=\"true\" focussable=\"false\"><path d=\"M256 64C256 46.33 270.3 32 288 32H415.1C415.1 32 415.1 32 415.1 32C420.3 32 424.5 32.86 428.2 34.43C431.1 35.98 435.5 38.27 438.6 41.3C438.6 41.35 438.6 41.4 438.7 41.44C444.9 47.66 447.1 55.78 448 63.9C448 63.94 448 63.97 448 64V192C448 209.7 433.7 224 416 224C398.3 224 384 209.7 384 192V141.3L214.6 310.6C202.1 323.1 181.9 323.1 169.4 310.6C156.9 298.1 156.9 277.9 169.4 265.4L338.7 96H288C270.3 96 256 81.67 256 64V64zM0 128C0 92.65 28.65 64 64 64H160C177.7 64 192 78.33 192 96C192 113.7 177.7 128 160 128H64V416H352V320C352 302.3 366.3 288 384 288C401.7 288 416 302.3 416 320V416C416 451.3 387.3 480 352 480H64C28.65 480 0 451.3 0 416V128z\"><\/path><\/svg><\/span><\/a><\/div><\/div>\n<\/div><\/div>\n<\/div>\n\n\n\n<div class=\"wp-block-uagb-container uagb-block-c79a02ae default uagb-is-root-container\">\n<div class=\"wp-block-uagb-image aligncenter uagb-block-390518df wp-block-uagb-image--layout-default wp-block-uagb-image--effect-static wp-block-uagb-image--align-center\"><figure class=\"wp-block-uagb-image__figure\"><a class=\"\" href=\"https:\/\/fr.dictator.de\/referenzen\/amortisseur-montage-fixe-trains-intralogistiques\/\" target=\"_blank\" rel=\"noreferrer noopener\"><img decoding=\"async\" srcset=\"https:\/\/dictator.ca\/wp-content\/uploads\/2024\/01\/Hydraulische-demper-industrie.jpg ,https:\/\/dictator.ca\/wp-content\/uploads\/2024\/01\/Hydraulische-demper-industrie.jpg 780w, https:\/\/dictator.ca\/wp-content\/uploads\/2024\/01\/Hydraulische-demper-industrie.jpg 360w\" sizes=\"auto, (max-width: 480px) 150px\" src=\"https:\/\/dictator.ca\/wp-content\/uploads\/2024\/01\/Hydraulische-demper-industrie.jpg\" alt=\"\" class=\"uag-image-951\" width=\"300\" height=\"200\" title=\"Hydraulische-demper-industrie\" loading=\"lazy\" role=\"img\"\/><\/a><\/figure><\/div>\n\n\n\n<div class=\"wp-block-uagb-advanced-heading uagb-block-5d9786ae\"><h4 class=\"uagb-heading-text\">Amortisseurs en montage fixe contribuent au bon fonctionnement et \u00e0 la pr\u00e9vention des accidents sur les trains remorqueurs<\/h4><\/div>\n\n\n\n<p class=\"has-small-font-size\">Les amortisseurs en montage fixe sont tr\u00e8s utiles pour diverses applications, surtout pour g\u00e9rer des \u00e9l\u00e9ments lourds. Dans cet exemple, un amortisseur fixe sur une barre de remorquage la maintient en position verticale. Cela permet d\u2019\u00e9conomiser un espace pr\u00e9cieux dans l\u2019environnement de travail. L\u2019amortisseur ralentit \u00e9galement le mouvement d\u2019abaissement, assurant une descente en douceur.<br>Cela r\u00e9duit le risque d\u2019accidents et am\u00e9liore la s\u00e9curit\u00e9 pendant l\u2019op\u00e9ration.<\/p>\n\n\n\n<div class=\"wp-block-uagb-buttons uagb-buttons__outer-wrap uagb-btn__small-btn uagb-btn-tablet__default-btn uagb-btn-mobile__default-btn uagb-block-14267790\"><div class=\"uagb-buttons__wrap uagb-buttons-layout-wrap \">\n<div class=\"wp-block-uagb-buttons-child uagb-buttons__outer-wrap uagb-block-5d06c59e wp-block-button\"><div class=\"uagb-button__wrapper\"><a class=\"uagb-buttons-repeater wp-block-button__link\" aria-label=\"\" href=\"https:\/\/fr.dictator.de\/referenzen\/amortisseur-montage-fixe-trains-intralogistiques\/\" rel=\"follow noopener\" target=\"_blank\" role=\"button\"><div class=\"uagb-button__link\">Lire Plus<\/div><span class=\"uagb-button__icon uagb-button__icon-position-after\"><svg xmlns=\"https:\/\/www.w3.org\/2000\/svg\" viewBox=\"0 0 448 512\" aria-hidden=\"true\" focussable=\"false\"><path d=\"M256 64C256 46.33 270.3 32 288 32H415.1C415.1 32 415.1 32 415.1 32C420.3 32 424.5 32.86 428.2 34.43C431.1 35.98 435.5 38.27 438.6 41.3C438.6 41.35 438.6 41.4 438.7 41.44C444.9 47.66 447.1 55.78 448 63.9C448 63.94 448 63.97 448 64V192C448 209.7 433.7 224 416 224C398.3 224 384 209.7 384 192V141.3L214.6 310.6C202.1 323.1 181.9 323.1 169.4 310.6C156.9 298.1 156.9 277.9 169.4 265.4L338.7 96H288C270.3 96 256 81.67 256 64V64zM0 128C0 92.65 28.65 64 64 64H160C177.7 64 192 78.33 192 96C192 113.7 177.7 128 160 128H64V416H352V320C352 302.3 366.3 288 384 288C401.7 288 416 302.3 416 320V416C416 451.3 387.3 480 352 480H64C28.65 480 0 451.3 0 416V128z\"><\/path><\/svg><\/span><\/a><\/div><\/div>\n<\/div><\/div>\n<\/div>\n<\/div><\/div>\n<\/div><\/div>\n<\/div><\/div>\n","protected":false},"excerpt":{"rendered":"","protected":false},"author":2,"featured_media":0,"parent":2677,"menu_order":0,"comment_status":"closed","ping_status":"closed","template":"","meta":{"_acf_changed":false,"_uag_custom_page_level_css":"","_genesis_hide_title":true,"_genesis_hide_breadcrumbs":false,"_genesis_hide_singular_image":false,"_genesis_hide_footer_widgets":false,"_genesis_custom_body_class":"","_genesis_custom_post_class":"","_genesis_layout":"","footnotes":""},"class_list":{"0":"post-2758","1":"page","2":"type-page","3":"status-publish","5":"entry"},"acf":[],"featured_image_src":null,"featured_image_src_square":null,"uagb_featured_image_src":{"full":false,"thumbnail":false,"medium":false,"medium_large":false,"large":false,"1536x1536":false,"2048x2048":false,"sidebar-featured":false,"genesis-singular-images":false,"gb-block-post-grid-landscape":false,"gb-block-post-grid-square":false},"uagb_author_info":{"display_name":"Verena W.","author_link":"https:\/\/dictator.ca\/fr\/author\/v-weilermann\/"},"uagb_comment_info":0,"uagb_excerpt":null,"_links":{"self":[{"href":"https:\/\/dictator.ca\/fr\/wp-json\/wp\/v2\/pages\/2758","targetHints":{"allow":["GET"]}}],"collection":[{"href":"https:\/\/dictator.ca\/fr\/wp-json\/wp\/v2\/pages"}],"about":[{"href":"https:\/\/dictator.ca\/fr\/wp-json\/wp\/v2\/types\/page"}],"author":[{"embeddable":true,"href":"https:\/\/dictator.ca\/fr\/wp-json\/wp\/v2\/users\/2"}],"replies":[{"embeddable":true,"href":"https:\/\/dictator.ca\/fr\/wp-json\/wp\/v2\/comments?post=2758"}],"version-history":[{"count":9,"href":"https:\/\/dictator.ca\/fr\/wp-json\/wp\/v2\/pages\/2758\/revisions"}],"predecessor-version":[{"id":4128,"href":"https:\/\/dictator.ca\/fr\/wp-json\/wp\/v2\/pages\/2758\/revisions\/4128"}],"up":[{"embeddable":true,"href":"https:\/\/dictator.ca\/fr\/wp-json\/wp\/v2\/pages\/2677"}],"wp:attachment":[{"href":"https:\/\/dictator.ca\/fr\/wp-json\/wp\/v2\/media?parent=2758"}],"curies":[{"name":"wp","href":"https:\/\/api.w.org\/{rel}","templated":true}]}}