{"id":2756,"date":"2024-07-11T11:18:37","date_gmt":"2024-07-11T09:18:37","guid":{"rendered":"https:\/\/dictator.ca\/?page_id=2756"},"modified":"2025-05-21T15:52:11","modified_gmt":"2025-05-21T13:52:11","slug":"ferme-portails","status":"publish","type":"page","link":"https:\/\/dictator.ca\/fr\/applications\/ferme-portails\/","title":{"rendered":"Applications &#8211; Ferme-portails"},"content":{"rendered":"\n<div class=\"wp-block-genesis-blocks-gb-columns gb-layout-columns-1 one-column\"><div class=\"gb-layout-column-wrap gb-block-layout-column-gap-2 gb-is-responsive-column\">\n<div class=\"wp-block-genesis-blocks-gb-column gb-block-layout-column\"><div class=\"gb-block-layout-column-inner\">\n\n\n<h1 class=\"wp-block-heading\" style=\"padding-top:var(--wp--preset--spacing--40);font-size:40px;text-transform:uppercase\">Applications \u2013 Ferme-portails<\/h1>\n\n\n\n<p>Les applications avec ferme-portails DICTATOR sont id\u00e9ales pour l\u2019utilisation \u00e0 l\u2019ext\u00e9rieur, offrant une r\u00e9sistance exceptionnelle aux intemp\u00e9ries et un fonctionnement fiable dans une large gamme de temp\u00e9ratures. Nous offrons une vari\u00e9t\u00e9 de mod\u00e8les con\u00e7us pour une fermeture s\u00fbre, avec des surfaces et des finitions diff\u00e9rentes pour assurer une performance durable, m\u00eame dans des conditions environnementales difficiles. Nos ferme-portails sont sp\u00e9cialement con\u00e7us pour r\u00e9sister aux \u00e9l\u00e9ments, offrant une durabilit\u00e9 et une fonctionnalit\u00e9 constante au fil du temps, ce qui en fait le choix id\u00e9al pour les environnements ext\u00e9rieurs exigeants.<\/p>\n\n\n\n<div class=\"wp-block-uagb-container uagb-layout-grid uagb-block-c42f61f0 alignfull uagb-is-root-container\"><div class=\"uagb-container-inner-blocks-wrap\">\n<div class=\"wp-block-uagb-container uagb-block-c87aed52 default uagb-is-root-container\">\n<div class=\"wp-block-uagb-image aligncenter uagb-block-d0f654fa wp-block-uagb-image--layout-default wp-block-uagb-image--effect-static wp-block-uagb-image--align-center\"><figure class=\"wp-block-uagb-image__figure\"><a class=\"\" href=\"https:\/\/fr.dictator.de\/referenzen\/jardin-enfants-georg-diehl-portes-acces-fermees-fiablement\/\" target=\"_blank\" rel=\"noreferrer noopener\"><img decoding=\"async\" srcset=\"https:\/\/dictator.ca\/wp-content\/uploads\/2024\/07\/Gate-closer-DIREKT-daycare-center.jpg ,https:\/\/dictator.ca\/wp-content\/uploads\/2024\/07\/Gate-closer-DIREKT-daycare-center.jpg 780w, https:\/\/dictator.ca\/wp-content\/uploads\/2024\/07\/Gate-closer-DIREKT-daycare-center.jpg 360w\" sizes=\"auto, (max-width: 480px) 150px\" src=\"https:\/\/dictator.ca\/wp-content\/uploads\/2024\/07\/Gate-closer-DIREKT-daycare-center.jpg\" alt=\"\" class=\"uag-image-2454\" width=\"300\" height=\"200\" title=\"Gate-closer-DIREKT-daycare-center\" loading=\"lazy\" role=\"img\"\/><\/a><\/figure><\/div>\n\n\n\n<div class=\"wp-block-uagb-advanced-heading uagb-block-0378ed1a\"><h4 class=\"uagb-heading-text\">Portes d\u2019acc\u00e8s ferm\u00e9es en toute s\u00e9curit\u00e9 dans une cr\u00e8che<\/h4><\/div>\n\n\n\n<p class=\"has-small-font-size\">Cette cr\u00e8che recherchait une solution pour garder ses portails d\u2019acc\u00e8s ferm\u00e9s. Cela permettait d\u2019emp\u00eacher les enfants de s\u2019enfuir sur la voie publique. Auparavant, une note demandait \u00e0 ses utilisateurs de fermer le portail derri\u00e8re eux \u2013 ce qui n\u2019\u00e9tait pas tr\u00e8s efficace. D\u00e9sormais, le ferme-porte DIREKT se charge de cette t\u00e2che et ferme automatiquement le portail apr\u00e8s chaque ouverture.<\/p>\n\n\n\n<div class=\"wp-block-uagb-buttons uagb-buttons__outer-wrap uagb-btn__small-btn uagb-btn-tablet__default-btn uagb-btn-mobile__default-btn uagb-block-e571c092\"><div class=\"uagb-buttons__wrap uagb-buttons-layout-wrap \">\n<div class=\"wp-block-uagb-buttons-child uagb-buttons__outer-wrap uagb-block-75972275 wp-block-button\"><div class=\"uagb-button__wrapper\"><a class=\"uagb-buttons-repeater wp-block-button__link\" aria-label=\"\" href=\"https:\/\/fr.dictator.de\/referenzen\/jardin-enfants-georg-diehl-portes-acces-fermees-fiablement\/\" rel=\"follow noopener\" target=\"_blank\" role=\"button\"><div class=\"uagb-button__link\">Lire Plus<\/div><span class=\"uagb-button__icon uagb-button__icon-position-after\"><svg xmlns=\"https:\/\/www.w3.org\/2000\/svg\" viewBox=\"0 0 448 512\" aria-hidden=\"true\" focussable=\"false\"><path d=\"M256 64C256 46.33 270.3 32 288 32H415.1C415.1 32 415.1 32 415.1 32C420.3 32 424.5 32.86 428.2 34.43C431.1 35.98 435.5 38.27 438.6 41.3C438.6 41.35 438.6 41.4 438.7 41.44C444.9 47.66 447.1 55.78 448 63.9C448 63.94 448 63.97 448 64V192C448 209.7 433.7 224 416 224C398.3 224 384 209.7 384 192V141.3L214.6 310.6C202.1 323.1 181.9 323.1 169.4 310.6C156.9 298.1 156.9 277.9 169.4 265.4L338.7 96H288C270.3 96 256 81.67 256 64V64zM0 128C0 92.65 28.65 64 64 64H160C177.7 64 192 78.33 192 96C192 113.7 177.7 128 160 128H64V416H352V320C352 302.3 366.3 288 384 288C401.7 288 416 302.3 416 320V416C416 451.3 387.3 480 352 480H64C28.65 480 0 451.3 0 416V128z\"><\/path><\/svg><\/span><\/a><\/div><\/div>\n<\/div><\/div>\n<\/div>\n\n\n\n<div class=\"wp-block-uagb-container uagb-block-b67ba722 default uagb-is-root-container\">\n<div class=\"wp-block-uagb-image aligncenter uagb-block-4e110328 wp-block-uagb-image--layout-default wp-block-uagb-image--effect-static wp-block-uagb-image--align-center\"><figure class=\"wp-block-uagb-image__figure\"><a class=\"\" href=\"https:\/\/fr.dictator.de\/referenzen\/fermeture-automatique-porte-dacces\/\" target=\"_blank\" rel=\"noreferrer noopener\"><img decoding=\"async\" srcset=\"https:\/\/dictator.ca\/wp-content\/uploads\/2024\/07\/Concealed-gate-closer-RTS.jpg ,https:\/\/dictator.ca\/wp-content\/uploads\/2024\/07\/Concealed-gate-closer-RTS.jpg 780w, https:\/\/dictator.ca\/wp-content\/uploads\/2024\/07\/Concealed-gate-closer-RTS.jpg 360w\" sizes=\"auto, (max-width: 480px) 150px\" src=\"https:\/\/dictator.ca\/wp-content\/uploads\/2024\/07\/Concealed-gate-closer-RTS.jpg\" alt=\"\" class=\"uag-image-2456\" width=\"300\" height=\"200\" title=\"Concealed-gate-closer-RTS\" loading=\"lazy\" role=\"img\"\/><\/a><\/figure><\/div>\n\n\n\n<div class=\"wp-block-uagb-advanced-heading uagb-block-1eab70c5\"><h4 class=\"uagb-heading-text\">Ferme-porte encastr\u00e9 RTS pour une fermeture s\u00fbre sans risque de vandalisme<\/h4><\/div>\n\n\n\n<p class=\"has-small-font-size\">Le ferme-porte encastr\u00e9 RTS est id\u00e9al pour fermer automatiquement des portails sans avoir de m\u00e9canisme visible. Cela emp\u00eache toute manipulation du ferme-porte, surtout dans les zones o\u00f9 la s\u00e9curit\u00e9 est essentielle. Ses principales caract\u00e9ristiques incluent un joint en plastique souple et une force d\u2019amortissement r\u00e9glable. Son design \u00e9pur\u00e9 en fait une solution fiable et durable pour de nombreuses applications.<\/p>\n\n\n\n<div class=\"wp-block-uagb-buttons uagb-buttons__outer-wrap uagb-btn__small-btn uagb-btn-tablet__default-btn uagb-btn-mobile__default-btn uagb-block-63aa2630\"><div class=\"uagb-buttons__wrap uagb-buttons-layout-wrap \">\n<div class=\"wp-block-uagb-buttons-child uagb-buttons__outer-wrap uagb-block-0bbfb387 wp-block-button\"><div class=\"uagb-button__wrapper\"><a class=\"uagb-buttons-repeater wp-block-button__link\" aria-label=\"\" href=\"https:\/\/fr.dictator.de\/referenzen\/fermeture-automatique-porte-dacces\/\" rel=\"follow noopener\" target=\"_blank\" role=\"button\"><div class=\"uagb-button__link\">Lire Plus<\/div><span class=\"uagb-button__icon uagb-button__icon-position-after\"><svg xmlns=\"https:\/\/www.w3.org\/2000\/svg\" viewBox=\"0 0 448 512\" aria-hidden=\"true\" focussable=\"false\"><path d=\"M256 64C256 46.33 270.3 32 288 32H415.1C415.1 32 415.1 32 415.1 32C420.3 32 424.5 32.86 428.2 34.43C431.1 35.98 435.5 38.27 438.6 41.3C438.6 41.35 438.6 41.4 438.7 41.44C444.9 47.66 447.1 55.78 448 63.9C448 63.94 448 63.97 448 64V192C448 209.7 433.7 224 416 224C398.3 224 384 209.7 384 192V141.3L214.6 310.6C202.1 323.1 181.9 323.1 169.4 310.6C156.9 298.1 156.9 277.9 169.4 265.4L338.7 96H288C270.3 96 256 81.67 256 64V64zM0 128C0 92.65 28.65 64 64 64H160C177.7 64 192 78.33 192 96C192 113.7 177.7 128 160 128H64V416H352V320C352 302.3 366.3 288 384 288C401.7 288 416 302.3 416 320V416C416 451.3 387.3 480 352 480H64C28.65 480 0 451.3 0 416V128z\"><\/path><\/svg><\/span><\/a><\/div><\/div>\n<\/div><\/div>\n<\/div>\n\n\n\n<div class=\"wp-block-uagb-container uagb-block-c79a02ae default uagb-is-root-container\">\n<div class=\"wp-block-uagb-image aligncenter uagb-block-390518df wp-block-uagb-image--layout-default wp-block-uagb-image--effect-static wp-block-uagb-image--align-center\"><figure class=\"wp-block-uagb-image__figure\"><a class=\"\" href=\"https:\/\/fr.dictator.de\/referenzen\/ferme-porte-pour-portillons-a-paumelles-montantes\/\" target=\"_blank\" rel=\"noreferrer noopener\"><img decoding=\"async\" srcset=\"https:\/\/dictator.ca\/wp-content\/uploads\/2024\/07\/Gate-closer-DIREKT-slopes.jpg ,https:\/\/dictator.ca\/wp-content\/uploads\/2024\/07\/Gate-closer-DIREKT-slopes.jpg 780w, https:\/\/dictator.ca\/wp-content\/uploads\/2024\/07\/Gate-closer-DIREKT-slopes.jpg 360w\" sizes=\"auto, (max-width: 480px) 150px\" src=\"https:\/\/dictator.ca\/wp-content\/uploads\/2024\/07\/Gate-closer-DIREKT-slopes.jpg\" alt=\"\" class=\"uag-image-2458\" width=\"300\" height=\"200\" title=\"Gate-closer-DIREKT-slopes\" loading=\"lazy\" role=\"img\"\/><\/a><\/figure><\/div>\n\n\n\n<div class=\"wp-block-uagb-advanced-heading uagb-block-5d9786ae\"><h4 class=\"uagb-heading-text\">Fermeture contr\u00f4l\u00e9e des portails ext\u00e9rieurs, des portails de jardin et des portails de cl\u00f4tures \u2013 m\u00eame en pente<\/h4><\/div>\n\n\n\n<p class=\"has-small-font-size\">Les portails ext\u00e9rieurs en pente peuvent \u00eatre probl\u00e9matiques : d\u00e8s qu\u2019ils s\u2019ouvrent, ils se referment en claquant, ce qui signifie une dur\u00e9e de vie plus courte pour la porte et un risque \u00e9ventuel de blessure pour ses utilisateurs. Avec le ferme-porte DIREKT, ce probl\u00e8me n\u2019existe plus : il ralentit la fermeture du portail \u00e0 la vitesse que vous souhaitez et le ferme en douceur et en toute s\u00e9curit\u00e9.<\/p>\n\n\n\n<div class=\"wp-block-uagb-buttons uagb-buttons__outer-wrap uagb-btn__small-btn uagb-btn-tablet__default-btn uagb-btn-mobile__default-btn uagb-block-14267790\"><div class=\"uagb-buttons__wrap uagb-buttons-layout-wrap \">\n<div class=\"wp-block-uagb-buttons-child uagb-buttons__outer-wrap uagb-block-5d06c59e wp-block-button\"><div class=\"uagb-button__wrapper\"><a class=\"uagb-buttons-repeater wp-block-button__link\" aria-label=\"\" href=\"https:\/\/fr.dictator.de\/referenzen\/ferme-porte-pour-portillons-a-paumelles-montantes\/\" rel=\"follow noopener\" target=\"_blank\" role=\"button\"><div class=\"uagb-button__link\">Lire Plus<\/div><span class=\"uagb-button__icon uagb-button__icon-position-after\"><svg xmlns=\"https:\/\/www.w3.org\/2000\/svg\" viewBox=\"0 0 448 512\" aria-hidden=\"true\" focussable=\"false\"><path d=\"M256 64C256 46.33 270.3 32 288 32H415.1C415.1 32 415.1 32 415.1 32C420.3 32 424.5 32.86 428.2 34.43C431.1 35.98 435.5 38.27 438.6 41.3C438.6 41.35 438.6 41.4 438.7 41.44C444.9 47.66 447.1 55.78 448 63.9C448 63.94 448 63.97 448 64V192C448 209.7 433.7 224 416 224C398.3 224 384 209.7 384 192V141.3L214.6 310.6C202.1 323.1 181.9 323.1 169.4 310.6C156.9 298.1 156.9 277.9 169.4 265.4L338.7 96H288C270.3 96 256 81.67 256 64V64zM0 128C0 92.65 28.65 64 64 64H160C177.7 64 192 78.33 192 96C192 113.7 177.7 128 160 128H64V416H352V320C352 302.3 366.3 288 384 288C401.7 288 416 302.3 416 320V416C416 451.3 387.3 480 352 480H64C28.65 480 0 451.3 0 416V128z\"><\/path><\/svg><\/span><\/a><\/div><\/div>\n<\/div><\/div>\n<\/div>\n<\/div><\/div>\n<\/div><\/div>\n<\/div><\/div>\n\n\n\n<p><\/p>\n","protected":false},"excerpt":{"rendered":"","protected":false},"author":3,"featured_media":0,"parent":2677,"menu_order":0,"comment_status":"closed","ping_status":"closed","template":"","meta":{"_acf_changed":false,"_uag_custom_page_level_css":"","_genesis_hide_title":true,"_genesis_hide_breadcrumbs":false,"_genesis_hide_singular_image":false,"_genesis_hide_footer_widgets":false,"_genesis_custom_body_class":"","_genesis_custom_post_class":"","_genesis_layout":"","footnotes":""},"class_list":{"0":"post-2756","1":"page","2":"type-page","3":"status-publish","5":"entry"},"acf":[],"featured_image_src":null,"featured_image_src_square":null,"uagb_featured_image_src":{"full":false,"thumbnail":false,"medium":false,"medium_large":false,"large":false,"1536x1536":false,"2048x2048":false,"sidebar-featured":false,"genesis-singular-images":false,"gb-block-post-grid-landscape":false,"gb-block-post-grid-square":false},"uagb_author_info":{"display_name":"Tanja L.","author_link":"https:\/\/dictator.ca\/fr\/author\/t-lang\/"},"uagb_comment_info":0,"uagb_excerpt":null,"_links":{"self":[{"href":"https:\/\/dictator.ca\/fr\/wp-json\/wp\/v2\/pages\/2756","targetHints":{"allow":["GET"]}}],"collection":[{"href":"https:\/\/dictator.ca\/fr\/wp-json\/wp\/v2\/pages"}],"about":[{"href":"https:\/\/dictator.ca\/fr\/wp-json\/wp\/v2\/types\/page"}],"author":[{"embeddable":true,"href":"https:\/\/dictator.ca\/fr\/wp-json\/wp\/v2\/users\/3"}],"replies":[{"embeddable":true,"href":"https:\/\/dictator.ca\/fr\/wp-json\/wp\/v2\/comments?post=2756"}],"version-history":[{"count":6,"href":"https:\/\/dictator.ca\/fr\/wp-json\/wp\/v2\/pages\/2756\/revisions"}],"predecessor-version":[{"id":4124,"href":"https:\/\/dictator.ca\/fr\/wp-json\/wp\/v2\/pages\/2756\/revisions\/4124"}],"up":[{"embeddable":true,"href":"https:\/\/dictator.ca\/fr\/wp-json\/wp\/v2\/pages\/2677"}],"wp:attachment":[{"href":"https:\/\/dictator.ca\/fr\/wp-json\/wp\/v2\/media?parent=2756"}],"curies":[{"name":"wp","href":"https:\/\/api.w.org\/{rel}","templated":true}]}}