{"id":2754,"date":"2024-01-22T16:09:28","date_gmt":"2024-01-22T15:09:28","guid":{"rendered":"https:\/\/dictator.ca\/?page_id=2754"},"modified":"2025-05-21T15:56:08","modified_gmt":"2025-05-21T13:56:08","slug":"applications-ressorts-a-gaz","status":"publish","type":"page","link":"https:\/\/dictator.ca\/fr\/applications\/applications-ressorts-a-gaz\/","title":{"rendered":"Applications &#8211; Ressorts \u00e0 gaz"},"content":{"rendered":"\n<div class=\"wp-block-genesis-blocks-gb-columns gb-layout-columns-1 one-column\"><div class=\"gb-layout-column-wrap gb-block-layout-column-gap-2 gb-is-responsive-column\">\n<div class=\"wp-block-genesis-blocks-gb-column gb-block-layout-column\"><div class=\"gb-block-layout-column-inner\">\n\n\n<h1 class=\"wp-block-heading\" style=\"padding-top:var(--wp--preset--spacing--40);font-size:40px;text-transform:uppercase\">applications-ressorts-a-gaz<\/h1>\n\n\n\n<p>Les ressorts \u00e0 gaz de qualit\u00e9 DICTATOR soul\u00e8vent vos poids lourds \u2013 toujours sans effort, en douceur et sans probl\u00e8me. Ceci permet de nombreuses applications avec ressorts \u00e0 gaz, qui aident \u00e0 prot\u00e9ger les personnes et les biens. Gr\u00e2ce \u00e0 leur large gamme d\u2019options, ils peuvent \u00eatre utilis\u00e9s dans tous les types de structures o\u00f9 des composants doivent \u00eatre soulev\u00e9s et\/ou maintenus ouverts, ou bien o\u00f9 le poids doit \u00eatre contrebalanc\u00e9.<\/p>\n\n\n\n<div class=\"wp-block-uagb-container uagb-layout-grid uagb-block-c42f61f0 alignfull uagb-is-root-container\"><div class=\"uagb-container-inner-blocks-wrap\">\n<div class=\"wp-block-uagb-container uagb-block-2151ad33 default uagb-is-root-container\">\n<div class=\"wp-block-uagb-image aligncenter uagb-block-c4f29346 wp-block-uagb-image--layout-default wp-block-uagb-image--effect-static wp-block-uagb-image--align-center\"><figure class=\"wp-block-uagb-image__figure\"><a class=\"\" href=\"https:\/\/fr.dictator.de\/referenzen\/couvercle-escalier-cave-embellit-terrasse-fait-place\/\" target=\"_blank\" rel=\"noreferrer noopener\"><img decoding=\"async\" srcset=\"https:\/\/dictator.ca\/wp-content\/uploads\/2024\/07\/Gas-springs-on-basement-cover.jpg ,https:\/\/dictator.ca\/wp-content\/uploads\/2024\/07\/Gas-springs-on-basement-cover.jpg 780w, https:\/\/dictator.ca\/wp-content\/uploads\/2024\/07\/Gas-springs-on-basement-cover.jpg 360w\" sizes=\"auto, (max-width: 480px) 150px\" src=\"https:\/\/dictator.ca\/wp-content\/uploads\/2024\/07\/Gas-springs-on-basement-cover.jpg\" alt=\"\" class=\"uag-image-2374\" width=\"300\" height=\"200\" title=\"Gas-springs-on-basement-cover\" loading=\"lazy\" role=\"img\"\/><\/a><\/figure><\/div>\n\n\n\n<div class=\"wp-block-uagb-advanced-heading uagb-block-e1e05fc6\"><h4 class=\"uagb-heading-text\">Couvre-sous-sol facile \u00e0 utiliser avec des ressorts \u00e0 gaz pour gagner de l\u2019espace<\/h4><\/div>\n\n\n\n<p class=\"has-small-font-size\">Les escaliers menant au sous-sol occupaient un espace important sur cette terrasse. Afin d\u2019agrandir la surface utilisable, ils ont d\u00e9cid\u00e9 de recouvrir l\u2019escalier d\u2019un rev\u00eatement en bois. Une fois ferm\u00e9, il est possible de marcher dessus et d\u2019utiliser l\u2019espace suppl\u00e9mentaire. Cependant, le lourd rev\u00eatement devait \u00eatre boug\u00e9 sans effort. C\u2019est l\u00e0 que les ressorts \u00e0 gaz DICTATOR entrent en action. Les exigences \u00e9taient un peu compliqu\u00e9es : les \u00e9l\u00e9ments individuels devaient \u00eatre maintenus ouverts\/ferm\u00e9s uniquement par les ressorts \u00e0 gaz, car si on utilisait une serrure, il ne serait pas possible d\u2019ouvrir le couvercle de l\u2019ext\u00e9rieur quand il est verrouill\u00e9. Mais ce n\u2019\u00e9tait absolument pas un probl\u00e8me pour DICTATOR, qui a \u00e9galement calcul\u00e9 les points de fixation exacts des ressorts \u00e0 gaz pour assurer un fonctionnement parfait.<\/p>\n\n\n\n<div class=\"wp-block-uagb-buttons uagb-buttons__outer-wrap uagb-btn__small-btn uagb-btn-tablet__default-btn uagb-btn-mobile__default-btn uagb-block-041cacdf\"><div class=\"uagb-buttons__wrap uagb-buttons-layout-wrap \">\n<div class=\"wp-block-uagb-buttons-child uagb-buttons__outer-wrap uagb-block-2690ebee wp-block-button\"><div class=\"uagb-button__wrapper\"><a class=\"uagb-buttons-repeater wp-block-button__link\" aria-label=\"\" href=\"https:\/\/fr.dictator.de\/referenzen\/couvercle-escalier-cave-embellit-terrasse-fait-place\/\" rel=\"follow noopener\" target=\"_blank\" role=\"button\"><div class=\"uagb-button__link\">Lire Plus<\/div><span class=\"uagb-button__icon uagb-button__icon-position-after\"><svg xmlns=\"https:\/\/www.w3.org\/2000\/svg\" viewBox=\"0 0 448 512\" aria-hidden=\"true\" focussable=\"false\"><path d=\"M256 64C256 46.33 270.3 32 288 32H415.1C415.1 32 415.1 32 415.1 32C420.3 32 424.5 32.86 428.2 34.43C431.1 35.98 435.5 38.27 438.6 41.3C438.6 41.35 438.6 41.4 438.7 41.44C444.9 47.66 447.1 55.78 448 63.9C448 63.94 448 63.97 448 64V192C448 209.7 433.7 224 416 224C398.3 224 384 209.7 384 192V141.3L214.6 310.6C202.1 323.1 181.9 323.1 169.4 310.6C156.9 298.1 156.9 277.9 169.4 265.4L338.7 96H288C270.3 96 256 81.67 256 64V64zM0 128C0 92.65 28.65 64 64 64H160C177.7 64 192 78.33 192 96C192 113.7 177.7 128 160 128H64V416H352V320C352 302.3 366.3 288 384 288C401.7 288 416 302.3 416 320V416C416 451.3 387.3 480 352 480H64C28.65 480 0 451.3 0 416V128z\"><\/path><\/svg><\/span><\/a><\/div><\/div>\n<\/div><\/div>\n<\/div>\n\n\n\n<div class=\"wp-block-uagb-container uagb-block-c87aed52 default uagb-is-root-container\">\n<div class=\"wp-block-uagb-image aligncenter uagb-block-d0f654fa wp-block-uagb-image--layout-default wp-block-uagb-image--effect-static wp-block-uagb-image--align-center\"><figure class=\"wp-block-uagb-image__figure\"><a class=\"\" href=\"https:\/\/fr.dictator.de\/referenzen\/solution-a-mesure-pour-fenetres-london-city-hall\/\" target=\"_blank\" rel=\"noreferrer noopener\"><img decoding=\"async\" srcset=\"https:\/\/dictator.ca\/wp-content\/uploads\/2024\/07\/Gas-springs-windows-london-city-hall.jpg ,https:\/\/dictator.ca\/wp-content\/uploads\/2024\/07\/Gas-springs-windows-london-city-hall.jpg 780w, https:\/\/dictator.ca\/wp-content\/uploads\/2024\/07\/Gas-springs-windows-london-city-hall.jpg 360w\" sizes=\"auto, (max-width: 480px) 150px\" src=\"https:\/\/dictator.ca\/wp-content\/uploads\/2024\/07\/Gas-springs-windows-london-city-hall.jpg\" alt=\"\" class=\"uag-image-2376\" width=\"300\" height=\"200\" title=\"Gas-springs-windows-london-city-hall\" loading=\"lazy\" role=\"img\"\/><\/a><\/figure><\/div>\n\n\n\n<div class=\"wp-block-uagb-advanced-heading uagb-block-0378ed1a\"><h4 class=\"uagb-heading-text\">Fen\u00eatres sur mesure de l\u2019H\u00f4tel de Ville de Londres s\u2019ouvrant gr\u00e2ce aux ressorts \u00e0 gaz DICTATOR<\/h4><\/div>\n\n\n\n<p class=\"has-small-font-size\">Les fen\u00eatres de l\u2019h\u00f4tel de ville de Londres, qui constituent une grande partie de sa fa\u00e7ade, sont \u00e9quip\u00e9es de plus de 3 600 ressorts \u00e0 gaz DICTATOR. En raison de la forme inhabituelle du b\u00e2timent, chaque ressort \u00e0 gaz a d\u00fb \u00eatre calcul\u00e9 individuellement pour chaque fen\u00eatre afin d\u2019obtenir un fonctionnement parfait. Le service de calcul DICTATOR n\u2019a pas eu de difficult\u00e9 \u00e0 le faire. Les ressorts \u00e0 gaz sur mesure ont ensuite \u00e9t\u00e9 fabriqu\u00e9s pour chaque fen\u00eatre et emball\u00e9s et \u00e9tiquet\u00e9s de mani\u00e8re \u00e0 ce que chaque ressort \u00e0 gaz puisse \u00eatre facilement affect\u00e9 \u00e0 sa fen\u00eatre respective lors de l\u2019installation.<\/p>\n\n\n\n<div class=\"wp-block-uagb-buttons uagb-buttons__outer-wrap uagb-btn__small-btn uagb-btn-tablet__default-btn uagb-btn-mobile__default-btn uagb-block-e571c092\"><div class=\"uagb-buttons__wrap uagb-buttons-layout-wrap \">\n<div class=\"wp-block-uagb-buttons-child uagb-buttons__outer-wrap uagb-block-75972275 wp-block-button\"><div class=\"uagb-button__wrapper\"><a class=\"uagb-buttons-repeater wp-block-button__link\" aria-label=\"\" href=\"https:\/\/fr.dictator.de\/referenzen\/solution-a-mesure-pour-fenetres-london-city-hall\/\" rel=\"follow noopener\" target=\"_blank\" role=\"button\"><div class=\"uagb-button__link\">Lire Plus<\/div><span class=\"uagb-button__icon uagb-button__icon-position-after\"><svg xmlns=\"https:\/\/www.w3.org\/2000\/svg\" viewBox=\"0 0 448 512\" aria-hidden=\"true\" focussable=\"false\"><path d=\"M256 64C256 46.33 270.3 32 288 32H415.1C415.1 32 415.1 32 415.1 32C420.3 32 424.5 32.86 428.2 34.43C431.1 35.98 435.5 38.27 438.6 41.3C438.6 41.35 438.6 41.4 438.7 41.44C444.9 47.66 447.1 55.78 448 63.9C448 63.94 448 63.97 448 64V192C448 209.7 433.7 224 416 224C398.3 224 384 209.7 384 192V141.3L214.6 310.6C202.1 323.1 181.9 323.1 169.4 310.6C156.9 298.1 156.9 277.9 169.4 265.4L338.7 96H288C270.3 96 256 81.67 256 64V64zM0 128C0 92.65 28.65 64 64 64H160C177.7 64 192 78.33 192 96C192 113.7 177.7 128 160 128H64V416H352V320C352 302.3 366.3 288 384 288C401.7 288 416 302.3 416 320V416C416 451.3 387.3 480 352 480H64C28.65 480 0 451.3 0 416V128z\"><\/path><\/svg><\/span><\/a><\/div><\/div>\n<\/div><\/div>\n<\/div>\n\n\n\n<div class=\"wp-block-uagb-container uagb-block-b67ba722 default uagb-is-root-container\">\n<div class=\"wp-block-uagb-image aligncenter uagb-block-4e110328 wp-block-uagb-image--layout-default wp-block-uagb-image--effect-static wp-block-uagb-image--align-center\"><figure class=\"wp-block-uagb-image__figure\"><a class=\"\" href=\"https:\/\/fr.dictator.de\/referenzen\/issue-secours-ressorts-a-gaz-ouvrent-trappe-sortie-urgence\/\" target=\"_blank\" rel=\"noreferrer noopener\"><img decoding=\"async\" srcset=\"https:\/\/dictator.ca\/wp-content\/uploads\/2024\/07\/Gas-springs-on-floor-hatch.jpg ,https:\/\/dictator.ca\/wp-content\/uploads\/2024\/07\/Gas-springs-on-floor-hatch.jpg 780w, https:\/\/dictator.ca\/wp-content\/uploads\/2024\/07\/Gas-springs-on-floor-hatch.jpg 360w\" sizes=\"auto, (max-width: 480px) 150px\" src=\"https:\/\/dictator.ca\/wp-content\/uploads\/2024\/07\/Gas-springs-on-floor-hatch.jpg\" alt=\"\" class=\"uag-image-2378\" width=\"300\" height=\"200\" title=\"Gas-springs-on-floor-hatch\" loading=\"lazy\" role=\"img\"\/><\/a><\/figure><\/div>\n\n\n\n<div class=\"wp-block-uagb-advanced-heading uagb-block-1eab70c5\"><h4 class=\"uagb-heading-text\">Ressorts \u00e0 gaz pour un fonctionnement simple et s\u00fbr des trappes de sol et des volets<\/h4><\/div>\n\n\n\n<p class=\"has-small-font-size\">De nombreux b\u00e2timents disposent de trappes comme voie d\u2019\u00e9vacuation du sous-sol, comme ce caf\u00e9 \u00e0 Cologne, en Allemagne. En cas d\u2019urgence, la trappe doit pouvoir s\u2019ouvrir toute seule apr\u00e8s son d\u00e9verrouillage et rester ouverte. Cependant, ces exigences peuvent varier d\u2019un cas \u00e0 l\u2019autre. C\u2019est pourquoi DICTATOR prend en compte chaque application individuellement. Sur la base des informations concernant les dimensions et le poids, la fr\u00e9quence de fonctionnement, la temp\u00e9rature ambiante, etc., nous d\u00e9terminons le ressort \u00e0 gaz parfait pour chaque application, y compris les points de fixation exacts pour garantir un fonctionnement parfait.<\/p>\n\n\n\n<div class=\"wp-block-uagb-buttons uagb-buttons__outer-wrap uagb-btn__small-btn uagb-btn-tablet__default-btn uagb-btn-mobile__default-btn uagb-block-63aa2630\"><div class=\"uagb-buttons__wrap uagb-buttons-layout-wrap \">\n<div class=\"wp-block-uagb-buttons-child uagb-buttons__outer-wrap uagb-block-0bbfb387 wp-block-button\"><div class=\"uagb-button__wrapper\"><a class=\"uagb-buttons-repeater wp-block-button__link\" aria-label=\"\" href=\"https:\/\/fr.dictator.de\/referenzen\/issue-secours-ressorts-a-gaz-ouvrent-trappe-sortie-urgence\/\" rel=\"follow noopener\" target=\"_blank\" role=\"button\"><div class=\"uagb-button__link\">Lire Plus<\/div><span class=\"uagb-button__icon uagb-button__icon-position-after\"><svg xmlns=\"https:\/\/www.w3.org\/2000\/svg\" viewBox=\"0 0 448 512\" aria-hidden=\"true\" focussable=\"false\"><path d=\"M256 64C256 46.33 270.3 32 288 32H415.1C415.1 32 415.1 32 415.1 32C420.3 32 424.5 32.86 428.2 34.43C431.1 35.98 435.5 38.27 438.6 41.3C438.6 41.35 438.6 41.4 438.7 41.44C444.9 47.66 447.1 55.78 448 63.9C448 63.94 448 63.97 448 64V192C448 209.7 433.7 224 416 224C398.3 224 384 209.7 384 192V141.3L214.6 310.6C202.1 323.1 181.9 323.1 169.4 310.6C156.9 298.1 156.9 277.9 169.4 265.4L338.7 96H288C270.3 96 256 81.67 256 64V64zM0 128C0 92.65 28.65 64 64 64H160C177.7 64 192 78.33 192 96C192 113.7 177.7 128 160 128H64V416H352V320C352 302.3 366.3 288 384 288C401.7 288 416 302.3 416 320V416C416 451.3 387.3 480 352 480H64C28.65 480 0 451.3 0 416V128z\"><\/path><\/svg><\/span><\/a><\/div><\/div>\n<\/div><\/div>\n<\/div>\n\n\n\n<div class=\"wp-block-uagb-container uagb-block-c79a02ae default uagb-is-root-container\">\n<div class=\"wp-block-uagb-image aligncenter uagb-block-390518df wp-block-uagb-image--layout-default wp-block-uagb-image--effect-static wp-block-uagb-image--align-center\"><figure class=\"wp-block-uagb-image__figure\"><a class=\"\" href=\"https:\/\/fr.dictator.de\/referenzen\/ressorts-a-gaz-abattants-a-langer-bebes-aeroport-frankfurt\/\" target=\"_blank\" rel=\"noreferrer noopener\"><img decoding=\"async\" srcset=\"https:\/\/dictator.ca\/wp-content\/uploads\/2024\/07\/Gas-springs-changing-table.jpg ,https:\/\/dictator.ca\/wp-content\/uploads\/2024\/07\/Gas-springs-changing-table.jpg 780w, https:\/\/dictator.ca\/wp-content\/uploads\/2024\/07\/Gas-springs-changing-table.jpg 360w\" sizes=\"auto, (max-width: 480px) 150px\" src=\"https:\/\/dictator.ca\/wp-content\/uploads\/2024\/07\/Gas-springs-changing-table.jpg\" alt=\"\" class=\"uag-image-2381\" width=\"300\" height=\"200\" title=\"Gas-springs-changing-table\" loading=\"lazy\" role=\"img\"\/><\/a><\/figure><\/div>\n\n\n\n<div class=\"wp-block-uagb-advanced-heading uagb-block-5d9786ae\"><h4 class=\"uagb-heading-text\">Les ressorts \u00e0 gaz en action sur les tables \u00e0 langer pour une fonction et une s\u00e9curit\u00e9 optimales<\/h4><\/div>\n\n\n\n<p class=\"has-small-font-size\">Les tables \u00e0 langer pliables de l\u2019a\u00e9roport international de Francfort sont une solution parfaite pour gagner de la place. Ce type de table \u00e0 langer pr\u00e9sente un d\u00e9fi particulier, car le rabat ne peut pas simplement s\u2019abaisser lors de l\u2019ouverture et la fermeture doit \u00eatre assist\u00e9e, car sinon il faudrait trop de force pour le replier. Mais cela n\u2019a pos\u00e9 aucun probl\u00e8me au service technique de DICTATOR.<\/p>\n\n\n\n<div class=\"wp-block-uagb-buttons uagb-buttons__outer-wrap uagb-btn__small-btn uagb-btn-tablet__default-btn uagb-btn-mobile__default-btn uagb-block-14267790\"><div class=\"uagb-buttons__wrap uagb-buttons-layout-wrap \">\n<div class=\"wp-block-uagb-buttons-child uagb-buttons__outer-wrap uagb-block-5d06c59e wp-block-button\"><div class=\"uagb-button__wrapper\"><a class=\"uagb-buttons-repeater wp-block-button__link\" aria-label=\"\" href=\"https:\/\/fr.dictator.de\/referenzen\/ressorts-a-gaz-abattants-a-langer-bebes-aeroport-frankfurt\/\" rel=\"follow noopener\" target=\"_blank\" role=\"button\"><div class=\"uagb-button__link\">Lire Plus<\/div><span class=\"uagb-button__icon uagb-button__icon-position-after\"><svg xmlns=\"https:\/\/www.w3.org\/2000\/svg\" viewBox=\"0 0 448 512\" aria-hidden=\"true\" focussable=\"false\"><path d=\"M256 64C256 46.33 270.3 32 288 32H415.1C415.1 32 415.1 32 415.1 32C420.3 32 424.5 32.86 428.2 34.43C431.1 35.98 435.5 38.27 438.6 41.3C438.6 41.35 438.6 41.4 438.7 41.44C444.9 47.66 447.1 55.78 448 63.9C448 63.94 448 63.97 448 64V192C448 209.7 433.7 224 416 224C398.3 224 384 209.7 384 192V141.3L214.6 310.6C202.1 323.1 181.9 323.1 169.4 310.6C156.9 298.1 156.9 277.9 169.4 265.4L338.7 96H288C270.3 96 256 81.67 256 64V64zM0 128C0 92.65 28.65 64 64 64H160C177.7 64 192 78.33 192 96C192 113.7 177.7 128 160 128H64V416H352V320C352 302.3 366.3 288 384 288C401.7 288 416 302.3 416 320V416C416 451.3 387.3 480 352 480H64C28.65 480 0 451.3 0 416V128z\"><\/path><\/svg><\/span><\/a><\/div><\/div>\n<\/div><\/div>\n<\/div>\n\n\n\n<div class=\"wp-block-uagb-container uagb-block-50f933fe default uagb-is-root-container\">\n<div class=\"wp-block-uagb-image aligncenter uagb-block-0fb8ffbb wp-block-uagb-image--layout-default wp-block-uagb-image--effect-static wp-block-uagb-image--align-center\"><figure class=\"wp-block-uagb-image__figure\"><a class=\"\" href=\"https:\/\/fr.dictator.de\/referenzen\/ouverture-facile-trappe-sol-ressorts-gaz\/\" target=\"_blank\" rel=\"noreferrer noopener\"><img decoding=\"async\" srcset=\"https:\/\/dictator.ca\/wp-content\/uploads\/2024\/07\/Gas-springs-floor-hatch-landmark.jpg ,https:\/\/dictator.ca\/wp-content\/uploads\/2024\/07\/Gas-springs-floor-hatch-landmark.jpg 780w, https:\/\/dictator.ca\/wp-content\/uploads\/2024\/07\/Gas-springs-floor-hatch-landmark.jpg 360w\" sizes=\"auto, (max-width: 480px) 150px\" src=\"https:\/\/dictator.ca\/wp-content\/uploads\/2024\/07\/Gas-springs-floor-hatch-landmark.jpg\" alt=\"\" class=\"uag-image-2384\" width=\"300\" height=\"200\" title=\"Gas-springs-floor-hatch-landmark\" loading=\"lazy\" role=\"img\"\/><\/a><\/figure><\/div>\n\n\n\n<div class=\"wp-block-uagb-advanced-heading uagb-block-45a34a73\"><h4 class=\"uagb-heading-text\">Fonctionnement s\u00fbr d\u2019une trappe de sol dans un monument historique<\/h4><\/div>\n\n\n\n<p class=\"has-small-font-size\">Cette trappe est situ\u00e9e dans une maison \u00e0 colombages construite dans les ann\u00e9es 1760. La trappe doit s\u2019ouvrir sans effort depuis le sous-sol et le rez-de-chauss\u00e9e et elle doit pouvoir rester ouverte sans tomber. Et cela a n\u00e9cessit\u00e9 une solution sur mesure. En outre, les points de fixation pour l\u2019installation devaient \u00eatre choisis avec soin afin que les v\u00e9rins \u00e0 gaz n\u2019obstruent pas encore plus l\u2019escalier d\u00e9j\u00e0 \u00e9troit \u2013 un d\u00e9fi que DICTATOR rel\u00e8ve avec plaisir.<\/p>\n\n\n\n<div class=\"wp-block-uagb-buttons uagb-buttons__outer-wrap uagb-btn__small-btn uagb-btn-tablet__default-btn uagb-btn-mobile__default-btn uagb-block-a3936cfe\"><div class=\"uagb-buttons__wrap uagb-buttons-layout-wrap \">\n<div class=\"wp-block-uagb-buttons-child uagb-buttons__outer-wrap uagb-block-2896d578 wp-block-button\"><div class=\"uagb-button__wrapper\"><a class=\"uagb-buttons-repeater wp-block-button__link\" aria-label=\"\" href=\"https:\/\/fr.dictator.de\/referenzen\/ouverture-facile-trappe-sol-ressorts-gaz\/\" rel=\"follow noopener\" target=\"_blank\" role=\"button\"><div class=\"uagb-button__link\">Lire Plus<\/div><span class=\"uagb-button__icon uagb-button__icon-position-after\"><svg xmlns=\"https:\/\/www.w3.org\/2000\/svg\" viewBox=\"0 0 448 512\" aria-hidden=\"true\" focussable=\"false\"><path d=\"M256 64C256 46.33 270.3 32 288 32H415.1C415.1 32 415.1 32 415.1 32C420.3 32 424.5 32.86 428.2 34.43C431.1 35.98 435.5 38.27 438.6 41.3C438.6 41.35 438.6 41.4 438.7 41.44C444.9 47.66 447.1 55.78 448 63.9C448 63.94 448 63.97 448 64V192C448 209.7 433.7 224 416 224C398.3 224 384 209.7 384 192V141.3L214.6 310.6C202.1 323.1 181.9 323.1 169.4 310.6C156.9 298.1 156.9 277.9 169.4 265.4L338.7 96H288C270.3 96 256 81.67 256 64V64zM0 128C0 92.65 28.65 64 64 64H160C177.7 64 192 78.33 192 96C192 113.7 177.7 128 160 128H64V416H352V320C352 302.3 366.3 288 384 288C401.7 288 416 302.3 416 320V416C416 451.3 387.3 480 352 480H64C28.65 480 0 451.3 0 416V128z\"><\/path><\/svg><\/span><\/a><\/div><\/div>\n<\/div><\/div>\n<\/div>\n\n\n\n<div class=\"wp-block-uagb-container uagb-block-7f3d9daf default uagb-is-root-container\">\n<div class=\"wp-block-uagb-image aligncenter uagb-block-4a558dc2 wp-block-uagb-image--layout-default wp-block-uagb-image--effect-static wp-block-uagb-image--align-center\"><figure class=\"wp-block-uagb-image__figure\"><a class=\"\" href=\"https:\/\/fr.dictator.de\/referenzen\/ressorts-gaz-securite-travail-accrue\/\" target=\"_blank\" rel=\"noreferrer noopener\"><img decoding=\"async\" srcset=\"https:\/\/dictator.ca\/wp-content\/uploads\/2024\/07\/Gas-springs-industrial-applications-1.jpg ,https:\/\/dictator.ca\/wp-content\/uploads\/2024\/07\/Gas-springs-industrial-applications-1.jpg 780w, https:\/\/dictator.ca\/wp-content\/uploads\/2024\/07\/Gas-springs-industrial-applications-1.jpg 360w\" sizes=\"auto, (max-width: 480px) 150px\" src=\"https:\/\/dictator.ca\/wp-content\/uploads\/2024\/07\/Gas-springs-industrial-applications-1.jpg\" alt=\"\" class=\"uag-image-2827\" width=\"300\" height=\"200\" title=\"Gas-springs-industrial-applications\" loading=\"lazy\" role=\"img\"\/><\/a><\/figure><\/div>\n\n\n\n<div class=\"wp-block-uagb-advanced-heading uagb-block-e80ad500\"><h4 class=\"uagb-heading-text\">Les ressorts \u00e0 gaz assurent un soutien fiable aux flux de travail dans les applications industrielles<\/h4><\/div>\n\n\n\n<p class=\"has-small-font-size\">Dans les complexes industriels, il existe de nombreux volets qui sont difficiles \u00e0 man\u0153uvrer en raison de leur poids. Les ressorts \u00e0 gaz apportent une aide pour ce travail p\u00e9nible. Et lorsqu\u2019ils sont utilis\u00e9s sur des machines, ils assurent un mouvement fluide dans une grande vari\u00e9t\u00e9 d\u2019applications. Un ressort \u00e0 gaz d\u00e9fectueux peut rapidement entra\u00eener des co\u00fbts de r\u00e9paration \u00e9lev\u00e9s. C\u2019est pourquoi nous attachons une grande importance \u00e0 la fabrication de ressorts \u00e0 gaz de haute qualit\u00e9 ainsi qu\u2019\u00e0 la fourniture d\u2019un excellent support client et d\u2019une livraison rapide pour contribuer \u00e0 maintenir l\u2019activit\u00e9.<\/p>\n\n\n\n<div class=\"wp-block-uagb-buttons uagb-buttons__outer-wrap uagb-btn__small-btn uagb-btn-tablet__default-btn uagb-btn-mobile__default-btn uagb-block-c0235516\"><div class=\"uagb-buttons__wrap uagb-buttons-layout-wrap \">\n<div class=\"wp-block-uagb-buttons-child uagb-buttons__outer-wrap uagb-block-1177ab5c wp-block-button\"><div class=\"uagb-button__wrapper\"><a class=\"uagb-buttons-repeater wp-block-button__link\" aria-label=\"\" href=\"https:\/\/fr.dictator.de\/referenzen\/ressorts-gaz-securite-travail-accrue\/\" rel=\"follow noopener\" target=\"_blank\" role=\"button\"><div class=\"uagb-button__link\">Lire Plus<\/div><span class=\"uagb-button__icon uagb-button__icon-position-after\"><svg xmlns=\"https:\/\/www.w3.org\/2000\/svg\" viewBox=\"0 0 448 512\" aria-hidden=\"true\" focussable=\"false\"><path d=\"M256 64C256 46.33 270.3 32 288 32H415.1C415.1 32 415.1 32 415.1 32C420.3 32 424.5 32.86 428.2 34.43C431.1 35.98 435.5 38.27 438.6 41.3C438.6 41.35 438.6 41.4 438.7 41.44C444.9 47.66 447.1 55.78 448 63.9C448 63.94 448 63.97 448 64V192C448 209.7 433.7 224 416 224C398.3 224 384 209.7 384 192V141.3L214.6 310.6C202.1 323.1 181.9 323.1 169.4 310.6C156.9 298.1 156.9 277.9 169.4 265.4L338.7 96H288C270.3 96 256 81.67 256 64V64zM0 128C0 92.65 28.65 64 64 64H160C177.7 64 192 78.33 192 96C192 113.7 177.7 128 160 128H64V416H352V320C352 302.3 366.3 288 384 288C401.7 288 416 302.3 416 320V416C416 451.3 387.3 480 352 480H64C28.65 480 0 451.3 0 416V128z\"><\/path><\/svg><\/span><\/a><\/div><\/div>\n<\/div><\/div>\n<\/div>\n<\/div><\/div>\n<\/div><\/div>\n<\/div><\/div>\n\n\n\n<p><\/p>\n","protected":false},"excerpt":{"rendered":"","protected":false},"author":2,"featured_media":0,"parent":2677,"menu_order":0,"comment_status":"closed","ping_status":"closed","template":"","meta":{"_acf_changed":false,"_uag_custom_page_level_css":"","_genesis_hide_title":true,"_genesis_hide_breadcrumbs":false,"_genesis_hide_singular_image":false,"_genesis_hide_footer_widgets":false,"_genesis_custom_body_class":"","_genesis_custom_post_class":"","_genesis_layout":"","footnotes":""},"class_list":{"0":"post-2754","1":"page","2":"type-page","3":"status-publish","5":"entry"},"acf":[],"featured_image_src":null,"featured_image_src_square":null,"uagb_featured_image_src":{"full":false,"thumbnail":false,"medium":false,"medium_large":false,"large":false,"1536x1536":false,"2048x2048":false,"sidebar-featured":false,"genesis-singular-images":false,"gb-block-post-grid-landscape":false,"gb-block-post-grid-square":false},"uagb_author_info":{"display_name":"Verena W.","author_link":"https:\/\/dictator.ca\/fr\/author\/v-weilermann\/"},"uagb_comment_info":0,"uagb_excerpt":null,"_links":{"self":[{"href":"https:\/\/dictator.ca\/fr\/wp-json\/wp\/v2\/pages\/2754","targetHints":{"allow":["GET"]}}],"collection":[{"href":"https:\/\/dictator.ca\/fr\/wp-json\/wp\/v2\/pages"}],"about":[{"href":"https:\/\/dictator.ca\/fr\/wp-json\/wp\/v2\/types\/page"}],"author":[{"embeddable":true,"href":"https:\/\/dictator.ca\/fr\/wp-json\/wp\/v2\/users\/2"}],"replies":[{"embeddable":true,"href":"https:\/\/dictator.ca\/fr\/wp-json\/wp\/v2\/comments?post=2754"}],"version-history":[{"count":6,"href":"https:\/\/dictator.ca\/fr\/wp-json\/wp\/v2\/pages\/2754\/revisions"}],"predecessor-version":[{"id":4126,"href":"https:\/\/dictator.ca\/fr\/wp-json\/wp\/v2\/pages\/2754\/revisions\/4126"}],"up":[{"embeddable":true,"href":"https:\/\/dictator.ca\/fr\/wp-json\/wp\/v2\/pages\/2677"}],"wp:attachment":[{"href":"https:\/\/dictator.ca\/fr\/wp-json\/wp\/v2\/media?parent=2754"}],"curies":[{"name":"wp","href":"https:\/\/api.w.org\/{rel}","templated":true}]}}