{"id":2748,"date":"2024-01-22T14:07:53","date_gmt":"2024-01-22T13:07:53","guid":{"rendered":"https:\/\/dictator.ca\/?page_id=2748"},"modified":"2025-05-21T16:00:05","modified_gmt":"2025-05-21T14:00:05","slug":"applications-equipements-coupe-feu","status":"publish","type":"page","link":"https:\/\/dictator.ca\/fr\/applications\/applications-equipements-coupe-feu\/","title":{"rendered":"Applications &#8211; Syst\u00e8mes de blocage et accessoires pour portes coupe-feu"},"content":{"rendered":"\n<div class=\"wp-block-genesis-blocks-gb-columns gb-layout-columns-1 one-column\"><div class=\"gb-layout-column-wrap gb-block-layout-column-gap-2 gb-is-responsive-column\">\n<div class=\"wp-block-genesis-blocks-gb-column gb-block-layout-column\"><div class=\"gb-block-layout-column-inner\">\n\n\n<h1 class=\"wp-block-heading\" style=\"padding-top:var(--wp--preset--spacing--40);font-size:40px;text-transform:uppercase\">Applications \u2013 Syst\u00e8mes de blocage et accessoires pour portes coupe-feu<\/h1>\n\n\n\n<p>Les syst\u00e8mes de blocage et les accessoires pour portes coupe-feu DICTATOR assurent la s\u00e9curit\u00e9 et, en m\u00eame temps, facilitent la vie. Ils maintiennent les portes coupe-feu et pare-fum\u00e9e ouvertes en fonctionnement normal et veillent \u00e0 ce qu\u2019elles se ferment automatiquement en cas d\u2019alarme. De cette fa\u00e7on, le feu ne peut pas se propager dans tout le b\u00e2timent. Chez DICTATOR, nous ne nous contentons pas de fournir des produits, nous vous proposons des solutions tout-en-un, comprenant des conseils lors de la planification, une assistance pour toute question lors de l\u2019installation et de la mise en service, ainsi qu\u2019une aide pour les travaux de maintenance et de r\u00e9paration. Nous proposons \u00e9galement des solutions pour les zones ATEX avec risque d\u2019explosion, et nous veillons \u00e0 r\u00e9pondre \u00e0 toutes les exigences particuli\u00e8res pour garantir le confort d\u2019utilisation tout en respectant toutes les r\u00e9glementations n\u00e9cessaires.<\/p>\n\n\n\n<div class=\"wp-block-uagb-container uagb-layout-grid uagb-block-c42f61f0 alignfull uagb-is-root-container\"><div class=\"uagb-container-inner-blocks-wrap\">\n<div class=\"wp-block-uagb-container uagb-block-2151ad33 default uagb-is-root-container\">\n<div class=\"wp-block-uagb-image aligncenter uagb-block-c4f29346 wp-block-uagb-image--layout-default wp-block-uagb-image--effect-static wp-block-uagb-image--align-center\"><figure class=\"wp-block-uagb-image__figure\"><a class=\"\" href=\"https:\/\/fr.dictator.de\/referenzen\/ensembles-blocage-robustes-ecoles\/\" target=\"_blank\" rel=\"noreferrer noopener\"><img decoding=\"async\" srcset=\"https:\/\/dictator.ca\/wp-content\/uploads\/2024\/07\/Hold-open-system-on-schools.jpg ,https:\/\/dictator.ca\/wp-content\/uploads\/2024\/07\/Hold-open-system-on-schools.jpg 780w, https:\/\/dictator.ca\/wp-content\/uploads\/2024\/07\/Hold-open-system-on-schools.jpg 360w\" sizes=\"auto, (max-width: 480px) 150px\" src=\"https:\/\/dictator.ca\/wp-content\/uploads\/2024\/07\/Hold-open-system-on-schools.jpg\" alt=\"\" class=\"uag-image-2436\" width=\"300\" height=\"200\" title=\"Hold-open-system-on-schools\" loading=\"lazy\" role=\"img\"\/><\/a><\/figure><\/div>\n\n\n\n<div class=\"wp-block-uagb-advanced-heading uagb-block-e1e05fc6\"><h4 class=\"uagb-heading-text\">Syst\u00e8mes de blocage robustes et r\u00e9sistants dans les \u00e9coles<\/h4><\/div>\n\n\n\n<p class=\"has-small-font-size\">Les syst\u00e8mes de blocage int\u00e9gr\u00e9s dans les ferme-portes sont attrayants mais inadapt\u00e9s aux \u00e9coles en raison de leur usage imprudent. Ces syst\u00e8mes peuvent \u00eatre endommag\u00e9s, entra\u00eenant des co\u00fbts de r\u00e9paration et de maintenance \u00e9lev\u00e9s. Les syst\u00e8mes de blocage DICTATOR avec ventouses \u00e9lectromagn\u00e9tiques externes offrent une solution plus s\u00fbre et \u00e9conomique. Ils r\u00e9duisent les risques de s\u00e9curit\u00e9 et les co\u00fbts tout en permettant d\u2019utiliser la fonction de fermeture des ferme-portes existants.<\/p>\n\n\n\n<div class=\"wp-block-uagb-buttons uagb-buttons__outer-wrap uagb-btn__small-btn uagb-btn-tablet__default-btn uagb-btn-mobile__default-btn uagb-block-041cacdf\"><div class=\"uagb-buttons__wrap uagb-buttons-layout-wrap \">\n<div class=\"wp-block-uagb-buttons-child uagb-buttons__outer-wrap uagb-block-2690ebee wp-block-button\"><div class=\"uagb-button__wrapper\"><a class=\"uagb-buttons-repeater wp-block-button__link\" aria-label=\"\" href=\"https:\/\/fr.dictator.de\/referenzen\/ensembles-blocage-robustes-ecoles\/\" rel=\"follow noopener\" target=\"_blank\" role=\"button\"><div class=\"uagb-button__link\">Lire Plus<\/div><span class=\"uagb-button__icon uagb-button__icon-position-after\"><svg xmlns=\"https:\/\/www.w3.org\/2000\/svg\" viewBox=\"0 0 448 512\" aria-hidden=\"true\" focussable=\"false\"><path d=\"M256 64C256 46.33 270.3 32 288 32H415.1C415.1 32 415.1 32 415.1 32C420.3 32 424.5 32.86 428.2 34.43C431.1 35.98 435.5 38.27 438.6 41.3C438.6 41.35 438.6 41.4 438.7 41.44C444.9 47.66 447.1 55.78 448 63.9C448 63.94 448 63.97 448 64V192C448 209.7 433.7 224 416 224C398.3 224 384 209.7 384 192V141.3L214.6 310.6C202.1 323.1 181.9 323.1 169.4 310.6C156.9 298.1 156.9 277.9 169.4 265.4L338.7 96H288C270.3 96 256 81.67 256 64V64zM0 128C0 92.65 28.65 64 64 64H160C177.7 64 192 78.33 192 96C192 113.7 177.7 128 160 128H64V416H352V320C352 302.3 366.3 288 384 288C401.7 288 416 302.3 416 320V416C416 451.3 387.3 480 352 480H64C28.65 480 0 451.3 0 416V128z\"><\/path><\/svg><\/span><\/a><\/div><\/div>\n<\/div><\/div>\n<\/div>\n\n\n\n<div class=\"wp-block-uagb-container uagb-block-9d1ab301 default uagb-is-root-container\">\n<div class=\"wp-block-uagb-image aligncenter uagb-block-f501cb8c wp-block-uagb-image--layout-default wp-block-uagb-image--effect-static wp-block-uagb-image--align-center\"><figure class=\"wp-block-uagb-image__figure\"><a class=\"\" href=\"https:\/\/fr.dictator.de\/referenzen\/ensemble-de-blocage-antideflagrant-dans-magasin-produits-chimiques\/\" target=\"_blank\" rel=\"noreferrer noopener\"><img decoding=\"async\" srcset=\"https:\/\/dictator.ca\/wp-content\/uploads\/2024\/07\/ATEX-proof-hold-open-system.jpg ,https:\/\/dictator.ca\/wp-content\/uploads\/2024\/07\/ATEX-proof-hold-open-system.jpg 780w, https:\/\/dictator.ca\/wp-content\/uploads\/2024\/07\/ATEX-proof-hold-open-system.jpg 360w\" sizes=\"auto, (max-width: 480px) 150px\" src=\"https:\/\/dictator.ca\/wp-content\/uploads\/2024\/07\/ATEX-proof-hold-open-system.jpg\" alt=\"\" class=\"uag-image-2439\" width=\"300\" height=\"200\" title=\"ATEX-proof-hold-open-system\" loading=\"lazy\" role=\"img\"\/><\/a><\/figure><\/div>\n\n\n\n<div class=\"wp-block-uagb-advanced-heading uagb-block-28a7878a\"><h4 class=\"uagb-heading-text\">Syst\u00e8me de fermeture antid\u00e9flagrant dans un entrep\u00f4t de chimie d\u2019une universit\u00e9<br><\/h4><\/div>\n\n\n\n<p class=\"has-small-font-size\">Des syst\u00e8mes de blocage DICTATOR ont \u00e9t\u00e9 install\u00e9s sur les portes coupe-feu de l\u2019entrep\u00f4t chimique. Cela permet aux portes de rester ouvertes en fonctionnement normal. En cas d\u2019alarme, l\u2019alimentation \u00e9lectrique des \u00e9lectroaimants est interrompue. Les portes se ferment imm\u00e9diatement \u00e0 chaque fois que l\u2019alarme se d\u00e9clenche. La s\u00e9curit\u00e9 est cruciale en raison du risque d\u2019explosion dans l\u2019entrep\u00f4t. Tous les composants devaient donc \u00eatre antid\u00e9flagrants.<\/p>\n\n\n\n<div class=\"wp-block-uagb-buttons uagb-buttons__outer-wrap uagb-btn__small-btn uagb-btn-tablet__default-btn uagb-btn-mobile__default-btn uagb-block-98be895a\"><div class=\"uagb-buttons__wrap uagb-buttons-layout-wrap \">\n<div class=\"wp-block-uagb-buttons-child uagb-buttons__outer-wrap uagb-block-3469ec2e wp-block-button\"><div class=\"uagb-button__wrapper\"><a class=\"uagb-buttons-repeater wp-block-button__link\" aria-label=\"\" href=\"https:\/\/fr.dictator.de\/referenzen\/ensemble-de-blocage-antideflagrant-dans-magasin-produits-chimiques\/\" rel=\"follow noopener\" target=\"_blank\" role=\"button\"><div class=\"uagb-button__link\">Lire Plus<\/div><span class=\"uagb-button__icon uagb-button__icon-position-after\"><svg xmlns=\"https:\/\/www.w3.org\/2000\/svg\" viewBox=\"0 0 448 512\" aria-hidden=\"true\" focussable=\"false\"><path d=\"M256 64C256 46.33 270.3 32 288 32H415.1C415.1 32 415.1 32 415.1 32C420.3 32 424.5 32.86 428.2 34.43C431.1 35.98 435.5 38.27 438.6 41.3C438.6 41.35 438.6 41.4 438.7 41.44C444.9 47.66 447.1 55.78 448 63.9C448 63.94 448 63.97 448 64V192C448 209.7 433.7 224 416 224C398.3 224 384 209.7 384 192V141.3L214.6 310.6C202.1 323.1 181.9 323.1 169.4 310.6C156.9 298.1 156.9 277.9 169.4 265.4L338.7 96H288C270.3 96 256 81.67 256 64V64zM0 128C0 92.65 28.65 64 64 64H160C177.7 64 192 78.33 192 96C192 113.7 177.7 128 160 128H64V416H352V320C352 302.3 366.3 288 384 288C401.7 288 416 302.3 416 320V416C416 451.3 387.3 480 352 480H64C28.65 480 0 451.3 0 416V128z\"><\/path><\/svg><\/span><\/a><\/div><\/div>\n<\/div><\/div>\n<\/div>\n<\/div><\/div>\n<\/div><\/div>\n<\/div><\/div>\n","protected":false},"excerpt":{"rendered":"","protected":false},"author":2,"featured_media":0,"parent":2677,"menu_order":0,"comment_status":"closed","ping_status":"closed","template":"","meta":{"_acf_changed":false,"_uag_custom_page_level_css":"","_genesis_hide_title":true,"_genesis_hide_breadcrumbs":false,"_genesis_hide_singular_image":false,"_genesis_hide_footer_widgets":false,"_genesis_custom_body_class":"","_genesis_custom_post_class":"","_genesis_layout":"","footnotes":""},"class_list":{"0":"post-2748","1":"page","2":"type-page","3":"status-publish","5":"entry"},"acf":[],"featured_image_src":null,"featured_image_src_square":null,"uagb_featured_image_src":{"full":false,"thumbnail":false,"medium":false,"medium_large":false,"large":false,"1536x1536":false,"2048x2048":false,"sidebar-featured":false,"genesis-singular-images":false,"gb-block-post-grid-landscape":false,"gb-block-post-grid-square":false},"uagb_author_info":{"display_name":"Verena W.","author_link":"https:\/\/dictator.ca\/fr\/author\/v-weilermann\/"},"uagb_comment_info":0,"uagb_excerpt":null,"_links":{"self":[{"href":"https:\/\/dictator.ca\/fr\/wp-json\/wp\/v2\/pages\/2748","targetHints":{"allow":["GET"]}}],"collection":[{"href":"https:\/\/dictator.ca\/fr\/wp-json\/wp\/v2\/pages"}],"about":[{"href":"https:\/\/dictator.ca\/fr\/wp-json\/wp\/v2\/types\/page"}],"author":[{"embeddable":true,"href":"https:\/\/dictator.ca\/fr\/wp-json\/wp\/v2\/users\/2"}],"replies":[{"embeddable":true,"href":"https:\/\/dictator.ca\/fr\/wp-json\/wp\/v2\/comments?post=2748"}],"version-history":[{"count":9,"href":"https:\/\/dictator.ca\/fr\/wp-json\/wp\/v2\/pages\/2748\/revisions"}],"predecessor-version":[{"id":4136,"href":"https:\/\/dictator.ca\/fr\/wp-json\/wp\/v2\/pages\/2748\/revisions\/4136"}],"up":[{"embeddable":true,"href":"https:\/\/dictator.ca\/fr\/wp-json\/wp\/v2\/pages\/2677"}],"wp:attachment":[{"href":"https:\/\/dictator.ca\/fr\/wp-json\/wp\/v2\/media?parent=2748"}],"curies":[{"name":"wp","href":"https:\/\/api.w.org\/{rel}","templated":true}]}}