{"id":2740,"date":"2024-01-22T15:37:23","date_gmt":"2024-01-22T14:37:23","guid":{"rendered":"https:\/\/dictator.ca\/?page_id=2740"},"modified":"2025-05-21T15:57:56","modified_gmt":"2025-05-21T13:57:56","slug":"applications-systemes-sas","status":"publish","type":"page","link":"https:\/\/dictator.ca\/fr\/applications\/applications-systemes-sas\/","title":{"rendered":"Applications &#8211; Syst\u00e8mes sas"},"content":{"rendered":"\n<div class=\"wp-block-genesis-blocks-gb-columns gb-layout-columns-1 one-column\"><div class=\"gb-layout-column-wrap gb-block-layout-column-gap-2 gb-is-responsive-column\">\n<div class=\"wp-block-genesis-blocks-gb-column gb-block-layout-column\"><div class=\"gb-block-layout-column-inner\">\n\n\n<h1 class=\"wp-block-heading\" style=\"padding-top:var(--wp--preset--spacing--40);font-size:40px;text-transform:uppercase\">Applications \u2013 Syst\u00e8mes sas<\/h1>\n\n\n\n<p>Dans les endroits o\u00f9 des conditions environnementales contr\u00f4l\u00e9es ou des salles blanches sont requises, comme dans certains laboratoires de recherche ou dans les industries alimentaire, pharmaceutique ou biotechnologique, il est n\u00e9cessaire de disposer d\u2019un syst\u00e8me sas. Avec lui, l\u2019acc\u00e8s \u00e0 certaines pi\u00e8ces peut \u00eatre r\u00e9gul\u00e9 par rapport aux autres portes. Les applications avec syst\u00e8mes sas DICTATOR ne n\u00e9cessitent aucune connaissance en programmation, offrent une tr\u00e8s large gamme d\u2019options et sont faciles \u00e0 installer \u2013 m\u00eame lors de la r\u00e9novation d\u2019une salle blanche existante.<\/p>\n\n\n\n<div class=\"wp-block-uagb-container uagb-layout-grid uagb-block-c42f61f0 alignfull uagb-is-root-container\"><div class=\"uagb-container-inner-blocks-wrap\">\n<div class=\"wp-block-uagb-container uagb-block-c87aed52 default uagb-is-root-container\">\n<div class=\"wp-block-uagb-image aligncenter uagb-block-d0f654fa wp-block-uagb-image--layout-default wp-block-uagb-image--effect-static wp-block-uagb-image--align-center\"><figure class=\"wp-block-uagb-image__figure\"><a class=\"\" href=\"https:\/\/fr.dictator.de\/referenzen\/installation-ulterieure-sas-pas-de-probleme\/\" target=\"_blank\" rel=\"noreferrer noopener\"><img decoding=\"async\" srcset=\"https:\/\/dictator.ca\/wp-content\/uploads\/2024\/07\/Interlock-control-system-easy-retrofit.jpg ,https:\/\/dictator.ca\/wp-content\/uploads\/2024\/07\/Interlock-control-system-easy-retrofit.jpg 780w, https:\/\/dictator.ca\/wp-content\/uploads\/2024\/07\/Interlock-control-system-easy-retrofit.jpg 360w\" sizes=\"auto, (max-width: 480px) 150px\" src=\"https:\/\/dictator.ca\/wp-content\/uploads\/2024\/07\/Interlock-control-system-easy-retrofit.jpg\" alt=\"\" class=\"uag-image-2362\" width=\"300\" height=\"200\" title=\"Interlock-control-system-easy-retrofit\" loading=\"lazy\" role=\"img\"\/><\/a><\/figure><\/div>\n\n\n\n<div class=\"wp-block-uagb-advanced-heading uagb-block-0378ed1a\"><h4 class=\"uagb-heading-text\">R\u00e9trofit facile d\u2019une salle blanche avec le syst\u00e8me sas DICTATOR<\/h4><\/div>\n\n\n\n<p class=\"has-small-font-size\">Cette entreprise pharmaceutique de taille moyenne devait r\u00e9am\u00e9nager une salle blanche dans ses installations pour r\u00e9pondre \u00e0 de nouveaux besoins.<br>Elle a trouv\u00e9 en DICTATOR le partenaire id\u00e9al pour cette t\u00e2che. Gr\u00e2ce au syst\u00e8me sas modulaire de DICTATOR, l\u2019installation a pu \u00eatre adapt\u00e9e rapidement et facilement aux exigences du client. Cela a \u00e9t\u00e9 r\u00e9alis\u00e9 sans avoir recours \u00e0 une programmation compliqu\u00e9e, offrant ainsi une solution pratique et efficace pour le r\u00e9am\u00e9nagement.<\/p>\n\n\n\n<div class=\"wp-block-uagb-buttons uagb-buttons__outer-wrap uagb-btn__small-btn uagb-btn-tablet__default-btn uagb-btn-mobile__default-btn uagb-block-e571c092\"><div class=\"uagb-buttons__wrap uagb-buttons-layout-wrap \">\n<div class=\"wp-block-uagb-buttons-child uagb-buttons__outer-wrap uagb-block-75972275 wp-block-button\"><div class=\"uagb-button__wrapper\"><a class=\"uagb-buttons-repeater wp-block-button__link\" aria-label=\"\" href=\"https:\/\/fr.dictator.de\/referenzen\/installation-ulterieure-sas-pas-de-probleme\/\" rel=\"follow noopener\" target=\"_blank\" role=\"button\"><div class=\"uagb-button__link\">Lire Plus<\/div><span class=\"uagb-button__icon uagb-button__icon-position-after\"><svg xmlns=\"https:\/\/www.w3.org\/2000\/svg\" viewBox=\"0 0 448 512\" aria-hidden=\"true\" focussable=\"false\"><path d=\"M256 64C256 46.33 270.3 32 288 32H415.1C415.1 32 415.1 32 415.1 32C420.3 32 424.5 32.86 428.2 34.43C431.1 35.98 435.5 38.27 438.6 41.3C438.6 41.35 438.6 41.4 438.7 41.44C444.9 47.66 447.1 55.78 448 63.9C448 63.94 448 63.97 448 64V192C448 209.7 433.7 224 416 224C398.3 224 384 209.7 384 192V141.3L214.6 310.6C202.1 323.1 181.9 323.1 169.4 310.6C156.9 298.1 156.9 277.9 169.4 265.4L338.7 96H288C270.3 96 256 81.67 256 64V64zM0 128C0 92.65 28.65 64 64 64H160C177.7 64 192 78.33 192 96C192 113.7 177.7 128 160 128H64V416H352V320C352 302.3 366.3 288 384 288C401.7 288 416 302.3 416 320V416C416 451.3 387.3 480 352 480H64C28.65 480 0 451.3 0 416V128z\"><\/path><\/svg><\/span><\/a><\/div><\/div>\n<\/div><\/div>\n<\/div>\n\n\n\n<div class=\"wp-block-uagb-container uagb-block-50f933fe default uagb-is-root-container\">\n<div class=\"wp-block-uagb-image aligncenter uagb-block-0fb8ffbb wp-block-uagb-image--layout-default wp-block-uagb-image--effect-static wp-block-uagb-image--align-center\"><figure class=\"wp-block-uagb-image__figure\"><a class=\"\" href=\"https:\/\/fr.dictator.de\/referenzen\/directives-relatives-hygiene-en-hopitaux-rattrapage-systeme-sas\/\" target=\"_blank\" rel=\"noreferrer noopener\"><img decoding=\"async\" srcset=\"https:\/\/dictator.ca\/wp-content\/uploads\/2024\/07\/Interlock-control-system-clean-room-hospital.jpg ,https:\/\/dictator.ca\/wp-content\/uploads\/2024\/07\/Interlock-control-system-clean-room-hospital.jpg 780w, https:\/\/dictator.ca\/wp-content\/uploads\/2024\/07\/Interlock-control-system-clean-room-hospital.jpg 360w\" sizes=\"auto, (max-width: 480px) 150px\" src=\"https:\/\/dictator.ca\/wp-content\/uploads\/2024\/07\/Interlock-control-system-clean-room-hospital.jpg\" alt=\"\" class=\"uag-image-2365\" width=\"300\" height=\"200\" title=\"Interlock-control-system-clean-room-hospital\" loading=\"lazy\" role=\"img\"\/><\/a><\/figure><\/div>\n\n\n\n<div class=\"wp-block-uagb-advanced-heading uagb-block-45a34a73\"><h4 class=\"uagb-heading-text\">L\u2019h\u00f4pital est conforme aux normes gr\u00e2ce \u00e0 l\u2019installation du syst\u00e8me sas DICTATOR<\/h4><\/div>\n\n\n\n<p class=\"has-small-font-size\">\u00c0 l\u2019h\u00f4pital MCL de Harlingen, l\u2019unit\u00e9 de chirurgie compl\u00e8te du deuxi\u00e8me \u00e9tage a \u00e9t\u00e9 \u00e9quip\u00e9e r\u00e9troactivement de syst\u00e8mes sas. Ainsi, certaines portes ne peuvent \u00eatre ouvertes que dans un certain ordre, lorsque d\u2019autres portes sont ferm\u00e9es. Cela permet d\u2019\u00e9viter la propagation des germes. La planification, l\u2019installation et la mise en service ont \u00e9t\u00e9 r\u00e9alis\u00e9es en \u00e9troite collaboration avec DICTATOR.<\/p>\n\n\n\n<div class=\"wp-block-uagb-buttons uagb-buttons__outer-wrap uagb-btn__small-btn uagb-btn-tablet__default-btn uagb-btn-mobile__default-btn uagb-block-a3936cfe\"><div class=\"uagb-buttons__wrap uagb-buttons-layout-wrap \">\n<div class=\"wp-block-uagb-buttons-child uagb-buttons__outer-wrap uagb-block-2896d578 wp-block-button\"><div class=\"uagb-button__wrapper\"><a class=\"uagb-buttons-repeater wp-block-button__link\" aria-label=\"\" href=\"https:\/\/fr.dictator.de\/referenzen\/directives-relatives-hygiene-en-hopitaux-rattrapage-systeme-sas\/\" rel=\"follow noopener\" target=\"_blank\" role=\"button\"><div class=\"uagb-button__link\">Lire Plus<\/div><span class=\"uagb-button__icon uagb-button__icon-position-after\"><svg xmlns=\"https:\/\/www.w3.org\/2000\/svg\" viewBox=\"0 0 448 512\" aria-hidden=\"true\" focussable=\"false\"><path d=\"M256 64C256 46.33 270.3 32 288 32H415.1C415.1 32 415.1 32 415.1 32C420.3 32 424.5 32.86 428.2 34.43C431.1 35.98 435.5 38.27 438.6 41.3C438.6 41.35 438.6 41.4 438.7 41.44C444.9 47.66 447.1 55.78 448 63.9C448 63.94 448 63.97 448 64V192C448 209.7 433.7 224 416 224C398.3 224 384 209.7 384 192V141.3L214.6 310.6C202.1 323.1 181.9 323.1 169.4 310.6C156.9 298.1 156.9 277.9 169.4 265.4L338.7 96H288C270.3 96 256 81.67 256 64V64zM0 128C0 92.65 28.65 64 64 64H160C177.7 64 192 78.33 192 96C192 113.7 177.7 128 160 128H64V416H352V320C352 302.3 366.3 288 384 288C401.7 288 416 302.3 416 320V416C416 451.3 387.3 480 352 480H64C28.65 480 0 451.3 0 416V128z\"><\/path><\/svg><\/span><\/a><\/div><\/div>\n<\/div><\/div>\n<\/div>\n\n\n\n<div class=\"wp-block-uagb-container uagb-block-7f3d9daf default uagb-is-root-container\">\n<div class=\"wp-block-uagb-image aligncenter uagb-block-4a558dc2 wp-block-uagb-image--layout-default wp-block-uagb-image--effect-static wp-block-uagb-image--align-center\"><figure class=\"wp-block-uagb-image__figure\"><a class=\"\" href=\"https:\/\/fr.dictator.de\/referenzen\/les-portes-dun-sas-avec-ferme-portes-doivent-rester-ouvertes-quand-on-passe-par-elles-avec-du-materiel\/\" target=\"_blank\" rel=\"noreferrer noopener\"><img decoding=\"async\" srcset=\"https:\/\/dictator.ca\/wp-content\/uploads\/2024\/07\/Interlock-control-system-clean-room-pharmaceutical.jpg ,https:\/\/dictator.ca\/wp-content\/uploads\/2024\/07\/Interlock-control-system-clean-room-pharmaceutical.jpg 780w, https:\/\/dictator.ca\/wp-content\/uploads\/2024\/07\/Interlock-control-system-clean-room-pharmaceutical.jpg 360w\" sizes=\"auto, (max-width: 480px) 150px\" src=\"https:\/\/dictator.ca\/wp-content\/uploads\/2024\/07\/Interlock-control-system-clean-room-pharmaceutical.jpg\" alt=\"\" class=\"uag-image-2367\" width=\"300\" height=\"200\" title=\"Interlock-control-system-clean-room-pharmaceutical\" loading=\"lazy\" role=\"img\"\/><\/a><\/figure><\/div>\n\n\n\n<div class=\"wp-block-uagb-advanced-heading uagb-block-e80ad500\"><h4 class=\"uagb-heading-text\">Solution sas sur mesure pour les personnes et les biens<\/h4><\/div>\n\n\n\n<p class=\"has-small-font-size\">Les syst\u00e8mes sas DICTATOR offrent bien plus qu\u2019une programmation conviviale via des commutateurs DIP \u2013 ils offrent \u00e9galement une grande flexibilit\u00e9 dans leur configuration et leur fonctionnalit\u00e9. Le sas de cette entreprise pharmaceutique a \u00e9t\u00e9 configur\u00e9 de mani\u00e8re \u00e0 ce que les portes restent grandes ouvertes pour le transport de marchandises, de sorte qu\u2019elles puissent \u00e9galement \u00eatre franchies par un chariot \u00e9l\u00e9vateur.<\/p>\n\n\n\n<div class=\"wp-block-uagb-buttons uagb-buttons__outer-wrap uagb-btn__small-btn uagb-btn-tablet__default-btn uagb-btn-mobile__default-btn uagb-block-c0235516\"><div class=\"uagb-buttons__wrap uagb-buttons-layout-wrap \">\n<div class=\"wp-block-uagb-buttons-child uagb-buttons__outer-wrap uagb-block-1177ab5c wp-block-button\"><div class=\"uagb-button__wrapper\"><a class=\"uagb-buttons-repeater wp-block-button__link\" aria-label=\"\" href=\"https:\/\/fr.dictator.de\/referenzen\/les-portes-dun-sas-avec-ferme-portes-doivent-rester-ouvertes-quand-on-passe-par-elles-avec-du-materiel\/\" rel=\"follow noopener\" target=\"_blank\" role=\"button\"><div class=\"uagb-button__link\">lire Plus<\/div><span class=\"uagb-button__icon uagb-button__icon-position-after\"><svg xmlns=\"https:\/\/www.w3.org\/2000\/svg\" viewBox=\"0 0 448 512\" aria-hidden=\"true\" focussable=\"false\"><path d=\"M256 64C256 46.33 270.3 32 288 32H415.1C415.1 32 415.1 32 415.1 32C420.3 32 424.5 32.86 428.2 34.43C431.1 35.98 435.5 38.27 438.6 41.3C438.6 41.35 438.6 41.4 438.7 41.44C444.9 47.66 447.1 55.78 448 63.9C448 63.94 448 63.97 448 64V192C448 209.7 433.7 224 416 224C398.3 224 384 209.7 384 192V141.3L214.6 310.6C202.1 323.1 181.9 323.1 169.4 310.6C156.9 298.1 156.9 277.9 169.4 265.4L338.7 96H288C270.3 96 256 81.67 256 64V64zM0 128C0 92.65 28.65 64 64 64H160C177.7 64 192 78.33 192 96C192 113.7 177.7 128 160 128H64V416H352V320C352 302.3 366.3 288 384 288C401.7 288 416 302.3 416 320V416C416 451.3 387.3 480 352 480H64C28.65 480 0 451.3 0 416V128z\"><\/path><\/svg><\/span><\/a><\/div><\/div>\n<\/div><\/div>\n<\/div>\n<\/div><\/div>\n<\/div><\/div>\n<\/div><\/div>\n","protected":false},"excerpt":{"rendered":"","protected":false},"author":2,"featured_media":0,"parent":2677,"menu_order":0,"comment_status":"closed","ping_status":"closed","template":"","meta":{"_acf_changed":false,"_uag_custom_page_level_css":"","_genesis_hide_title":true,"_genesis_hide_breadcrumbs":false,"_genesis_hide_singular_image":false,"_genesis_hide_footer_widgets":false,"_genesis_custom_body_class":"","_genesis_custom_post_class":"","_genesis_layout":"","footnotes":""},"class_list":{"0":"post-2740","1":"page","2":"type-page","3":"status-publish","5":"entry"},"acf":[],"featured_image_src":null,"featured_image_src_square":null,"uagb_featured_image_src":{"full":false,"thumbnail":false,"medium":false,"medium_large":false,"large":false,"1536x1536":false,"2048x2048":false,"sidebar-featured":false,"genesis-singular-images":false,"gb-block-post-grid-landscape":false,"gb-block-post-grid-square":false},"uagb_author_info":{"display_name":"Verena W.","author_link":"https:\/\/dictator.ca\/fr\/author\/v-weilermann\/"},"uagb_comment_info":0,"uagb_excerpt":null,"_links":{"self":[{"href":"https:\/\/dictator.ca\/fr\/wp-json\/wp\/v2\/pages\/2740","targetHints":{"allow":["GET"]}}],"collection":[{"href":"https:\/\/dictator.ca\/fr\/wp-json\/wp\/v2\/pages"}],"about":[{"href":"https:\/\/dictator.ca\/fr\/wp-json\/wp\/v2\/types\/page"}],"author":[{"embeddable":true,"href":"https:\/\/dictator.ca\/fr\/wp-json\/wp\/v2\/users\/2"}],"replies":[{"embeddable":true,"href":"https:\/\/dictator.ca\/fr\/wp-json\/wp\/v2\/comments?post=2740"}],"version-history":[{"count":8,"href":"https:\/\/dictator.ca\/fr\/wp-json\/wp\/v2\/pages\/2740\/revisions"}],"predecessor-version":[{"id":4130,"href":"https:\/\/dictator.ca\/fr\/wp-json\/wp\/v2\/pages\/2740\/revisions\/4130"}],"up":[{"embeddable":true,"href":"https:\/\/dictator.ca\/fr\/wp-json\/wp\/v2\/pages\/2677"}],"wp:attachment":[{"href":"https:\/\/dictator.ca\/fr\/wp-json\/wp\/v2\/media?parent=2740"}],"curies":[{"name":"wp","href":"https:\/\/api.w.org\/{rel}","templated":true}]}}