{"id":2692,"date":"2024-01-22T14:46:32","date_gmt":"2024-01-22T13:46:32","guid":{"rendered":"https:\/\/dictator.ca\/?page_id=2692"},"modified":"2025-05-21T15:58:56","modified_gmt":"2025-05-21T13:58:56","slug":"applications-portes-portails","status":"publish","type":"page","link":"https:\/\/dictator.ca\/fr\/applications\/applications-portes-portails\/","title":{"rendered":"Applications &#8211; Motorisations pour portes et portails"},"content":{"rendered":"\n<div class=\"wp-block-genesis-blocks-gb-columns gb-layout-columns-1 one-column\"><div class=\"gb-layout-column-wrap gb-block-layout-column-gap-2 gb-is-responsive-column\">\n<div class=\"wp-block-genesis-blocks-gb-column gb-block-layout-column\"><div class=\"gb-block-layout-column-inner\">\n\n\n<h1 class=\"wp-block-heading\" style=\"padding-top:var(--wp--preset--spacing--40);font-size:40px;text-transform:uppercase\">Applications \u2013 Motorisations pour portes et portails<\/h1>\n\n\n\n<p>Nos syst\u00e8mes modulaires de motorisation de portes et de portails nous permettent de fournir des solutions pour de nombreuses applications avec&nbsp;<a href=\"https:\/\/dictator.ca\/fr\/produits\/motorisations-portes-portails\/\">motorisations de portes<\/a>&nbsp;pour une tr\u00e8s grande vari\u00e9t\u00e9 d\u2019\u00e9l\u00e9ments battants et coulissants. En outre, nous ne sommes pas limit\u00e9s \u00e0 certains types de portes et de portails ou \u00e0 des tailles et des poids sp\u00e9cifiques. Nous d\u00e9veloppons une solution compl\u00e8te pour chaque application. Et nous tenons toujours compte de toutes les normes pertinentes, ainsi que des exigences individuelles de nos clients.<\/p>\n\n\n\n<div class=\"wp-block-uagb-container uagb-layout-grid uagb-block-c42f61f0 alignfull uagb-is-root-container\"><div class=\"uagb-container-inner-blocks-wrap\">\n<div class=\"wp-block-uagb-container uagb-block-2151ad33 default uagb-is-root-container\">\n<div class=\"wp-block-uagb-image aligncenter uagb-block-c4f29346 wp-block-uagb-image--layout-default wp-block-uagb-image--effect-static wp-block-uagb-image--align-center\"><figure class=\"wp-block-uagb-image__figure\"><a class=\"\" href=\"https:\/\/fr.dictator.de\/referenzen\/porte-de-atelier-automatisee-chez-concessionnaire\/\" target=\"_blank\" rel=\"noreferrer noopener\"><img decoding=\"async\" srcset=\"https:\/\/dictator.ca\/wp-content\/uploads\/2024\/08\/Applications-door-operators.jpg ,https:\/\/dictator.ca\/wp-content\/uploads\/2024\/08\/Applications-door-operators.jpg 780w, https:\/\/dictator.ca\/wp-content\/uploads\/2024\/08\/Applications-door-operators.jpg 360w\" sizes=\"auto, (max-width: 480px) 150px\" src=\"https:\/\/dictator.ca\/wp-content\/uploads\/2024\/08\/Applications-door-operators.jpg\" alt=\"\" class=\"uag-image-3124\" width=\"300\" height=\"200\" title=\"Applications door operators\" loading=\"lazy\" role=\"img\"\/><\/a><\/figure><\/div>\n\n\n\n<div class=\"wp-block-uagb-advanced-heading uagb-block-e1e05fc6\"><h4 class=\"uagb-heading-text\">Motorisation d\u2019un grand portail d\u2019entr\u00e9e dans une concession automobile gr\u00e2ce \u00e0 DICTATOR MultiMove<\/h4><\/div>\n\n\n\n<p class=\"has-small-font-size\">Manipuler manuellement la porte de ce concessionnaire automobile jusqu\u2019\u00e0 200 fois par jour demandait trop d\u2019efforts. C\u2019est pourquoi ils avaient besoin d\u2019une solution pour l\u2019automatisation du portail. Le syst\u00e8me modulaire pour portails coulissants DICTAMAT MultiMove a permis de r\u00e9pondre \u00e0 toutes les exigences. Il comprenait, entre autres, un rail de guidage au sol suppl\u00e9mentaire et un joint \u00e0 brosse en bas, ce qui impliquait \u00e9galement un besoin de force plus \u00e9lev\u00e9 pour d\u00e9placer le portail. En outre, il devait rester possible de man\u0153uvrer le portail manuellement en cas de panne de courant.<\/p>\n\n\n\n<div class=\"wp-block-uagb-buttons uagb-buttons__outer-wrap uagb-btn__small-btn uagb-btn-tablet__default-btn uagb-btn-mobile__default-btn uagb-block-041cacdf\"><div class=\"uagb-buttons__wrap uagb-buttons-layout-wrap \">\n<div class=\"wp-block-uagb-buttons-child uagb-buttons__outer-wrap uagb-block-2690ebee wp-block-button\"><div class=\"uagb-button__wrapper\"><a class=\"uagb-buttons-repeater wp-block-button__link\" aria-label=\"\" href=\"https:\/\/fr.dictator.de\/referenzen\/porte-de-atelier-automatisee-chez-concessionnaire\/\" rel=\"follow noopener\" target=\"_blank\" role=\"button\"><div class=\"uagb-button__link\">Lire Plus<\/div><span class=\"uagb-button__icon uagb-button__icon-position-after\"><svg xmlns=\"https:\/\/www.w3.org\/2000\/svg\" viewBox=\"0 0 448 512\" aria-hidden=\"true\" focussable=\"false\"><path d=\"M256 64C256 46.33 270.3 32 288 32H415.1C415.1 32 415.1 32 415.1 32C420.3 32 424.5 32.86 428.2 34.43C431.1 35.98 435.5 38.27 438.6 41.3C438.6 41.35 438.6 41.4 438.7 41.44C444.9 47.66 447.1 55.78 448 63.9C448 63.94 448 63.97 448 64V192C448 209.7 433.7 224 416 224C398.3 224 384 209.7 384 192V141.3L214.6 310.6C202.1 323.1 181.9 323.1 169.4 310.6C156.9 298.1 156.9 277.9 169.4 265.4L338.7 96H288C270.3 96 256 81.67 256 64V64zM0 128C0 92.65 28.65 64 64 64H160C177.7 64 192 78.33 192 96C192 113.7 177.7 128 160 128H64V416H352V320C352 302.3 366.3 288 384 288C401.7 288 416 302.3 416 320V416C416 451.3 387.3 480 352 480H64C28.65 480 0 451.3 0 416V128z\"><\/path><\/svg><\/span><\/a><\/div><\/div>\n<\/div><\/div>\n<\/div>\n\n\n\n<div class=\"wp-block-uagb-container uagb-block-c87aed52 default uagb-is-root-container\">\n<div class=\"wp-block-uagb-image aligncenter uagb-block-d0f654fa wp-block-uagb-image--layout-default wp-block-uagb-image--effect-static wp-block-uagb-image--align-center\"><figure class=\"wp-block-uagb-image__figure\"><a class=\"\" href=\"https:\/\/fr.dictator.de\/referenzen\/motorisation-portes-battantes-resiste-vent\/\" target=\"_blank\" rel=\"noreferrer noopener\"><img decoding=\"async\" srcset=\"https:\/\/dictator.ca\/wp-content\/uploads\/2024\/07\/Hinged-door-operator-large-1.jpg ,https:\/\/dictator.ca\/wp-content\/uploads\/2024\/07\/Hinged-door-operator-large-1.jpg 780w, https:\/\/dictator.ca\/wp-content\/uploads\/2024\/07\/Hinged-door-operator-large-1.jpg 360w\" sizes=\"auto, (max-width: 480px) 150px\" src=\"https:\/\/dictator.ca\/wp-content\/uploads\/2024\/07\/Hinged-door-operator-large-1.jpg\" alt=\"\" class=\"uag-image-2418\" width=\"300\" height=\"200\" title=\"Hinged-door-operator-large-1\" loading=\"lazy\" role=\"img\"\/><\/a><\/figure><\/div>\n\n\n\n<div class=\"wp-block-uagb-advanced-heading uagb-block-0378ed1a\"><h4 class=\"uagb-heading-text\">Motorisation pour portes battantes DICTAMAT 310-21 annule l\u2019effet du vent<\/h4><\/div>\n\n\n\n<p class=\"has-small-font-size\">Les grandes portes de la Regiocentrale Maasbracht repr\u00e9sentaient autrefois un danger important en cas de vent fort. La force du vent emp\u00eachait souvent l\u2019ouverture ou la fermeture des portes. Il \u00e9tait donc urgent de trouver une solution pour automatiser les portes afin qu\u2019elles puissent fonctionner sans probl\u00e8me, m\u00eame sous un vent de 9 Beaufort. D\u00e9sormais, la motorisation de porte battante DICTAMAT 310-21 XXL assure l\u2019ouverture et la fermeture des portes d\u2019entr\u00e9e de mani\u00e8re s\u00fbre et fiable, ind\u00e9pendamment du vent et des conditions m\u00e9t\u00e9orologiques.<\/p>\n\n\n\n<div class=\"wp-block-uagb-buttons uagb-buttons__outer-wrap uagb-btn__small-btn uagb-btn-tablet__default-btn uagb-btn-mobile__default-btn uagb-block-e571c092\"><div class=\"uagb-buttons__wrap uagb-buttons-layout-wrap \">\n<div class=\"wp-block-uagb-buttons-child uagb-buttons__outer-wrap uagb-block-75972275 wp-block-button\"><div class=\"uagb-button__wrapper\"><a class=\"uagb-buttons-repeater wp-block-button__link\" aria-label=\"\" href=\"https:\/\/fr.dictator.de\/referenzen\/motorisation-portes-battantes-resiste-vent\/\" rel=\"follow noopener\" target=\"_blank\" role=\"button\"><div class=\"uagb-button__link\">Lire Plus<\/div><span class=\"uagb-button__icon uagb-button__icon-position-after\"><svg xmlns=\"https:\/\/www.w3.org\/2000\/svg\" viewBox=\"0 0 448 512\" aria-hidden=\"true\" focussable=\"false\"><path d=\"M256 64C256 46.33 270.3 32 288 32H415.1C415.1 32 415.1 32 415.1 32C420.3 32 424.5 32.86 428.2 34.43C431.1 35.98 435.5 38.27 438.6 41.3C438.6 41.35 438.6 41.4 438.7 41.44C444.9 47.66 447.1 55.78 448 63.9C448 63.94 448 63.97 448 64V192C448 209.7 433.7 224 416 224C398.3 224 384 209.7 384 192V141.3L214.6 310.6C202.1 323.1 181.9 323.1 169.4 310.6C156.9 298.1 156.9 277.9 169.4 265.4L338.7 96H288C270.3 96 256 81.67 256 64V64zM0 128C0 92.65 28.65 64 64 64H160C177.7 64 192 78.33 192 96C192 113.7 177.7 128 160 128H64V416H352V320C352 302.3 366.3 288 384 288C401.7 288 416 302.3 416 320V416C416 451.3 387.3 480 352 480H64C28.65 480 0 451.3 0 416V128z\"><\/path><\/svg><\/span><\/a><\/div><\/div>\n<\/div><\/div>\n<\/div>\n\n\n\n<div class=\"wp-block-uagb-container uagb-block-b67ba722 default uagb-is-root-container\">\n<div class=\"wp-block-uagb-image aligncenter uagb-block-4e110328 wp-block-uagb-image--layout-default wp-block-uagb-image--effect-static wp-block-uagb-image--align-center\"><figure class=\"wp-block-uagb-image__figure\"><a class=\"\" href=\"https:\/\/fr.dictator.de\/referenzen\/solution-sur-mesure-lautomatisation-elements-pivotants-coulissants-auditorium\/\" target=\"_blank\" rel=\"noreferrer noopener\"><img decoding=\"async\" srcset=\"https:\/\/dictator.ca\/wp-content\/uploads\/2024\/07\/Automation-sliding-elements-auditorium.jpg ,https:\/\/dictator.ca\/wp-content\/uploads\/2024\/07\/Automation-sliding-elements-auditorium.jpg 780w, https:\/\/dictator.ca\/wp-content\/uploads\/2024\/07\/Automation-sliding-elements-auditorium.jpg 360w\" sizes=\"auto, (max-width: 480px) 150px\" src=\"https:\/\/dictator.ca\/wp-content\/uploads\/2024\/07\/Automation-sliding-elements-auditorium.jpg\" alt=\"\" class=\"uag-image-2402\" width=\"300\" height=\"200\" title=\"Automation-sliding-elements-auditorium\" loading=\"lazy\" role=\"img\"\/><\/a><\/figure><\/div>\n\n\n\n<div class=\"wp-block-uagb-advanced-heading uagb-block-1eab70c5\"><h4 class=\"uagb-heading-text\">Solution sur mesure pour l\u2019automatisation d\u2019\u00e9l\u00e9ments pivotants pour assombrir un auditorium<\/h4><\/div>\n\n\n\n<p class=\"has-small-font-size\">Dans cet auditorium, les fa\u00e7ades des fen\u00eatres devaient \u00eatre recouvertes par une combinaison d\u2019\u00e9l\u00e9ments pivotants et coulissants n\u00e9cessaires \u00e0 l\u2019obscurcissement. Les \u00e9l\u00e9ments pivotants sont tous d\u00e9plac\u00e9s par simple pression sur un bouton, \u00e0 l\u2019aide d\u2019une motorisation et d\u2019un m\u00e9canisme de transmission sp\u00e9cialement con\u00e7us \u00e0 cet effet. Ce dernier se trouve au-dessus des panneaux et n\u2019est normalement pas visible, car toute la zone est ferm\u00e9e par un \u00e9cran.<\/p>\n\n\n\n<div class=\"wp-block-uagb-buttons uagb-buttons__outer-wrap uagb-btn__small-btn uagb-btn-tablet__default-btn uagb-btn-mobile__default-btn uagb-block-63aa2630\"><div class=\"uagb-buttons__wrap uagb-buttons-layout-wrap \">\n<div class=\"wp-block-uagb-buttons-child uagb-buttons__outer-wrap uagb-block-0bbfb387 wp-block-button\"><div class=\"uagb-button__wrapper\"><a class=\"uagb-buttons-repeater wp-block-button__link\" aria-label=\"\" href=\"https:\/\/fr.dictator.de\/referenzen\/solution-sur-mesure-lautomatisation-elements-pivotants-coulissants-auditorium\/\" rel=\"follow noopener\" target=\"_blank\" role=\"button\"><div class=\"uagb-button__link\">Lire Plus<\/div><span class=\"uagb-button__icon uagb-button__icon-position-after\"><svg xmlns=\"https:\/\/www.w3.org\/2000\/svg\" viewBox=\"0 0 448 512\" aria-hidden=\"true\" focussable=\"false\"><path d=\"M256 64C256 46.33 270.3 32 288 32H415.1C415.1 32 415.1 32 415.1 32C420.3 32 424.5 32.86 428.2 34.43C431.1 35.98 435.5 38.27 438.6 41.3C438.6 41.35 438.6 41.4 438.7 41.44C444.9 47.66 447.1 55.78 448 63.9C448 63.94 448 63.97 448 64V192C448 209.7 433.7 224 416 224C398.3 224 384 209.7 384 192V141.3L214.6 310.6C202.1 323.1 181.9 323.1 169.4 310.6C156.9 298.1 156.9 277.9 169.4 265.4L338.7 96H288C270.3 96 256 81.67 256 64V64zM0 128C0 92.65 28.65 64 64 64H160C177.7 64 192 78.33 192 96C192 113.7 177.7 128 160 128H64V416H352V320C352 302.3 366.3 288 384 288C401.7 288 416 302.3 416 320V416C416 451.3 387.3 480 352 480H64C28.65 480 0 451.3 0 416V128z\"><\/path><\/svg><\/span><\/a><\/div><\/div>\n<\/div><\/div>\n<\/div>\n\n\n\n<div class=\"wp-block-uagb-container uagb-block-c79a02ae default uagb-is-root-container\">\n<div class=\"wp-block-uagb-image aligncenter uagb-block-390518df wp-block-uagb-image--layout-default wp-block-uagb-image--effect-static wp-block-uagb-image--align-center\"><figure class=\"wp-block-uagb-image__figure\"><a class=\"\" href=\"https:\/\/fr.dictator.de\/referenzen\/elements-coulissants-motorises-pour-protection-contre-le-soleil-au-travail\/\" target=\"_blank\" rel=\"noreferrer noopener\"><img decoding=\"async\" srcset=\"https:\/\/dictator.ca\/wp-content\/uploads\/2024\/07\/Door-operator-sun-shading-elements.jpg ,https:\/\/dictator.ca\/wp-content\/uploads\/2024\/07\/Door-operator-sun-shading-elements.jpg 780w, https:\/\/dictator.ca\/wp-content\/uploads\/2024\/07\/Door-operator-sun-shading-elements.jpg 360w\" sizes=\"auto, (max-width: 480px) 150px\" src=\"https:\/\/dictator.ca\/wp-content\/uploads\/2024\/07\/Door-operator-sun-shading-elements.jpg\" alt=\"\" class=\"uag-image-2405\" width=\"300\" height=\"200\" title=\"Door-operator-sun-shading-elements\" loading=\"lazy\" role=\"img\"\/><\/a><\/figure><\/div>\n\n\n\n<div class=\"wp-block-uagb-advanced-heading uagb-block-5d9786ae\"><h4 class=\"uagb-heading-text\">Motorisations de portes pour l\u2019automatisation de protections solaires coulissantes<\/h4><\/div>\n\n\n\n<p class=\"has-small-font-size\">Les motorisations de porte DICTATOR ne sont pas seulement utilis\u00e9es pour des portes \u00ab\u00a0conventionnelles\u00a0\u00bb. Ils peuvent \u00e9galement \u00eatre utilis\u00e9s pour automatiser d\u2019autres types d\u2019\u00e9l\u00e9ments, comme dans le cas de ces brise-soleil coulissants. La difficult\u00e9 particuli\u00e8re de cette application \u00e9tait la taille des \u00e9l\u00e9ments de protection solaire, qui \u00e9taient install\u00e9s \u00e0 l\u2019ext\u00e9rieur de la fa\u00e7ade. La s\u00e9curit\u00e9 \u00e9tait une question cruciale, car les modules de brise-soleil s\u2019\u00e9tendent sur une zone ouverte aux personnes \u00e0 l\u2019extr\u00e9mit\u00e9 inf\u00e9rieure.Mais l\u00e0 aussi, DICTATOR a fourni tous les composants de s\u00e9curit\u00e9 n\u00e9cessaires.<\/p>\n\n\n\n<div class=\"wp-block-uagb-buttons uagb-buttons__outer-wrap uagb-btn__small-btn uagb-btn-tablet__default-btn uagb-btn-mobile__default-btn uagb-block-14267790\"><div class=\"uagb-buttons__wrap uagb-buttons-layout-wrap \">\n<div class=\"wp-block-uagb-buttons-child uagb-buttons__outer-wrap uagb-block-5d06c59e wp-block-button\"><div class=\"uagb-button__wrapper\"><a class=\"uagb-buttons-repeater wp-block-button__link\" aria-label=\"\" href=\"https:\/\/fr.dictator.de\/referenzen\/elements-coulissants-motorises-pour-protection-contre-le-soleil-au-travail\/\" rel=\"follow noopener\" target=\"_blank\" role=\"button\"><div class=\"uagb-button__link\">Lire Plus<\/div><span class=\"uagb-button__icon uagb-button__icon-position-after\"><svg xmlns=\"https:\/\/www.w3.org\/2000\/svg\" viewBox=\"0 0 448 512\" aria-hidden=\"true\" focussable=\"false\"><path d=\"M256 64C256 46.33 270.3 32 288 32H415.1C415.1 32 415.1 32 415.1 32C420.3 32 424.5 32.86 428.2 34.43C431.1 35.98 435.5 38.27 438.6 41.3C438.6 41.35 438.6 41.4 438.7 41.44C444.9 47.66 447.1 55.78 448 63.9C448 63.94 448 63.97 448 64V192C448 209.7 433.7 224 416 224C398.3 224 384 209.7 384 192V141.3L214.6 310.6C202.1 323.1 181.9 323.1 169.4 310.6C156.9 298.1 156.9 277.9 169.4 265.4L338.7 96H288C270.3 96 256 81.67 256 64V64zM0 128C0 92.65 28.65 64 64 64H160C177.7 64 192 78.33 192 96C192 113.7 177.7 128 160 128H64V416H352V320C352 302.3 366.3 288 384 288C401.7 288 416 302.3 416 320V416C416 451.3 387.3 480 352 480H64C28.65 480 0 451.3 0 416V128z\"><\/path><\/svg><\/span><\/a><\/div><\/div>\n<\/div><\/div>\n<\/div>\n\n\n\n<div class=\"wp-block-uagb-container uagb-block-50f933fe default uagb-is-root-container\">\n<div class=\"wp-block-uagb-image aligncenter uagb-block-0fb8ffbb wp-block-uagb-image--layout-default wp-block-uagb-image--effect-static wp-block-uagb-image--align-center\"><figure class=\"wp-block-uagb-image__figure\"><a class=\"\" href=\"https:\/\/fr.dictator.de\/referenzen\/systeme-de-motorisation-controle-portes-doubles-fours-sechage\/\" target=\"_blank\" rel=\"noreferrer noopener\"><img decoding=\"async\" srcset=\"https:\/\/dictator.ca\/wp-content\/uploads\/2024\/07\/Sliding-door-operator-drying-ovens.jpg ,https:\/\/dictator.ca\/wp-content\/uploads\/2024\/07\/Sliding-door-operator-drying-ovens.jpg 780w, https:\/\/dictator.ca\/wp-content\/uploads\/2024\/07\/Sliding-door-operator-drying-ovens.jpg 360w\" sizes=\"auto, (max-width: 480px) 150px\" src=\"https:\/\/dictator.ca\/wp-content\/uploads\/2024\/07\/Sliding-door-operator-drying-ovens.jpg\" alt=\"\" class=\"uag-image-2407\" width=\"300\" height=\"200\" title=\"Sliding-door-operator-drying-ovens\" loading=\"lazy\" role=\"img\"\/><\/a><\/figure><\/div>\n\n\n\n<div class=\"wp-block-uagb-advanced-heading uagb-block-45a34a73\"><h4 class=\"uagb-heading-text\">Solution d\u2019automatisation sur mesure pour les fours de s\u00e9chage dans un atelier de peinture industriel<\/h4><\/div>\n\n\n\n<p class=\"has-small-font-size\">Cet atelier de peinture avait besoin d\u2019une motorisation pour les portes des fours de s\u00e9chage. La fonctionnalit\u00e9 de la motorisation devait \u00eatre adapt\u00e9e exactement aux besoins du client afin que le mouvement de la porte soit parfaitement coordonn\u00e9 avec les processus de l\u2019atelier de peinture. En outre, des niveaux de s\u00e9curit\u00e9 \u00e9lev\u00e9s ont d\u00fb \u00eatre pris en consid\u00e9ration afin d\u2019\u00e9viter les risques pour le personnel. Le syst\u00e8me d\u2019automatisation MultiMove est sp\u00e9cialement con\u00e7u pour les applications complexes. Gr\u00e2ce \u00e0 l\u2019armoire de commande tr\u00e8s polyvalente, il a \u00e9t\u00e9 possible de reprogrammer certaines sp\u00e9cifications lors de son installation. Cela a pu \u00eatre fait facilement directement sur le site.<\/p>\n\n\n\n<div class=\"wp-block-uagb-buttons uagb-buttons__outer-wrap uagb-btn__small-btn uagb-btn-tablet__default-btn uagb-btn-mobile__default-btn uagb-block-a3936cfe\"><div class=\"uagb-buttons__wrap uagb-buttons-layout-wrap \">\n<div class=\"wp-block-uagb-buttons-child uagb-buttons__outer-wrap uagb-block-2896d578 wp-block-button\"><div class=\"uagb-button__wrapper\"><a class=\"uagb-buttons-repeater wp-block-button__link\" aria-label=\"\" href=\"https:\/\/fr.dictator.de\/referenzen\/systeme-de-motorisation-controle-portes-doubles-fours-sechage\/\" rel=\"follow noopener\" target=\"_blank\" role=\"button\"><div class=\"uagb-button__link\">Lire Plus<\/div><span class=\"uagb-button__icon uagb-button__icon-position-after\"><svg xmlns=\"https:\/\/www.w3.org\/2000\/svg\" viewBox=\"0 0 448 512\" aria-hidden=\"true\" focussable=\"false\"><path d=\"M256 64C256 46.33 270.3 32 288 32H415.1C415.1 32 415.1 32 415.1 32C420.3 32 424.5 32.86 428.2 34.43C431.1 35.98 435.5 38.27 438.6 41.3C438.6 41.35 438.6 41.4 438.7 41.44C444.9 47.66 447.1 55.78 448 63.9C448 63.94 448 63.97 448 64V192C448 209.7 433.7 224 416 224C398.3 224 384 209.7 384 192V141.3L214.6 310.6C202.1 323.1 181.9 323.1 169.4 310.6C156.9 298.1 156.9 277.9 169.4 265.4L338.7 96H288C270.3 96 256 81.67 256 64V64zM0 128C0 92.65 28.65 64 64 64H160C177.7 64 192 78.33 192 96C192 113.7 177.7 128 160 128H64V416H352V320C352 302.3 366.3 288 384 288C401.7 288 416 302.3 416 320V416C416 451.3 387.3 480 352 480H64C28.65 480 0 451.3 0 416V128z\"><\/path><\/svg><\/span><\/a><\/div><\/div>\n<\/div><\/div>\n<\/div>\n\n\n\n<div class=\"wp-block-uagb-container uagb-block-7f3d9daf default uagb-is-root-container\">\n<div class=\"wp-block-uagb-image aligncenter uagb-block-4a558dc2 wp-block-uagb-image--layout-default wp-block-uagb-image--effect-static wp-block-uagb-image--align-center\"><figure class=\"wp-block-uagb-image__figure\"><a class=\"\" href=\"https:\/\/fr.dictator.de\/referenzen\/automatisation-grilles-coulissantes-contitions-meteorologiques-extremes-altitude\/\" target=\"_blank\" rel=\"noreferrer noopener\"><img decoding=\"async\" srcset=\"https:\/\/dictator.ca\/wp-content\/uploads\/2024\/07\/Gate-operator-gratings.jpg ,https:\/\/dictator.ca\/wp-content\/uploads\/2024\/07\/Gate-operator-gratings.jpg 780w, https:\/\/dictator.ca\/wp-content\/uploads\/2024\/07\/Gate-operator-gratings.jpg 360w\" sizes=\"auto, (max-width: 480px) 150px\" src=\"https:\/\/dictator.ca\/wp-content\/uploads\/2024\/07\/Gate-operator-gratings.jpg\" alt=\"\" class=\"uag-image-2409\" width=\"300\" height=\"200\" title=\"Gate-operator-gratings\" loading=\"lazy\" role=\"img\"\/><\/a><\/figure><\/div>\n\n\n\n<div class=\"wp-block-uagb-advanced-heading uagb-block-e80ad500\"><h4 class=\"uagb-heading-text\">Automatisation des grilles coulissantes par temps extr\u00eame \u00e0 3275 m d\u2019altitude<\/h4><\/div>\n\n\n\n<p class=\"has-small-font-size\">Sur la plate-forme du funiculaire, \u00e0 3 275 m\u00e8tres d\u2019altitude, une motorisation ouvre la grille coulissante. Cela se produit chaque fois que les portes du t\u00e9l\u00e9ph\u00e9rique s\u2019ouvrent. Cependant, cela signifie que si le portail coulissant de la plate-forme ne fonctionne pas, rien ne fonctionne. Cette fonctionnalit\u00e9 et les conditions ext\u00e9rieures extr\u00eames posent un d\u00e9fi difficile pour toute motorisation. Une version sp\u00e9ciale pour l\u2019ext\u00e9rieur a \u00e9t\u00e9 sp\u00e9cialement d\u00e9velopp\u00e9e pour cette application.<\/p>\n\n\n\n<div class=\"wp-block-uagb-buttons uagb-buttons__outer-wrap uagb-btn__small-btn uagb-btn-tablet__default-btn uagb-btn-mobile__default-btn uagb-block-c0235516\"><div class=\"uagb-buttons__wrap uagb-buttons-layout-wrap \">\n<div class=\"wp-block-uagb-buttons-child uagb-buttons__outer-wrap uagb-block-1177ab5c wp-block-button\"><div class=\"uagb-button__wrapper\"><a class=\"uagb-buttons-repeater wp-block-button__link\" aria-label=\"\" href=\"https:\/\/fr.dictator.de\/referenzen\/automatisation-grilles-coulissantes-contitions-meteorologiques-extremes-altitude\/\" rel=\"follow noopener\" target=\"_blank\" role=\"button\"><div class=\"uagb-button__link\">Lire Plus<\/div><span class=\"uagb-button__icon uagb-button__icon-position-after\"><svg xmlns=\"https:\/\/www.w3.org\/2000\/svg\" viewBox=\"0 0 448 512\" aria-hidden=\"true\" focussable=\"false\"><path d=\"M256 64C256 46.33 270.3 32 288 32H415.1C415.1 32 415.1 32 415.1 32C420.3 32 424.5 32.86 428.2 34.43C431.1 35.98 435.5 38.27 438.6 41.3C438.6 41.35 438.6 41.4 438.7 41.44C444.9 47.66 447.1 55.78 448 63.9C448 63.94 448 63.97 448 64V192C448 209.7 433.7 224 416 224C398.3 224 384 209.7 384 192V141.3L214.6 310.6C202.1 323.1 181.9 323.1 169.4 310.6C156.9 298.1 156.9 277.9 169.4 265.4L338.7 96H288C270.3 96 256 81.67 256 64V64zM0 128C0 92.65 28.65 64 64 64H160C177.7 64 192 78.33 192 96C192 113.7 177.7 128 160 128H64V416H352V320C352 302.3 366.3 288 384 288C401.7 288 416 302.3 416 320V416C416 451.3 387.3 480 352 480H64C28.65 480 0 451.3 0 416V128z\"><\/path><\/svg><\/span><\/a><\/div><\/div>\n<\/div><\/div>\n<\/div>\n<\/div><\/div>\n<\/div><\/div>\n<\/div><\/div>\n","protected":false},"excerpt":{"rendered":"","protected":false},"author":2,"featured_media":0,"parent":2677,"menu_order":0,"comment_status":"closed","ping_status":"closed","template":"","meta":{"_acf_changed":false,"_uag_custom_page_level_css":"","_genesis_hide_title":true,"_genesis_hide_breadcrumbs":false,"_genesis_hide_singular_image":false,"_genesis_hide_footer_widgets":false,"_genesis_custom_body_class":"","_genesis_custom_post_class":"","_genesis_layout":"","footnotes":""},"class_list":{"0":"post-2692","1":"page","2":"type-page","3":"status-publish","5":"entry"},"acf":[],"featured_image_src":null,"featured_image_src_square":null,"uagb_featured_image_src":{"full":false,"thumbnail":false,"medium":false,"medium_large":false,"large":false,"1536x1536":false,"2048x2048":false,"sidebar-featured":false,"genesis-singular-images":false,"gb-block-post-grid-landscape":false,"gb-block-post-grid-square":false},"uagb_author_info":{"display_name":"Verena W.","author_link":"https:\/\/dictator.ca\/fr\/author\/v-weilermann\/"},"uagb_comment_info":0,"uagb_excerpt":null,"_links":{"self":[{"href":"https:\/\/dictator.ca\/fr\/wp-json\/wp\/v2\/pages\/2692","targetHints":{"allow":["GET"]}}],"collection":[{"href":"https:\/\/dictator.ca\/fr\/wp-json\/wp\/v2\/pages"}],"about":[{"href":"https:\/\/dictator.ca\/fr\/wp-json\/wp\/v2\/types\/page"}],"author":[{"embeddable":true,"href":"https:\/\/dictator.ca\/fr\/wp-json\/wp\/v2\/users\/2"}],"replies":[{"embeddable":true,"href":"https:\/\/dictator.ca\/fr\/wp-json\/wp\/v2\/comments?post=2692"}],"version-history":[{"count":7,"href":"https:\/\/dictator.ca\/fr\/wp-json\/wp\/v2\/pages\/2692\/revisions"}],"predecessor-version":[{"id":4132,"href":"https:\/\/dictator.ca\/fr\/wp-json\/wp\/v2\/pages\/2692\/revisions\/4132"}],"up":[{"embeddable":true,"href":"https:\/\/dictator.ca\/fr\/wp-json\/wp\/v2\/pages\/2677"}],"wp:attachment":[{"href":"https:\/\/dictator.ca\/fr\/wp-json\/wp\/v2\/media?parent=2692"}],"curies":[{"name":"wp","href":"https:\/\/api.w.org\/{rel}","templated":true}]}}