{"id":2675,"date":"2023-12-13T12:12:46","date_gmt":"2023-12-13T11:12:46","guid":{"rendered":"https:\/\/dictator.ca\/?page_id=2675"},"modified":"2024-09-05T08:05:01","modified_gmt":"2024-09-05T06:05:01","slug":"a-propos-de-nous","status":"publish","type":"page","link":"https:\/\/dictator.ca\/fr\/a-propos-de-nous\/","title":{"rendered":"\u00c0 propos de nous"},"content":{"rendered":"\n<div class=\"wp-block-genesis-blocks-gb-columns gb-layout-columns-1 one-column\"><div class=\"gb-layout-column-wrap gb-block-layout-column-gap-2 gb-is-responsive-column\">\n<div class=\"wp-block-genesis-blocks-gb-column gb-block-layout-column\"><div class=\"gb-block-layout-column-inner\">\n<div class=\"wp-block-genesis-blocks-gb-columns gb-layout-columns-2 gb-2-col-wideleft\"><div class=\"gb-layout-column-wrap gb-block-layout-column-gap-2 gb-is-responsive-column\">\n<div class=\"wp-block-genesis-blocks-gb-column gb-block-layout-column\"><div class=\"gb-block-layout-column-inner\">\n<h2 class=\"wp-block-heading has-large-font-size\">\u00c0 propos d&rsquo;Eklecmatic Inc.<\/h2>\n\n\n\n<p>La soci\u00e9t\u00e9 Eklecmatic Inc. est le distributeur exclusif des produits DICTATOR au Canada. Eklecmatic Inc. est une petite entreprise situ\u00e9e pr\u00e8s de Toronto, dirig\u00e9e par Deven &amp; Manessia Sungelee. En 2018, Deven et sa femme ont fond\u00e9 l&rsquo;entreprise dans le but d&rsquo;aider les petites et moyennes entreprises \u00e0 s&rsquo;approvisionner en pi\u00e8ces \u00e9lectriques, en composants \u00e9lectroniques, entre autres pour les motorisations et les pi\u00e8ces d&rsquo;ascenseur en provenance d&rsquo;Europe.\u00a0Deven est Technologue en ing\u00e9nierie certifi\u00e9 et \u00c9lectricien industriel.<\/p>\n\n\n\n<p class=\"has-small-font-size\">Comme pour tous les autres partenaires et membres du Groupe DICTATOR, un service client personnalis\u00e9 est un aspect cl\u00e9 de notre activit\u00e9. Ainsi Eklecmatic Inc. travaillera en \u00e9troite collaboration avec tous les clients au Canada pour vous assister dans tous vos projets.<\/p>\n\n\n\n<div class=\"wp-block-uagb-buttons uagb-buttons__outer-wrap uagb-btn__small-btn uagb-btn-tablet__default-btn uagb-btn-mobile__default-btn uagb-block-39eb0c0e\"><div class=\"uagb-buttons__wrap uagb-buttons-layout-wrap \">\n<div class=\"wp-block-uagb-buttons-child uagb-buttons__outer-wrap uagb-block-d206b251 wp-block-button\"><div class=\"uagb-button__wrapper\"><a class=\"uagb-buttons-repeater wp-block-button__link\" aria-label=\"\" href=\"https:\/\/dictator.ca\/fr\/contact\/\" rel=\"follow noopener\" target=\"_self\" role=\"button\"><div class=\"uagb-button__link\">Contactez-nous<\/div><span class=\"uagb-button__icon uagb-button__icon-position-after\"><svg xmlns=\"https:\/\/www.w3.org\/2000\/svg\" viewBox=\"0 0 448 512\" aria-hidden=\"true\" focussable=\"false\"><path d=\"M438.6 278.6l-160 160C272.4 444.9 264.2 448 256 448s-16.38-3.125-22.62-9.375c-12.5-12.5-12.5-32.75 0-45.25L338.8 288H32C14.33 288 .0016 273.7 .0016 256S14.33 224 32 224h306.8l-105.4-105.4c-12.5-12.5-12.5-32.75 0-45.25s32.75-12.5 45.25 0l160 160C451.1 245.9 451.1 266.1 438.6 278.6z\"><\/path><\/svg><\/span><\/a><\/div><\/div>\n<\/div><\/div>\n<\/div><\/div>\n\n\n\n<div class=\"wp-block-genesis-blocks-gb-column gb-block-layout-column\"><div class=\"gb-block-layout-column-inner\">\n<div class=\"wp-block-uagb-image uagb-block-b2626f3d wp-block-uagb-image--layout-default wp-block-uagb-image--effect-static wp-block-uagb-image--align-none\"><figure class=\"wp-block-uagb-image__figure\"><img decoding=\"async\" srcset=\"https:\/\/dictator.ca\/wp-content\/uploads\/2024\/07\/Eklecmatic-Logo-web-1.jpg ,https:\/\/dictator.ca\/wp-content\/uploads\/2024\/07\/Eklecmatic-Logo-web-1.jpg 780w, https:\/\/dictator.ca\/wp-content\/uploads\/2024\/07\/Eklecmatic-Logo-web-1.jpg 360w\" sizes=\"auto, (max-width: 480px) 150px\" src=\"https:\/\/dictator.ca\/wp-content\/uploads\/2024\/07\/Eklecmatic-Logo-web-1.jpg\" alt=\"DICTATOR Canada &amp; Eklecmatic\" class=\"uag-image-2637\" width=\"600\" height=\"186\" title=\"Eklecmatic-Logo-web\" loading=\"lazy\" role=\"img\"\/><\/figure><\/div>\n\n\n\n<div class=\"wp-block-uagb-image uagb-block-7ff89f69 wp-block-uagb-image--layout-default wp-block-uagb-image--effect-static wp-block-uagb-image--align-none\"><figure class=\"wp-block-uagb-image__figure\"><img decoding=\"async\" srcset=\"https:\/\/dictator.ca\/wp-content\/uploads\/2024\/07\/Canada-map-eklecmatic-1.jpg ,https:\/\/dictator.ca\/wp-content\/uploads\/2024\/07\/Canada-map-eklecmatic-1.jpg 780w, https:\/\/dictator.ca\/wp-content\/uploads\/2024\/07\/Canada-map-eklecmatic-1.jpg 360w\" sizes=\"auto, (max-width: 480px) 150px\" src=\"https:\/\/dictator.ca\/wp-content\/uploads\/2024\/07\/Canada-map-eklecmatic-1.jpg\" alt=\"DICTATOR au Canada\" class=\"uag-image-2635\" width=\"384\" height=\"339\" title=\"Canada-map-eklecmatic\" loading=\"lazy\" role=\"img\"\/><\/figure><\/div>\n<\/div><\/div>\n<\/div><\/div>\n\n\n\n<div class=\"wp-block-genesis-blocks-gb-columns gb-layout-columns-2 gb-2-col-wideleft\"><div class=\"gb-layout-column-wrap gb-block-layout-column-gap-2 gb-is-responsive-column\">\n<div class=\"wp-block-genesis-blocks-gb-column gb-block-layout-column\"><div class=\"gb-block-layout-column-inner\">\n<h2 class=\"wp-block-heading has-large-font-size\">\u00c0 propos de DICTATOR : Qualit\u00e9 et exp\u00e9rience depuis 1932<\/h2>\n\n\n\n<p class=\"has-small-font-size\">DICTATOR est une entreprise familiale de taille moyenne dont le si\u00e8ge social se trouve \u00e0 Neusaess pr\u00e8s d&rsquo;Augsbourg, en Allemagne, et qui poss\u00e8de plusieurs sites de production en Europe occidentale. Notre large gamme de produits offre d&rsquo;innombrables possibilit\u00e9s pour le mouvement contr\u00f4l\u00e9 de portes, portails, fen\u00eatres, volets et autres.<\/p>\n\n\n\n<ul class=\"wp-block-list\">\n<li class=\"has-small-font-size\">Si\u00e8ge social : Neusaess pr\u00e8s d&rsquo;Augsbourg, Allemagne<\/li>\n\n\n\n<li class=\"has-small-font-size\">Fond\u00e9e en 1932<\/li>\n\n\n\n<li class=\"has-small-font-size\">Entreprise familiale depuis 1971<\/li>\n\n\n\n<li class=\"has-small-font-size\">Bureaux de vente dans 22 pays<\/li>\n\n\n\n<li class=\"has-small-font-size\">130 employ\u00e9s dans le monde<\/li>\n\n\n\n<li class=\"has-small-font-size\">Sites de production en Europe occidentale : Allemagne, Pays-Bas, Espagne et Angleterre<\/li>\n\n\n\n<li class=\"has-small-font-size\">Gamme de produits : Ascenseurs, ferme-portes et accessoires, syst\u00e8mes sas, motorisations pour portes et portails, motorisations pour portes coupe-feu, \u00e9quipement pour portes coupe-feu, ressorts \u00e0 gaz et amortisseurs hydrauliques.<\/li>\n<\/ul>\n<\/div><\/div>\n\n\n\n<div class=\"wp-block-genesis-blocks-gb-column gb-block-layout-column\"><div class=\"gb-block-layout-column-inner\">\n<div class=\"wp-block-uagb-image uagb-block-2b1c86b2 wp-block-uagb-image--layout-default wp-block-uagb-image--effect-static wp-block-uagb-image--align-none\"><figure class=\"wp-block-uagb-image__figure\"><img decoding=\"async\" srcset=\"https:\/\/dictator.ca\/wp-content\/uploads\/2024\/07\/DICTATOR-Car-1932.jpg ,https:\/\/dictator.ca\/wp-content\/uploads\/2024\/07\/DICTATOR-Car-1932.jpg 780w, https:\/\/dictator.ca\/wp-content\/uploads\/2024\/07\/DICTATOR-Car-1932.jpg 360w\" sizes=\"auto, (max-width: 480px) 150px\" src=\"https:\/\/dictator.ca\/wp-content\/uploads\/2024\/07\/DICTATOR-Car-1932.jpg\" alt=\"\" class=\"uag-image-2639\" width=\"600\" height=\"542\" title=\"DICTATOR-Car-1932\" loading=\"lazy\" role=\"img\"\/><\/figure><\/div>\n<\/div><\/div>\n<\/div><\/div>\n\n\n\n<div class=\"wp-block-genesis-blocks-gb-columns gb-layout-columns-4 gb-4-col-equal\"><div class=\"gb-layout-column-wrap gb-block-layout-column-gap-2 gb-is-responsive-column\">\n<div class=\"wp-block-genesis-blocks-gb-column gb-block-layout-column\"><div class=\"gb-block-layout-column-inner\">\n<div class=\"wp-block-uagb-image uagb-block-0e6edb34 wp-block-uagb-image--layout-default wp-block-uagb-image--effect-static wp-block-uagb-image--align-none\"><figure class=\"wp-block-uagb-image__figure\"><img decoding=\"async\" srcset=\"https:\/\/dictator.ca\/wp-content\/uploads\/2024\/07\/Company-building-DICTATOR-headquarters.jpg ,https:\/\/dictator.ca\/wp-content\/uploads\/2024\/07\/Company-building-DICTATOR-headquarters.jpg 780w, https:\/\/dictator.ca\/wp-content\/uploads\/2024\/07\/Company-building-DICTATOR-headquarters.jpg 360w\" sizes=\"auto, (max-width: 480px) 150px\" src=\"https:\/\/dictator.ca\/wp-content\/uploads\/2024\/07\/Company-building-DICTATOR-headquarters.jpg\" alt=\"\" class=\"uag-image-2641\" width=\"600\" height=\"450\" title=\"Company-building-DICTATOR-headquarters\" loading=\"lazy\" role=\"img\"\/><\/figure><\/div>\n<\/div><\/div>\n\n\n\n<div class=\"wp-block-genesis-blocks-gb-column gb-block-layout-column\"><div class=\"gb-block-layout-column-inner\">\n<h3 class=\"wp-block-heading has-medium-font-size\">Philosophie de l&rsquo;entreprise<\/h3>\n\n\n\n<p class=\"has-small-font-size\"><strong>La famille DICTATOR : Nous sommes l\u00e0 pour vous aider !<\/strong><br>Malgr\u00e9 tous les progr\u00e8s technologiques, les personnes sont toujours au c\u0153ur de notre entreprise. Ils sont la cl\u00e9 de notre succ\u00e8s, car ce n&rsquo;est qu&rsquo;en travaillant ensemble avec nos clients que nous pouvons trouver la meilleure solution pour chaque exigence.<\/p>\n<\/div><\/div>\n\n\n\n<div class=\"wp-block-genesis-blocks-gb-column gb-block-layout-column\"><div class=\"gb-block-layout-column-inner\">\n<div class=\"wp-block-uagb-image uagb-block-10c7f306 wp-block-uagb-image--layout-default wp-block-uagb-image--effect-static wp-block-uagb-image--align-none\"><figure class=\"wp-block-uagb-image__figure\"><img decoding=\"async\" srcset=\"https:\/\/dictator.ca\/wp-content\/uploads\/2024\/07\/DICTATOR-global-map.jpg ,https:\/\/dictator.ca\/wp-content\/uploads\/2024\/07\/DICTATOR-global-map.jpg 780w, https:\/\/dictator.ca\/wp-content\/uploads\/2024\/07\/DICTATOR-global-map.jpg 360w\" sizes=\"auto, (max-width: 480px) 150px\" src=\"https:\/\/dictator.ca\/wp-content\/uploads\/2024\/07\/DICTATOR-global-map.jpg\" alt=\"\" class=\"uag-image-2643\" width=\"900\" height=\"493\" title=\"DICTATOR-global-map\" loading=\"lazy\" role=\"img\"\/><\/figure><\/div>\n<\/div><\/div>\n\n\n\n<div class=\"wp-block-genesis-blocks-gb-column gb-block-layout-column\"><div class=\"gb-block-layout-column-inner\">\n<h3 class=\"wp-block-heading has-medium-font-size\">DICTATOR international<\/h3>\n\n\n\n<p class=\"has-small-font-size\">La coop\u00e9ration internationale au sein du groupe DICTATOR est \u00e9galement tr\u00e8s importante. Nous organisons r\u00e9guli\u00e8rement des r\u00e9unions pour favoriser les \u00e9changes et la coop\u00e9ration au sein du groupe et contribuer ainsi \u00e0 la croissance commune de l&rsquo;entreprise.<\/p>\n<\/div><\/div>\n<\/div><\/div>\n\n\n\n<div class=\"wp-block-genesis-blocks-gb-columns gb-layout-columns-1 one-column\"><div class=\"gb-layout-column-wrap gb-block-layout-column-gap-2 gb-is-responsive-column\">\n<div class=\"wp-block-genesis-blocks-gb-column gb-block-layout-column\"><div class=\"gb-block-layout-column-inner\">\n<h3 class=\"wp-block-heading\">Notre service \u00e0 DICTATOR au Canada<\/h3>\n\n\n\n<h3 class=\"wp-block-heading has-small-font-size\">Nous nous engageons \u00e0 fournir \u00e0 nos clients la solution id\u00e9ale pour leurs besoins individuels, qu&rsquo;il s&rsquo;agisse d&rsquo;un simple ressort \u00e0 gaz ou d&rsquo;une solution d&rsquo;automatisation tr\u00e8s complexe. Nous aimons sortir des sentiers battus et laisser libre cours \u00e0 notre imagination jusqu&rsquo;\u00e0 ce que nous trouvions la solution parfaite. Bien entendu, cela ne va de pair qu&rsquo;avec un savoir-faire expert, une vaste exp\u00e9rience et des processus clairement structur\u00e9s.<\/h3>\n<\/div><\/div>\n<\/div><\/div>\n\n\n\n<div class=\"wp-block-genesis-blocks-gb-columns gb-layout-columns-4 gb-4-col-equal\"><div class=\"gb-layout-column-wrap gb-block-layout-column-gap-2 gb-is-responsive-column\">\n<div class=\"wp-block-genesis-blocks-gb-column gb-block-layout-column\"><div class=\"gb-block-layout-column-inner\">\n<div class=\"wp-block-uagb-image aligncenter uagb-block-bf2ad186 wp-block-uagb-image--layout-default wp-block-uagb-image--effect-static wp-block-uagb-image--align-center\"><figure class=\"wp-block-uagb-image__figure\"><img decoding=\"async\" srcset=\"https:\/\/dictator.ca\/wp-content\/uploads\/2024\/07\/Icon-advice-1.png ,https:\/\/dictator.ca\/wp-content\/uploads\/2024\/07\/Icon-advice-1.png 780w, https:\/\/dictator.ca\/wp-content\/uploads\/2024\/07\/Icon-advice-1.png 360w\" sizes=\"auto, (max-width: 480px) 150px\" src=\"https:\/\/dictator.ca\/wp-content\/uploads\/2024\/07\/Icon-advice-1.png\" alt=\"\" class=\"uag-image-2655\" width=\"50\" height=\"50\" title=\"Icon-advice\" loading=\"lazy\" role=\"img\"\/><\/figure><\/div>\n\n\n\n<p class=\"has-text-align-center has-small-font-size\"><strong>Conseil individuel<br><\/strong>un service cl\u00e9 inclus avec nos produits<\/p>\n<\/div><\/div>\n\n\n\n<div class=\"wp-block-genesis-blocks-gb-column gb-block-layout-column\"><div class=\"gb-block-layout-column-inner\">\n<div class=\"wp-block-uagb-image aligncenter uagb-block-69b45d88 wp-block-uagb-image--layout-default wp-block-uagb-image--effect-static wp-block-uagb-image--align-center\"><figure class=\"wp-block-uagb-image__figure\"><img decoding=\"async\" srcset=\"https:\/\/dictator.ca\/wp-content\/uploads\/2024\/07\/Icon-custom-solutions-1.png ,https:\/\/dictator.ca\/wp-content\/uploads\/2024\/07\/Icon-custom-solutions-1.png 780w, https:\/\/dictator.ca\/wp-content\/uploads\/2024\/07\/Icon-custom-solutions-1.png 360w\" sizes=\"auto, (max-width: 480px) 150px\" src=\"https:\/\/dictator.ca\/wp-content\/uploads\/2024\/07\/Icon-custom-solutions-1.png\" alt=\"\" class=\"uag-image-2657\" width=\"45\" height=\"45\" title=\"Icon-custom-solutions\" loading=\"lazy\" role=\"img\"\/><\/figure><\/div>\n\n\n\n<p class=\"has-text-align-center has-small-font-size\"><strong>Les solutions sp\u00e9ciales sont notre standard<br><\/strong>Solutions sur mesure et solutions de syst\u00e8mes complexes<\/p>\n<\/div><\/div>\n\n\n\n<div class=\"wp-block-genesis-blocks-gb-column gb-block-layout-column\"><div class=\"gb-block-layout-column-inner\">\n<div class=\"wp-block-uagb-image aligncenter uagb-block-4c6f042b wp-block-uagb-image--layout-default wp-block-uagb-image--effect-static wp-block-uagb-image--align-center\"><figure class=\"wp-block-uagb-image__figure\"><img decoding=\"async\" srcset=\"https:\/\/dictator.ca\/wp-content\/uploads\/2024\/07\/Icon-business-partner-1.png ,https:\/\/dictator.ca\/wp-content\/uploads\/2024\/07\/Icon-business-partner-1.png 780w, https:\/\/dictator.ca\/wp-content\/uploads\/2024\/07\/Icon-business-partner-1.png 360w\" sizes=\"auto, (max-width: 480px) 150px\" src=\"https:\/\/dictator.ca\/wp-content\/uploads\/2024\/07\/Icon-business-partner-1.png\" alt=\"\" class=\"uag-image-2659\" width=\"45\" height=\"45\" title=\"Icon-business-partner\" loading=\"lazy\" role=\"img\"\/><\/figure><\/div>\n\n\n\n<p class=\"has-text-align-center has-small-font-size\"><strong>Votre partenaire fiable<br><\/strong>depuis la planification jusqu&rsquo;apr\u00e8s l&rsquo;achat<\/p>\n<\/div><\/div>\n\n\n\n<div class=\"wp-block-genesis-blocks-gb-column gb-block-layout-column\"><div class=\"gb-block-layout-column-inner\">\n<div class=\"wp-block-uagb-image aligncenter uagb-block-d64a94e0 wp-block-uagb-image--layout-default wp-block-uagb-image--effect-static wp-block-uagb-image--align-center\"><figure class=\"wp-block-uagb-image__figure\"><img decoding=\"async\" srcset=\"https:\/\/dictator.ca\/wp-content\/uploads\/2024\/07\/Icon-experience.png ,https:\/\/dictator.ca\/wp-content\/uploads\/2024\/07\/Icon-experience.png 780w, https:\/\/dictator.ca\/wp-content\/uploads\/2024\/07\/Icon-experience.png 360w\" sizes=\"auto, (max-width: 480px) 150px\" src=\"https:\/\/dictator.ca\/wp-content\/uploads\/2024\/07\/Icon-experience.png\" alt=\"\" class=\"uag-image-2661\" width=\"45\" height=\"45\" title=\"Icon-experience\" loading=\"lazy\" role=\"img\"\/><\/figure><\/div>\n\n\n\n<p class=\"has-text-align-center has-small-font-size\"><strong>Nombreuses ann\u00e9es d&rsquo;exp\u00e9rience<br><\/strong>dans le d\u00e9veloppement de solutions pour portes et portails<\/p>\n<\/div><\/div>\n<\/div><\/div>\n<\/div><\/div>\n<\/div><\/div>\n","protected":false},"excerpt":{"rendered":"","protected":false},"author":3,"featured_media":2636,"parent":0,"menu_order":0,"comment_status":"closed","ping_status":"closed","template":"","meta":{"_acf_changed":false,"_uag_custom_page_level_css":"","_genesis_hide_title":true,"_genesis_hide_breadcrumbs":false,"_genesis_hide_singular_image":false,"_genesis_hide_footer_widgets":false,"_genesis_custom_body_class":"","_genesis_custom_post_class":"","_genesis_layout":"","footnotes":""},"class_list":{"0":"post-2675","1":"page","2":"type-page","3":"status-publish","4":"has-post-thumbnail","6":"entry"},"acf":[],"featured_image_src":"https:\/\/dictator.ca\/wp-content\/uploads\/2024\/07\/Canada-map-eklecmatic-1.jpg","featured_image_src_square":"https:\/\/dictator.ca\/wp-content\/uploads\/2024\/07\/Canada-map-eklecmatic-1.jpg","uagb_featured_image_src":{"full":["https:\/\/dictator.ca\/wp-content\/uploads\/2024\/07\/Canada-map-eklecmatic-1.jpg",400,354,false],"thumbnail":["https:\/\/dictator.ca\/wp-content\/uploads\/2024\/07\/Canada-map-eklecmatic-1-150x150.jpg",150,150,true],"medium":["https:\/\/dictator.ca\/wp-content\/uploads\/2024\/07\/Canada-map-eklecmatic-1-300x266.jpg",300,266,true],"medium_large":["https:\/\/dictator.ca\/wp-content\/uploads\/2024\/07\/Canada-map-eklecmatic-1.jpg",400,354,false],"large":["https:\/\/dictator.ca\/wp-content\/uploads\/2024\/07\/Canada-map-eklecmatic-1.jpg",400,354,false],"1536x1536":["https:\/\/dictator.ca\/wp-content\/uploads\/2024\/07\/Canada-map-eklecmatic-1.jpg",400,354,false],"2048x2048":["https:\/\/dictator.ca\/wp-content\/uploads\/2024\/07\/Canada-map-eklecmatic-1.jpg",400,354,false],"sidebar-featured":["https:\/\/dictator.ca\/wp-content\/uploads\/2024\/07\/Canada-map-eklecmatic-1-75x75.jpg",75,75,true],"genesis-singular-images":["https:\/\/dictator.ca\/wp-content\/uploads\/2024\/07\/Canada-map-eklecmatic-1.jpg",400,354,false],"gb-block-post-grid-landscape":["https:\/\/dictator.ca\/wp-content\/uploads\/2024\/07\/Canada-map-eklecmatic-1.jpg",400,354,false],"gb-block-post-grid-square":["https:\/\/dictator.ca\/wp-content\/uploads\/2024\/07\/Canada-map-eklecmatic-1.jpg",400,354,false]},"uagb_author_info":{"display_name":"Tanja L.","author_link":"https:\/\/dictator.ca\/fr\/author\/t-lang\/"},"uagb_comment_info":0,"uagb_excerpt":null,"_links":{"self":[{"href":"https:\/\/dictator.ca\/fr\/wp-json\/wp\/v2\/pages\/2675","targetHints":{"allow":["GET"]}}],"collection":[{"href":"https:\/\/dictator.ca\/fr\/wp-json\/wp\/v2\/pages"}],"about":[{"href":"https:\/\/dictator.ca\/fr\/wp-json\/wp\/v2\/types\/page"}],"author":[{"embeddable":true,"href":"https:\/\/dictator.ca\/fr\/wp-json\/wp\/v2\/users\/3"}],"replies":[{"embeddable":true,"href":"https:\/\/dictator.ca\/fr\/wp-json\/wp\/v2\/comments?post=2675"}],"version-history":[{"count":7,"href":"https:\/\/dictator.ca\/fr\/wp-json\/wp\/v2\/pages\/2675\/revisions"}],"predecessor-version":[{"id":3561,"href":"https:\/\/dictator.ca\/fr\/wp-json\/wp\/v2\/pages\/2675\/revisions\/3561"}],"wp:featuredmedia":[{"embeddable":true,"href":"https:\/\/dictator.ca\/fr\/wp-json\/wp\/v2\/media\/2636"}],"wp:attachment":[{"href":"https:\/\/dictator.ca\/fr\/wp-json\/wp\/v2\/media?parent=2675"}],"curies":[{"name":"wp","href":"https:\/\/api.w.org\/{rel}","templated":true}]}}